{"id":24095,"date":"2019-01-24T12:14:10","date_gmt":"2019-01-24T10:14:10","guid":{"rendered":"https:\/\/editura-unibuc.ro\/?post_type=product&#038;p=24095"},"modified":"2023-11-28T13:41:21","modified_gmt":"2023-11-28T11:41:21","slug":"revista-cercurilor-studentesti-ale-departamentului-de-limba-si-literatura-franceza-7-2018","status":"publish","type":"product","link":"https:\/\/editura-unibuc.ro\/en\/revista-cercurilor-studentesti-ale-departamentului-de-limba-si-literatura-franceza-7-2018\/","title":{"rendered":"REVISTA CERCURILOR STUDEN\u0162E\u015eTI ALE DEPARTAMENTULUI DE LIMBA \u015eI LITERATURA FRANCEZ\u0102, 7\/2018"},"content":{"rendered":"<p>Revista este o publica\u021bie a <em>Departamentul de limba \u015fi literatura francez\u0103<\/em>, din cadrul Facult\u0103\u021bii de limbi \u015fi literaturi str\u0103ine a Universit\u0103\u021bii din Bucure\u015fti \u0219i reune\u015fte cele mai bune articole rezultate din interven\u0163iile studen\u0163ilor \u00een cadrul Cercurilor <em>Contrastivitate, traducere specializat\u0103, terminologie<\/em>, coordonat de lect. dr. Anca-Marina Velicu \u0219i lect. dr. Lucia Vi\u0219inescu, respectiv <em>Literatura extremului contemporan: Premiul Goncourt. Alegerea studen\u021bilor rom\u00e2ni<\/em>, coordonat de prof. dr. Lidia Cotea.<\/p>\n","protected":false},"excerpt":{"rendered":"<p>Revista este o publica\u021bie a Departamentul de limba \u015fi literatura francez\u0103, din cadrul Facult\u0103\u021bii de limbi \u015fi literaturi str\u0103ine a Universit\u0103\u021bii din Bucure\u015fti \u0219i reune\u015fte cele mai bune articole rezultate din interven\u0163iile studen\u0163ilor \u00een cadrul Cercurilor Contrastivitate, traducere specializat\u0103, terminologie, coordonat de lect. dr. Anca-Marina Velicu \u0219i lect. dr. Lucia Vi\u0219inescu, respectiv Literatura extremului contemporan: [&hellip;]<\/p>\n","protected":false},"featured_media":24096,"comment_status":"open","ping_status":"closed","template":"","meta":[],"product_brand":[],"product_cat":[3944,1464,977,1469,1893],"product_tag":[2002],"class_list":{"0":"post-24095","1":"product","2":"type-product","3":"status-publish","4":"has-post-thumbnail","6":"product_cat-revista-cercurilor-studentesti-limba-si-literatura-franceza","7":"product_cat-filologie","8":"product_cat-limba-franceza","9":"product_cat-periodice","10":"product_cat-reviste-academice","11":"product_tag-limba-si-literatura-franceza","13":"first","14":"outofstock","15":"shipping-taxable","16":"purchasable","17":"product-type-simple"},"_links":{"self":[{"href":"https:\/\/editura-unibuc.ro\/en\/wp-json\/wp\/v2\/product\/24095","targetHints":{"allow":["GET"]}}],"collection":[{"href":"https:\/\/editura-unibuc.ro\/en\/wp-json\/wp\/v2\/product"}],"about":[{"href":"https:\/\/editura-unibuc.ro\/en\/wp-json\/wp\/v2\/types\/product"}],"replies":[{"embeddable":true,"href":"https:\/\/editura-unibuc.ro\/en\/wp-json\/wp\/v2\/comments?post=24095"}],"wp:featuredmedia":[{"embeddable":true,"href":"https:\/\/editura-unibuc.ro\/en\/wp-json\/wp\/v2\/media\/24096"}],"wp:attachment":[{"href":"https:\/\/editura-unibuc.ro\/en\/wp-json\/wp\/v2\/media?parent=24095"}],"wp:term":[{"taxonomy":"product_brand","embeddable":true,"href":"https:\/\/editura-unibuc.ro\/en\/wp-json\/wp\/v2\/product_brand?post=24095"},{"taxonomy":"product_cat","embeddable":true,"href":"https:\/\/editura-unibuc.ro\/en\/wp-json\/wp\/v2\/product_cat?post=24095"},{"taxonomy":"product_tag","embeddable":true,"href":"https:\/\/editura-unibuc.ro\/en\/wp-json\/wp\/v2\/product_tag?post=24095"}],"curies":[{"name":"wp","href":"https:\/\/api.w.org\/{rel}","templated":true}]}}