{"id":24097,"date":"2019-01-24T12:42:40","date_gmt":"2019-01-24T10:42:40","guid":{"rendered":"https:\/\/editura-unibuc.ro\/?post_type=product&#038;p=24097"},"modified":"2019-11-06T12:20:02","modified_gmt":"2019-11-06T10:20:02","slug":"discursul-parlamentar-romanesc-1866-1938-o-perspectiva-pragma-retorica","status":"publish","type":"product","link":"https:\/\/editura-unibuc.ro\/en\/discursul-parlamentar-romanesc-1866-1938-o-perspectiva-pragma-retorica\/","title":{"rendered":"DISCURSUL PARLAMENTAR ROM\u00c2NESC (1866-1938): O PERSPECTIV\u0102 PRAGMA-RETORIC\u0102"},"content":{"rendered":"<p>Studiile reunite \u00een volumul de fa\u021b\u0103 descriu \u0219i analizeaz\u0103 c\u00e2teva tr\u0103s\u0103turi, structuri \u0219i strategii comunicative caracteristice discursului parlamentar rom\u00e2nesc din perioada 1866-1938.<\/p>\n","protected":false},"excerpt":{"rendered":"<p>Studiile reunite \u00een volumul de fa\u021b\u0103 descriu \u0219i analizeaz\u0103 c\u00e2teva tr\u0103s\u0103turi, structuri \u0219i strategii comunicative caracteristice discursului parlamentar rom\u00e2nesc din perioada 1866-1938.<\/p>\n","protected":false},"featured_media":24098,"comment_status":"open","ping_status":"closed","template":"","meta":[],"product_brand":[],"product_cat":[1531,2756,1464,979],"product_tag":[3198,1120,3199],"class_list":{"0":"post-24097","1":"product","2":"type-product","3":"status-publish","4":"has-post-thumbnail","6":"product_cat-colectii","7":"product_cat-lingvistica-lingua","8":"product_cat-filologie","9":"product_cat-limba-romana","10":"product_tag-discurs-parlamentar","11":"product_tag-ideologie","12":"product_tag-metafora","14":"first","15":"instock","16":"shipping-taxable","17":"purchasable","18":"product-type-simple"},"_links":{"self":[{"href":"https:\/\/editura-unibuc.ro\/en\/wp-json\/wp\/v2\/product\/24097","targetHints":{"allow":["GET"]}}],"collection":[{"href":"https:\/\/editura-unibuc.ro\/en\/wp-json\/wp\/v2\/product"}],"about":[{"href":"https:\/\/editura-unibuc.ro\/en\/wp-json\/wp\/v2\/types\/product"}],"replies":[{"embeddable":true,"href":"https:\/\/editura-unibuc.ro\/en\/wp-json\/wp\/v2\/comments?post=24097"}],"wp:featuredmedia":[{"embeddable":true,"href":"https:\/\/editura-unibuc.ro\/en\/wp-json\/wp\/v2\/media\/24098"}],"wp:attachment":[{"href":"https:\/\/editura-unibuc.ro\/en\/wp-json\/wp\/v2\/media?parent=24097"}],"wp:term":[{"taxonomy":"product_brand","embeddable":true,"href":"https:\/\/editura-unibuc.ro\/en\/wp-json\/wp\/v2\/product_brand?post=24097"},{"taxonomy":"product_cat","embeddable":true,"href":"https:\/\/editura-unibuc.ro\/en\/wp-json\/wp\/v2\/product_cat?post=24097"},{"taxonomy":"product_tag","embeddable":true,"href":"https:\/\/editura-unibuc.ro\/en\/wp-json\/wp\/v2\/product_tag?post=24097"}],"curies":[{"name":"wp","href":"https:\/\/api.w.org\/{rel}","templated":true}]}}