{"id":24101,"date":"2019-01-24T12:47:15","date_gmt":"2019-01-24T10:47:15","guid":{"rendered":"https:\/\/editura-unibuc.ro\/?post_type=product&#038;p=24101"},"modified":"2020-03-06T12:42:29","modified_gmt":"2020-03-06T10:42:29","slug":"universitatea-din-bucuresti-in-vremea-primului-razboi-mondial-documente-date-statistice-liste-de-personal-instrumente-de-lucru-bibliografice","status":"publish","type":"product","link":"https:\/\/editura-unibuc.ro\/en\/universitatea-din-bucuresti-in-vremea-primului-razboi-mondial-documente-date-statistice-liste-de-personal-instrumente-de-lucru-bibliografice\/","title":{"rendered":"UNIVERSITATEA DIN BUCURE\u0218TI \u00ceN VREMEA PRIMULUI R\u0102ZBOI MONDIAL: DOCUMENTE, DATE STATISTICE, LISTE DE PERSONAL, INSTRUMENTE DE LUCRU BIBLIOGRAFICE"},"content":{"rendered":"<p>\u00cen total, au fost reproduse 88 de documente care completeaz\u0103 celelalte date statistice \u0219i liste de personal prezentate \u0219i care \u00eempreun\u0103 ofer\u0103 o imagine inedit\u0103 istoriei Universit\u0103\u021bii din Bucure\u0219ti.<\/p>\n","protected":false},"excerpt":{"rendered":"<p>\u00cen total, au fost reproduse 88 de documente care completeaz\u0103 celelalte date statistice \u0219i liste de personal prezentate \u0219i care \u00eempreun\u0103 ofer\u0103 o imagine inedit\u0103 istoriei Universit\u0103\u021bii din Bucure\u0219ti.<\/p>\n","protected":false},"featured_media":24102,"comment_status":"open","ping_status":"closed","template":"","meta":[],"product_brand":[],"product_cat":[1531,3202,991,995],"product_tag":[3203,3204,3205],"class_list":{"0":"post-24101","1":"product","2":"type-product","3":"status-publish","4":"has-post-thumbnail","6":"product_cat-colectii","7":"product_cat-memorie-si-patrimoniu-universitar","8":"product_cat-stiinte-sociale","9":"product_cat-istorie-stiinte-politice","10":"product_tag-corp-didactic","11":"product_tag-facultati","12":"product_tag-primul-razboi-mondial","14":"first","15":"outofstock","16":"shipping-taxable","17":"purchasable","18":"product-type-simple"},"_links":{"self":[{"href":"https:\/\/editura-unibuc.ro\/en\/wp-json\/wp\/v2\/product\/24101","targetHints":{"allow":["GET"]}}],"collection":[{"href":"https:\/\/editura-unibuc.ro\/en\/wp-json\/wp\/v2\/product"}],"about":[{"href":"https:\/\/editura-unibuc.ro\/en\/wp-json\/wp\/v2\/types\/product"}],"replies":[{"embeddable":true,"href":"https:\/\/editura-unibuc.ro\/en\/wp-json\/wp\/v2\/comments?post=24101"}],"wp:featuredmedia":[{"embeddable":true,"href":"https:\/\/editura-unibuc.ro\/en\/wp-json\/wp\/v2\/media\/24102"}],"wp:attachment":[{"href":"https:\/\/editura-unibuc.ro\/en\/wp-json\/wp\/v2\/media?parent=24101"}],"wp:term":[{"taxonomy":"product_brand","embeddable":true,"href":"https:\/\/editura-unibuc.ro\/en\/wp-json\/wp\/v2\/product_brand?post=24101"},{"taxonomy":"product_cat","embeddable":true,"href":"https:\/\/editura-unibuc.ro\/en\/wp-json\/wp\/v2\/product_cat?post=24101"},{"taxonomy":"product_tag","embeddable":true,"href":"https:\/\/editura-unibuc.ro\/en\/wp-json\/wp\/v2\/product_tag?post=24101"}],"curies":[{"name":"wp","href":"https:\/\/api.w.org\/{rel}","templated":true}]}}