{"id":24103,"date":"2019-01-24T12:50:09","date_gmt":"2019-01-24T10:50:09","guid":{"rendered":"https:\/\/editura-unibuc.ro\/?post_type=product&#038;p=24103"},"modified":"2023-03-17T11:35:36","modified_gmt":"2023-03-17T09:35:36","slug":"variatie-in-romana-si-in-limbile-romanice-actele-celui-de-al-xvii-lea-colocviu-international-al-departamentului-de-lingvistica-bucuresti-24-25-noiembrie-2017","status":"publish","type":"product","link":"https:\/\/editura-unibuc.ro\/en\/variatie-in-romana-si-in-limbile-romanice-actele-celui-de-al-xvii-lea-colocviu-international-al-departamentului-de-lingvistica-bucuresti-24-25-noiembrie-2017\/","title":{"rendered":"VARIA\u021aIE \u00ceN ROM\u00c2N\u0102 \u0218I \u00ceN LIMBILE ROMANICE. ACTELE CELUI DE-AL XVII-LEA COLOCVIU INTERNA\u021aIONAL AL DEPARTAMENTULUI DE LINGVISTIC\u0102 (BUCURE\u0218TI 24-25 NOIEMBRIE 2017)"},"content":{"rendered":"<p>Din cuprins: Monica-Mihaela Rizea, <em>De nu se vede om cu om<\/em>; Adriana Costea, <em>Benzile-text din televiziune din perspectiva teoriei multimodalit\u0103\u021bii<\/em>; Maria Aldea, <strong><em>Verba sonandi<\/em><\/strong><em> din limba rom\u00e2n\u0103. Un punct de vedere.<\/em><\/p>\n","protected":false},"excerpt":{"rendered":"<p>Din cuprins: Monica-Mihaela Rizea, De nu se vede om cu om; Adriana Costea, Benzile-text din televiziune din perspectiva teoriei multimodalit\u0103\u021bii; Maria Aldea, Verba sonandi din limba rom\u00e2n\u0103. Un punct de vedere.<\/p>\n","protected":false},"featured_media":24100,"comment_status":"open","ping_status":"closed","template":"","meta":[],"product_brand":[],"product_cat":[3906,1464,979,1469],"product_tag":[933,1430,1568],"class_list":{"0":"post-24103","1":"product","2":"type-product","3":"status-publish","4":"has-post-thumbnail","6":"product_cat-lucrari-congrese","7":"product_cat-filologie","8":"product_cat-limba-romana","9":"product_cat-periodice","10":"product_tag-gramatica","11":"product_tag-semantica","12":"product_tag-stilistica","14":"first","15":"outofstock","16":"shipping-taxable","17":"purchasable","18":"product-type-simple"},"_links":{"self":[{"href":"https:\/\/editura-unibuc.ro\/en\/wp-json\/wp\/v2\/product\/24103","targetHints":{"allow":["GET"]}}],"collection":[{"href":"https:\/\/editura-unibuc.ro\/en\/wp-json\/wp\/v2\/product"}],"about":[{"href":"https:\/\/editura-unibuc.ro\/en\/wp-json\/wp\/v2\/types\/product"}],"replies":[{"embeddable":true,"href":"https:\/\/editura-unibuc.ro\/en\/wp-json\/wp\/v2\/comments?post=24103"}],"wp:featuredmedia":[{"embeddable":true,"href":"https:\/\/editura-unibuc.ro\/en\/wp-json\/wp\/v2\/media\/24100"}],"wp:attachment":[{"href":"https:\/\/editura-unibuc.ro\/en\/wp-json\/wp\/v2\/media?parent=24103"}],"wp:term":[{"taxonomy":"product_brand","embeddable":true,"href":"https:\/\/editura-unibuc.ro\/en\/wp-json\/wp\/v2\/product_brand?post=24103"},{"taxonomy":"product_cat","embeddable":true,"href":"https:\/\/editura-unibuc.ro\/en\/wp-json\/wp\/v2\/product_cat?post=24103"},{"taxonomy":"product_tag","embeddable":true,"href":"https:\/\/editura-unibuc.ro\/en\/wp-json\/wp\/v2\/product_tag?post=24103"}],"curies":[{"name":"wp","href":"https:\/\/api.w.org\/{rel}","templated":true}]}}