{"id":24106,"date":"2019-01-24T12:52:44","date_gmt":"2019-01-24T10:52:44","guid":{"rendered":"https:\/\/editura-unibuc.ro\/?post_type=product&#038;p=24106"},"modified":"2019-11-06T12:23:34","modified_gmt":"2019-11-06T10:23:34","slug":"incintele-de-la-histria-in-lumea-fortificatiilor-din-lumea-greaca","status":"publish","type":"product","link":"https:\/\/editura-unibuc.ro\/en\/incintele-de-la-histria-in-lumea-fortificatiilor-din-lumea-greaca\/","title":{"rendered":"INCINTELE DE LA HISTRIA \u00ceN LUMEA FORTIFICA\u021aIILOR DIN LUMEA GREACA"},"content":{"rendered":"<p>Dup\u0103 un capitol care prezint\u0103 condi\u021biile geo-climatice, precum \u0219i pe cele istorice, ne sunt prezentate rezultatele cercet\u0103rilor efectuate la zidurile de incint\u0103 de epoc\u0103 greac\u0103 at\u00e2t \u00een trecut, c\u00e2t \u0219i cele mai recente, valorific\u00e2nd numeroase date care r\u0103m\u0103seser\u0103 inedite.<\/p>\n","protected":false},"excerpt":{"rendered":"<p>Dup\u0103 un capitol care prezint\u0103 condi\u021biile geo-climatice, precum \u0219i pe cele istorice, ne sunt prezentate rezultatele cercet\u0103rilor efectuate la zidurile de incint\u0103 de epoc\u0103 greac\u0103 at\u00e2t \u00een trecut, c\u00e2t \u0219i cele mai recente, valorific\u00e2nd numeroase date care r\u0103m\u0103seser\u0103 inedite.<\/p>\n","protected":false},"featured_media":24107,"comment_status":"open","ping_status":"closed","template":"","meta":[],"product_brand":[],"product_cat":[991,995],"product_tag":[942,934,3206],"class_list":{"0":"post-24106","1":"product","2":"type-product","3":"status-publish","4":"has-post-thumbnail","6":"product_cat-stiinte-sociale","7":"product_cat-istorie-stiinte-politice","8":"product_tag-antichitate","9":"product_tag-arheologie","10":"product_tag-histria","12":"first","13":"outofstock","14":"shipping-taxable","15":"purchasable","16":"product-type-simple"},"_links":{"self":[{"href":"https:\/\/editura-unibuc.ro\/en\/wp-json\/wp\/v2\/product\/24106","targetHints":{"allow":["GET"]}}],"collection":[{"href":"https:\/\/editura-unibuc.ro\/en\/wp-json\/wp\/v2\/product"}],"about":[{"href":"https:\/\/editura-unibuc.ro\/en\/wp-json\/wp\/v2\/types\/product"}],"replies":[{"embeddable":true,"href":"https:\/\/editura-unibuc.ro\/en\/wp-json\/wp\/v2\/comments?post=24106"}],"wp:featuredmedia":[{"embeddable":true,"href":"https:\/\/editura-unibuc.ro\/en\/wp-json\/wp\/v2\/media\/24107"}],"wp:attachment":[{"href":"https:\/\/editura-unibuc.ro\/en\/wp-json\/wp\/v2\/media?parent=24106"}],"wp:term":[{"taxonomy":"product_brand","embeddable":true,"href":"https:\/\/editura-unibuc.ro\/en\/wp-json\/wp\/v2\/product_brand?post=24106"},{"taxonomy":"product_cat","embeddable":true,"href":"https:\/\/editura-unibuc.ro\/en\/wp-json\/wp\/v2\/product_cat?post=24106"},{"taxonomy":"product_tag","embeddable":true,"href":"https:\/\/editura-unibuc.ro\/en\/wp-json\/wp\/v2\/product_tag?post=24106"}],"curies":[{"name":"wp","href":"https:\/\/api.w.org\/{rel}","templated":true}]}}