{"id":24110,"date":"2019-01-24T12:57:10","date_gmt":"2019-01-24T10:57:10","guid":{"rendered":"https:\/\/editura-unibuc.ro\/?post_type=product&#038;p=24110"},"modified":"2020-07-29T16:21:57","modified_gmt":"2020-07-29T13:21:57","slug":"studii-biblice","status":"publish","type":"product","link":"https:\/\/editura-unibuc.ro\/en\/studii-biblice\/","title":{"rendered":"STUDII BIBLICE"},"content":{"rendered":"<p>Volumul de fa\u021b\u0103 adun\u0103 un num\u0103r de \u0219ase studii publicate \u00een perioada 2008-2016 \u00een Anuarul Facult\u0103\u021bii de Teologie Ortodox\u0103 \u201eJustinian Patriarhul\u201d din cadrul Universit\u0103\u021bii din Bucure\u0219ti.<\/p>\n","protected":false},"excerpt":{"rendered":"<p>Volumul de fa\u021b\u0103 adun\u0103 un num\u0103r de \u0219ase studii publicate \u00een perioada 2008-2016 \u00een Anuarul Facult\u0103\u021bii de Teologie Ortodox\u0103 \u201eJustinian Patriarhul\u201d din cadrul Universit\u0103\u021bii din Bucure\u0219ti.<\/p>\n","protected":false},"featured_media":24111,"comment_status":"open","ping_status":"closed","template":"","meta":[],"product_brand":[],"product_cat":[1531,2597,991,999],"product_tag":[3209,1157,1021],"class_list":{"0":"post-24110","1":"product","2":"type-product","3":"status-publish","4":"has-post-thumbnail","6":"product_cat-colectii","7":"product_cat-studia-theologica","8":"product_cat-stiinte-sociale","9":"product_cat-teologie","10":"product_tag-apostolul-pavel","11":"product_tag-noul-testament","12":"product_tag-teologie","14":"first","15":"outofstock","16":"shipping-taxable","17":"purchasable","18":"product-type-simple"},"_links":{"self":[{"href":"https:\/\/editura-unibuc.ro\/en\/wp-json\/wp\/v2\/product\/24110","targetHints":{"allow":["GET"]}}],"collection":[{"href":"https:\/\/editura-unibuc.ro\/en\/wp-json\/wp\/v2\/product"}],"about":[{"href":"https:\/\/editura-unibuc.ro\/en\/wp-json\/wp\/v2\/types\/product"}],"replies":[{"embeddable":true,"href":"https:\/\/editura-unibuc.ro\/en\/wp-json\/wp\/v2\/comments?post=24110"}],"wp:featuredmedia":[{"embeddable":true,"href":"https:\/\/editura-unibuc.ro\/en\/wp-json\/wp\/v2\/media\/24111"}],"wp:attachment":[{"href":"https:\/\/editura-unibuc.ro\/en\/wp-json\/wp\/v2\/media?parent=24110"}],"wp:term":[{"taxonomy":"product_brand","embeddable":true,"href":"https:\/\/editura-unibuc.ro\/en\/wp-json\/wp\/v2\/product_brand?post=24110"},{"taxonomy":"product_cat","embeddable":true,"href":"https:\/\/editura-unibuc.ro\/en\/wp-json\/wp\/v2\/product_cat?post=24110"},{"taxonomy":"product_tag","embeddable":true,"href":"https:\/\/editura-unibuc.ro\/en\/wp-json\/wp\/v2\/product_tag?post=24110"}],"curies":[{"name":"wp","href":"https:\/\/api.w.org\/{rel}","templated":true}]}}