{"id":2421,"date":"2012-09-18T10:05:19","date_gmt":"2012-09-18T07:05:19","guid":{"rendered":"https:\/\/editura-unibuc.ro\/?p=2421"},"modified":"2015-03-12T15:59:47","modified_gmt":"2015-03-12T13:59:47","slug":"cele-mai-frecvente-verbe-cehe-in-propozitii","status":"publish","type":"product","link":"https:\/\/editura-unibuc.ro\/en\/cele-mai-frecvente-verbe-cehe-in-propozitii\/","title":{"rendered":"MOST FREQUENT CZECH VERBS IN SENTENCES"},"content":{"rendered":"<p>Lucrarea de fa\u021b\u0103 este prima de acest fel publicat\u0103 \u00een \u021bara noastr\u0103 \u0219i este destinat\u0103 \u00een primul r\u00e2nd studen\u021bilor de la facult\u0103\u021bile de filologie care studiaz\u0103 limba ceh\u0103, dar \u0219i altor persoane care doresc s\u0103 \u00eenve\u021be aceast\u0103 limb\u0103 sau s\u0103-\u0219i perfec\u021bioneze cuno\u0219tin\u021bele dob\u00e2ndite pe cale empiric\u0103. Este, \u00een esen\u021b\u0103, un dic\u021bionar al celor mai frecvente verbe din limba ceh\u0103, cu marcarea rec\u021biunii, a perechii verbale de aspect contrar \u0219i cu ilustrarea principalelor sensuri \u00een propozi\u021bii, traduse apoi \u00een limba rom\u00e2n\u0103. (Cuv\u00e2nt introductiv)<\/p>\n","protected":false},"excerpt":{"rendered":"<p>Lucrarea de fa\u021b\u0103 este prima de acest fel publicat\u0103 \u00een \u021bara noastr\u0103 \u0219i este destinat\u0103 \u00een primul r\u00e2nd studen\u021bilor de la facult\u0103\u021bile de filologie care studiaz\u0103 limba ceh\u0103, dar \u0219i altor persoane care doresc s\u0103 \u00eenve\u021be aceast\u0103 limb\u0103 sau s\u0103-\u0219i perfec\u021bioneze cuno\u0219tin\u021bele dob\u00e2ndite pe cale empiric\u0103. Este, \u00een esen\u021b\u0103, un dic\u021bionar al celor mai frecvente [&hellip;]<\/p>\n","protected":false},"featured_media":10754,"comment_status":"open","ping_status":"closed","template":"","meta":[],"product_brand":[],"product_cat":[1464,981],"product_tag":[1265,922],"class_list":{"0":"post-2421","1":"product","2":"type-product","3":"status-publish","4":"has-post-thumbnail","6":"product_cat-filologie","7":"product_cat-limbi-slave","8":"product_tag-ceha","9":"product_tag-slave","11":"first","12":"instock","13":"shipping-taxable","14":"purchasable","15":"product-type-simple"},"_links":{"self":[{"href":"https:\/\/editura-unibuc.ro\/en\/wp-json\/wp\/v2\/product\/2421","targetHints":{"allow":["GET"]}}],"collection":[{"href":"https:\/\/editura-unibuc.ro\/en\/wp-json\/wp\/v2\/product"}],"about":[{"href":"https:\/\/editura-unibuc.ro\/en\/wp-json\/wp\/v2\/types\/product"}],"replies":[{"embeddable":true,"href":"https:\/\/editura-unibuc.ro\/en\/wp-json\/wp\/v2\/comments?post=2421"}],"wp:featuredmedia":[{"embeddable":true,"href":"https:\/\/editura-unibuc.ro\/en\/wp-json\/wp\/v2\/media\/10754"}],"wp:attachment":[{"href":"https:\/\/editura-unibuc.ro\/en\/wp-json\/wp\/v2\/media?parent=2421"}],"wp:term":[{"taxonomy":"product_brand","embeddable":true,"href":"https:\/\/editura-unibuc.ro\/en\/wp-json\/wp\/v2\/product_brand?post=2421"},{"taxonomy":"product_cat","embeddable":true,"href":"https:\/\/editura-unibuc.ro\/en\/wp-json\/wp\/v2\/product_cat?post=2421"},{"taxonomy":"product_tag","embeddable":true,"href":"https:\/\/editura-unibuc.ro\/en\/wp-json\/wp\/v2\/product_tag?post=2421"}],"curies":[{"name":"wp","href":"https:\/\/api.w.org\/{rel}","templated":true}]}}