{"id":2425,"date":"2012-09-18T10:09:14","date_gmt":"2012-09-18T07:09:14","guid":{"rendered":"https:\/\/editura-unibuc.ro\/?p=2425"},"modified":"2025-08-08T13:42:40","modified_gmt":"2025-08-08T10:42:40","slug":"university-of-bucharest-review-literary-and-cultural-studies-series-mother-nature-inscriptions-locations-revolutions-volume-xiv-vol-ii-new-series-no-1-2012","status":"publish","type":"product","link":"https:\/\/editura-unibuc.ro\/en\/university-of-bucharest-review-literary-and-cultural-studies-series-mother-nature-inscriptions-locations-revolutions-volume-xiv-vol-ii-new-series-no-1-2012\/","title":{"rendered":"UNIVERSITY OF BUCHAREST REVIEW. LITERARY AND CULTURAL STUDIES SERIES (M)other Nature? Inscriptions, Locations, Revolutions. Volume XIV (vol.II new series) no.1, 2012"},"content":{"rendered":"<p>Articolele acoper\u0103 un domeniu conturat prin delimitarea lingvistic\u0103 \u0219i spa\u021bial\u0103 a unei realit\u0103\u021bi complexe. Cel\u0103lalt, maternitatea dar \u0219i natura se \u00eent\u00e2lnesc \u00eentr-o manier\u0103 inovativ\u0103 \u0219i interesant\u0103 \u00een scopul unei corecte cercet\u0103ri a conceptelor men\u021bionate.<\/p>\n","protected":false},"excerpt":{"rendered":"<p>Articolele acoper\u0103 un domeniu conturat prin delimitarea lingvistic\u0103 \u0219i spa\u021bial\u0103 a unei realit\u0103\u021bi complexe. Cel\u0103lalt, maternitatea dar \u0219i natura se \u00eent\u00e2lnesc \u00eentr-o manier\u0103 inovativ\u0103 \u0219i interesant\u0103 \u00een scopul unei corecte cercet\u0103ri a conceptelor men\u021bionate.<\/p>\n","protected":false},"featured_media":10750,"comment_status":"open","ping_status":"closed","template":"","meta":[],"product_brand":[],"product_cat":[1464,976,1469,1893],"product_tag":[926],"class_list":{"0":"post-2425","1":"product","2":"type-product","3":"status-publish","4":"has-post-thumbnail","6":"product_cat-filologie","7":"product_cat-limba-engleza","8":"product_cat-periodice","9":"product_cat-reviste-academice","10":"product_tag-engleza","12":"first","13":"outofstock","14":"shipping-taxable","15":"purchasable","16":"product-type-simple"},"_links":{"self":[{"href":"https:\/\/editura-unibuc.ro\/en\/wp-json\/wp\/v2\/product\/2425","targetHints":{"allow":["GET"]}}],"collection":[{"href":"https:\/\/editura-unibuc.ro\/en\/wp-json\/wp\/v2\/product"}],"about":[{"href":"https:\/\/editura-unibuc.ro\/en\/wp-json\/wp\/v2\/types\/product"}],"replies":[{"embeddable":true,"href":"https:\/\/editura-unibuc.ro\/en\/wp-json\/wp\/v2\/comments?post=2425"}],"wp:featuredmedia":[{"embeddable":true,"href":"https:\/\/editura-unibuc.ro\/en\/wp-json\/wp\/v2\/media\/10750"}],"wp:attachment":[{"href":"https:\/\/editura-unibuc.ro\/en\/wp-json\/wp\/v2\/media?parent=2425"}],"wp:term":[{"taxonomy":"product_brand","embeddable":true,"href":"https:\/\/editura-unibuc.ro\/en\/wp-json\/wp\/v2\/product_brand?post=2425"},{"taxonomy":"product_cat","embeddable":true,"href":"https:\/\/editura-unibuc.ro\/en\/wp-json\/wp\/v2\/product_cat?post=2425"},{"taxonomy":"product_tag","embeddable":true,"href":"https:\/\/editura-unibuc.ro\/en\/wp-json\/wp\/v2\/product_tag?post=2425"}],"curies":[{"name":"wp","href":"https:\/\/api.w.org\/{rel}","templated":true}]}}