{"id":24259,"date":"2019-02-20T11:16:43","date_gmt":"2019-02-20T09:16:43","guid":{"rendered":"https:\/\/editura-unibuc.ro\/?post_type=product&#038;p=24259"},"modified":"2025-08-06T09:28:29","modified_gmt":"2025-08-06T06:28:29","slug":"reconstruction-de-lidentite-dans-loeuvre-dannie-ernaux","status":"publish","type":"product","link":"https:\/\/editura-unibuc.ro\/en\/reconstruction-de-lidentite-dans-loeuvre-dannie-ernaux\/","title":{"rendered":"(RE)CONSTRUCTION DE L\u2019IDENTIT\u00c9 DANS L\u2019\u0152UVRE D\u2019ANNIE ERNAUX"},"content":{"rendered":"<p>\u201eOpera scriitoarei Annie Ernaux ilustreaz\u0103 c\u0103utarea identitar\u0103 specific\u0103 secolului \u00een care \u015fi-a tr\u0103it cea mai mare parte din via\u0163\u0103 \u015fi cu ale c\u0103rui probleme s-a confruntat inevitabil. Prezenta lucrare analizeaz\u0103 procesul de permanent\u0103 (re)construc\u0163ie identitar\u0103 ilustrat de scrierile autobiografice ale acestei autoare. Dup\u0103 ce am trecut \u00een revist\u0103 crizele identitare care au marcat devenirea sa identitar\u0103, am ar\u0103tat c\u0103 orice autobiografie contemporan\u0103 este de fapt o autofic\u0163iune. Am eviden\u0163iat, \u00een continuare, beneficiile majore pe care Annie Ernaux le-a avut ca urmare a re-cre\u0103rii prin scris a unora din experien\u0163ele sale, inteligibilitatea complex\u0103 a experien\u0163ei personale de via\u0163\u0103 care a rezultat din povestirea acesteia. Am subliniat faptul c\u0103 reconstruirea prin scris a trecutului personal, rearanjarea pe care limbajul o opereaz\u0103 \u00een rela\u0163ia pe care scriitorul-narator o \u00eentre\u0163ine cu sine, genereaz\u0103 o nou\u0103 perspectiv\u0103 asupra lumii \u015fi asupra propriei persoane care \u00eel va ajuta pe cel care (se) scrie s\u0103 aib\u0103 o rela\u021bie mai armonioas\u0103 cu sine \u015fi cu via\u021ba \u00een general.\u201d (Autoarea)<\/p>\n","protected":false},"excerpt":{"rendered":"<p>\u201eOpera scriitoarei Annie Ernaux ilustreaz\u0103 c\u0103utarea identitar\u0103 specific\u0103 secolului \u00een care \u015fi-a tr\u0103it cea mai mare parte din via\u0163\u0103 \u015fi cu ale c\u0103rui probleme s-a confruntat inevitabil. Prezenta lucrare analizeaz\u0103 procesul de permanent\u0103 (re)construc\u0163ie identitar\u0103 ilustrat de scrierile autobiografice ale acestei autoare. Dup\u0103 ce am trecut \u00een revist\u0103 crizele identitare care au marcat devenirea sa [&hellip;]<\/p>\n","protected":false},"featured_media":24265,"comment_status":"open","ping_status":"closed","template":"","meta":[],"product_brand":[],"product_cat":[1531,1471,1464,977],"product_tag":[3214,2976,3213,1426,1169,3212],"class_list":{"0":"post-24259","1":"product","2":"type-product","3":"status-publish","4":"has-post-thumbnail","6":"product_cat-colectii","7":"product_cat-colectia-teze-de-doctorat","8":"product_cat-filologie","9":"product_cat-limba-franceza","10":"product_tag-annie-ernaux","11":"product_tag-autobiografie","12":"product_tag-autofictiune","13":"product_tag-identitate","14":"product_tag-literatura-franceza","15":"product_tag-pact-autobiografic","17":"first","18":"instock","19":"shipping-taxable","20":"purchasable","21":"product-type-simple"},"_links":{"self":[{"href":"https:\/\/editura-unibuc.ro\/en\/wp-json\/wp\/v2\/product\/24259","targetHints":{"allow":["GET"]}}],"collection":[{"href":"https:\/\/editura-unibuc.ro\/en\/wp-json\/wp\/v2\/product"}],"about":[{"href":"https:\/\/editura-unibuc.ro\/en\/wp-json\/wp\/v2\/types\/product"}],"replies":[{"embeddable":true,"href":"https:\/\/editura-unibuc.ro\/en\/wp-json\/wp\/v2\/comments?post=24259"}],"wp:featuredmedia":[{"embeddable":true,"href":"https:\/\/editura-unibuc.ro\/en\/wp-json\/wp\/v2\/media\/24265"}],"wp:attachment":[{"href":"https:\/\/editura-unibuc.ro\/en\/wp-json\/wp\/v2\/media?parent=24259"}],"wp:term":[{"taxonomy":"product_brand","embeddable":true,"href":"https:\/\/editura-unibuc.ro\/en\/wp-json\/wp\/v2\/product_brand?post=24259"},{"taxonomy":"product_cat","embeddable":true,"href":"https:\/\/editura-unibuc.ro\/en\/wp-json\/wp\/v2\/product_cat?post=24259"},{"taxonomy":"product_tag","embeddable":true,"href":"https:\/\/editura-unibuc.ro\/en\/wp-json\/wp\/v2\/product_tag?post=24259"}],"curies":[{"name":"wp","href":"https:\/\/api.w.org\/{rel}","templated":true}]}}