{"id":24268,"date":"2019-02-20T11:20:10","date_gmt":"2019-02-20T09:20:10","guid":{"rendered":"https:\/\/editura-unibuc.ro\/?post_type=product&#038;p=24268"},"modified":"2025-05-13T10:06:34","modified_gmt":"2025-05-13T07:06:34","slug":"structura-splinei","status":"publish","type":"product","link":"https:\/\/editura-unibuc.ro\/en\/structura-splinei\/","title":{"rendered":"THE STRUCTURE OF THE SPLEEN"},"content":{"rendered":"<hr \/>\n<p><strong><a href=\"https:\/\/books.google.ro\/books\/about?id=pHlfEAAAQBAJ&#038;redir_esc=y\" target=\"_blank\" rel=\"noopener\"><img decoding=\"async\" src=\"https:\/\/editura-unibuc.ro\/wp-content\/uploads\/2025\/04\/goo.png\" \/>Google Books<\/a><\/strong><br \/>&nbsp;<\/p>\n<hr \/>\n<p>\u201eTeza de doctorat a savantului Nicolae Paulescu demonstreaz\u0103 c\u0103 ilustrul nostru om de \u015ftiin\u0163\u0103 poate fi considerat cel mai mare fiziolog european al primei p\u0103r\u0163i a secolului XX. Cei care vor citi atent acest\u0103 lucrare se vor convinge c\u0103 afirma\u0163iile noastre referitoare la valoarea lui Paulescu nu sunt deloc gratuite. Pentru cei care nu sunt convin\u015fi \u00eenc\u0103 de aceast\u0103 afirma\u0163ie, \u00eei invit\u0103m s\u0103 citeasc\u0103, \u00een acest volum, lista numeroaselor priorit\u0103\u0163i ale lui Paulescu.\u201d<\/p>\n","protected":false},"excerpt":{"rendered":"<p>Google Books&nbsp; \u201eTeza de doctorat a savantului Nicolae Paulescu demonstreaz\u0103 c\u0103 ilustrul nostru om de \u015ftiin\u0163\u0103 poate fi considerat cel mai mare fiziolog european al primei p\u0103r\u0163i a secolului XX. Cei care vor citi atent acest\u0103 lucrare se vor convinge c\u0103 afirma\u0163iile noastre referitoare la valoarea lui Paulescu nu sunt deloc gratuite. Pentru cei care [&hellip;]<\/p>\n","protected":false},"featured_media":24264,"comment_status":"open","ping_status":"closed","template":"","meta":[],"product_brand":[],"product_cat":[1466,988],"product_tag":[3218,904,906,3217,3215,3216],"class_list":{"0":"post-24268","1":"product","2":"type-product","3":"status-publish","4":"has-post-thumbnail","6":"product_cat-stiinte-ale-naturii","7":"product_cat-biologie","8":"product_tag-afectiuni-ale-splinei","9":"product_tag-biologie","10":"product_tag-medicina","11":"product_tag-morfologia-splinei","12":"product_tag-splina","13":"product_tag-structura-splinei","15":"first","16":"outofstock","17":"shipping-taxable","18":"purchasable","19":"product-type-simple"},"_links":{"self":[{"href":"https:\/\/editura-unibuc.ro\/en\/wp-json\/wp\/v2\/product\/24268","targetHints":{"allow":["GET"]}}],"collection":[{"href":"https:\/\/editura-unibuc.ro\/en\/wp-json\/wp\/v2\/product"}],"about":[{"href":"https:\/\/editura-unibuc.ro\/en\/wp-json\/wp\/v2\/types\/product"}],"replies":[{"embeddable":true,"href":"https:\/\/editura-unibuc.ro\/en\/wp-json\/wp\/v2\/comments?post=24268"}],"wp:featuredmedia":[{"embeddable":true,"href":"https:\/\/editura-unibuc.ro\/en\/wp-json\/wp\/v2\/media\/24264"}],"wp:attachment":[{"href":"https:\/\/editura-unibuc.ro\/en\/wp-json\/wp\/v2\/media?parent=24268"}],"wp:term":[{"taxonomy":"product_brand","embeddable":true,"href":"https:\/\/editura-unibuc.ro\/en\/wp-json\/wp\/v2\/product_brand?post=24268"},{"taxonomy":"product_cat","embeddable":true,"href":"https:\/\/editura-unibuc.ro\/en\/wp-json\/wp\/v2\/product_cat?post=24268"},{"taxonomy":"product_tag","embeddable":true,"href":"https:\/\/editura-unibuc.ro\/en\/wp-json\/wp\/v2\/product_tag?post=24268"}],"curies":[{"name":"wp","href":"https:\/\/api.w.org\/{rel}","templated":true}]}}