{"id":24269,"date":"2019-02-20T11:22:01","date_gmt":"2019-02-20T09:22:01","guid":{"rendered":"https:\/\/editura-unibuc.ro\/?post_type=product&#038;p=24269"},"modified":"2019-02-20T11:22:03","modified_gmt":"2019-02-20T09:22:03","slug":"principiile-fundamentale-ale-analizei-functionale-liniare","status":"publish","type":"product","link":"https:\/\/editura-unibuc.ro\/en\/principiile-fundamentale-ale-analizei-functionale-liniare\/","title":{"rendered":"THE FUNDAMENTAL PRINCIPLES OF LINEAR FUNCTIONAL ANALYSIS"},"content":{"rendered":"<p>Capitolul I. Principiul uniform m\u0103rginirii. Consecin\u0163e. 1. Spa\u0163ii Baire. 2. Principiul uniform m\u0103rginirii. 3. Teorema Banach-Steinhaus. Consecin\u0163e. <\/p>\n<p>Capitolul II. Teorema Hahn-Banach. 1. Forma analitic\u0103 a teoremei Hahn-Banach. 2. Forma geometric\u0103 a teoremei Hahn-Banach. 3. Aplica\u0163ii ale teoremei Hahn-Banach. <\/p>\n<p>Capitolul III. Teorema aplica\u0163iei deschise. 1. Teorema aplica\u0163iei deschise. 2. Teorema grafului \u00eenchis.<\/p>\n","protected":false},"excerpt":{"rendered":"<p>Capitolul I. Principiul uniform m\u0103rginirii. Consecin\u0163e. 1. Spa\u0163ii Baire. 2. Principiul uniform m\u0103rginirii. 3. Teorema Banach-Steinhaus. Consecin\u0163e. Capitolul II. Teorema Hahn-Banach. 1. Forma analitic\u0103 a teoremei Hahn-Banach. 2. Forma geometric\u0103 a teoremei Hahn-Banach. 3. Aplica\u0163ii ale teoremei Hahn-Banach. Capitolul III. Teorema aplica\u0163iei deschise. 1. Teorema aplica\u0163iei deschise. 2. Teorema grafului \u00eenchis.<\/p>\n","protected":false},"featured_media":24260,"comment_status":"open","ping_status":"closed","template":"","meta":[],"product_brand":[],"product_cat":[982,986],"product_tag":[2516,898,3219,3221,3222,3220],"class_list":{"0":"post-24269","1":"product","2":"type-product","3":"status-publish","4":"has-post-thumbnail","6":"product_cat-stiinte-exacte","7":"product_cat-matematica","8":"product_tag-analiza-matematica","9":"product_tag-matematica","10":"product_tag-spatii-baire","11":"product_tag-teorema-aplicatiei-deschise","12":"product_tag-teorema-grafului-inchis","13":"product_tag-teorema-hahn-banach","15":"first","16":"outofstock","17":"shipping-taxable","18":"purchasable","19":"product-type-simple"},"_links":{"self":[{"href":"https:\/\/editura-unibuc.ro\/en\/wp-json\/wp\/v2\/product\/24269","targetHints":{"allow":["GET"]}}],"collection":[{"href":"https:\/\/editura-unibuc.ro\/en\/wp-json\/wp\/v2\/product"}],"about":[{"href":"https:\/\/editura-unibuc.ro\/en\/wp-json\/wp\/v2\/types\/product"}],"replies":[{"embeddable":true,"href":"https:\/\/editura-unibuc.ro\/en\/wp-json\/wp\/v2\/comments?post=24269"}],"wp:featuredmedia":[{"embeddable":true,"href":"https:\/\/editura-unibuc.ro\/en\/wp-json\/wp\/v2\/media\/24260"}],"wp:attachment":[{"href":"https:\/\/editura-unibuc.ro\/en\/wp-json\/wp\/v2\/media?parent=24269"}],"wp:term":[{"taxonomy":"product_brand","embeddable":true,"href":"https:\/\/editura-unibuc.ro\/en\/wp-json\/wp\/v2\/product_brand?post=24269"},{"taxonomy":"product_cat","embeddable":true,"href":"https:\/\/editura-unibuc.ro\/en\/wp-json\/wp\/v2\/product_cat?post=24269"},{"taxonomy":"product_tag","embeddable":true,"href":"https:\/\/editura-unibuc.ro\/en\/wp-json\/wp\/v2\/product_tag?post=24269"}],"curies":[{"name":"wp","href":"https:\/\/api.w.org\/{rel}","templated":true}]}}