{"id":24270,"date":"2019-02-20T11:24:48","date_gmt":"2019-02-20T09:24:48","guid":{"rendered":"https:\/\/editura-unibuc.ro\/?post_type=product&#038;p=24270"},"modified":"2022-04-20T22:12:48","modified_gmt":"2022-04-20T19:12:48","slug":"polski-na-poziomie-testy-do-rozwijania-kompetencji-jezykowych-na-poziomie-a1","status":"publish","type":"product","link":"https:\/\/editura-unibuc.ro\/en\/polski-na-poziomie-testy-do-rozwijania-kompetencji-jezykowych-na-poziomie-a1\/","title":{"rendered":"POLSKI NA POZIOMIE. TESTY DO ROZWIJANIA KOMPETENCJI J\u0118ZYKOWYCH NA POZIOMIE A1+"},"content":{"rendered":"<p><em>Polski na poziomie. Testy do rozwijania kompetencji j\u0119zykowych na poziomie A1+<\/em>, prima lucrare de acest gen din Rom\u00e2nia, cuprinde un num\u0103r de 15 teste de verificare a cuno\u015ftin\u0163elor de limba polon\u0103 la nivel de \u00eencep\u0103tori, concepute \u00een func\u0163ie de cerin\u0163ele metodologiei de ob\u0163inere a certificatului european de competen\u0163\u0103 lingvistic\u0103 pentru limba polon\u0103 ca limb\u0103 str\u0103in\u0103, la nivelul A1+. Testele au o structur\u0103 fix\u0103 (<em>Poprawno\u015b\u0107 gramatyczna, Czytanie, M\u00f3wienie, Pisanie<\/em>) cu seturi de exerci\u0163ii adaptate pentru nivelul \u00eencep\u0103tor, menite s\u0103 verifice cuno\u015ftin\u0163ele de gramatic\u0103, lexic, dic\u0163ie \u015fi ortografie. Cerin\u0163ele de la sec\u0163iunea de scriere \u00eencurajeaz\u0103 exprimarea literar\u0103 prin exersarea cuno\u015ftin\u0163elor de limb\u0103 \u00een forme variate (descriere, monolog, dialog \u015f.a.), pe teme din via\u0163a de zi cu zi. Cheia exerci\u0163iilor de la finalul lucr\u0103rii favorizeaz\u0103 lucrul individual \u015fi autotestarea.<\/p>\n<p><em>Polski na poziomie. Testy do rozwijania kompetencji j\u0119zykowych na poziomie A1+<\/em> se adreseaz\u0103 \u00een primul r\u00e2nd studen\u0163ilor de la sec\u0163ia de filologie polon\u0103, LMA (polon\u0103) \u015fi traduc\u0103tori de la Facultatea de Limbi \u015fi Literaturi Str\u0103ine, lectoratelor de polon\u0103 din \u0163ar\u0103, dar \u015fi altor persoane din diverse domenii de activitate interesate de \u00eensu\u015firea corect\u0103 a limbii polone \u015fi de posibilitatea de testare a cuno\u015ftin\u0163elor asimilate.<\/p>\n","protected":false},"excerpt":{"rendered":"<p>Polski na poziomie. Testy do rozwijania kompetencji j\u0119zykowych na poziomie A1+, prima lucrare de acest gen din Rom\u00e2nia, cuprinde un num\u0103r de 15 teste de verificare a cuno\u015ftin\u0163elor de limba polon\u0103 la nivel de \u00eencep\u0103tori, concepute \u00een func\u0163ie de cerin\u0163ele metodologiei de ob\u0163inere a certificatului european de competen\u0163\u0103 lingvistic\u0103 pentru limba polon\u0103 ca limb\u0103 str\u0103in\u0103, [&hellip;]<\/p>\n","protected":false},"featured_media":24261,"comment_status":"open","ping_status":"closed","template":"","meta":[],"product_brand":[],"product_cat":[1464,981],"product_tag":[3224,1867,1123,3223,1432],"class_list":{"0":"post-24270","1":"product","2":"type-product","3":"status-publish","4":"has-post-thumbnail","6":"product_cat-filologie","7":"product_cat-limbi-slave","8":"product_tag-curs-de-baza","9":"product_tag-ghid-de-conversatie","10":"product_tag-limba-polona","11":"product_tag-manual-de-studiu","12":"product_tag-teste","14":"first","15":"outofstock","16":"shipping-taxable","17":"purchasable","18":"product-type-simple"},"_links":{"self":[{"href":"https:\/\/editura-unibuc.ro\/en\/wp-json\/wp\/v2\/product\/24270","targetHints":{"allow":["GET"]}}],"collection":[{"href":"https:\/\/editura-unibuc.ro\/en\/wp-json\/wp\/v2\/product"}],"about":[{"href":"https:\/\/editura-unibuc.ro\/en\/wp-json\/wp\/v2\/types\/product"}],"replies":[{"embeddable":true,"href":"https:\/\/editura-unibuc.ro\/en\/wp-json\/wp\/v2\/comments?post=24270"}],"wp:featuredmedia":[{"embeddable":true,"href":"https:\/\/editura-unibuc.ro\/en\/wp-json\/wp\/v2\/media\/24261"}],"wp:attachment":[{"href":"https:\/\/editura-unibuc.ro\/en\/wp-json\/wp\/v2\/media?parent=24270"}],"wp:term":[{"taxonomy":"product_brand","embeddable":true,"href":"https:\/\/editura-unibuc.ro\/en\/wp-json\/wp\/v2\/product_brand?post=24270"},{"taxonomy":"product_cat","embeddable":true,"href":"https:\/\/editura-unibuc.ro\/en\/wp-json\/wp\/v2\/product_cat?post=24270"},{"taxonomy":"product_tag","embeddable":true,"href":"https:\/\/editura-unibuc.ro\/en\/wp-json\/wp\/v2\/product_tag?post=24270"}],"curies":[{"name":"wp","href":"https:\/\/api.w.org\/{rel}","templated":true}]}}