{"id":24272,"date":"2019-02-20T11:30:21","date_gmt":"2019-02-20T09:30:21","guid":{"rendered":"https:\/\/editura-unibuc.ro\/?post_type=product&#038;p=24272"},"modified":"2023-11-28T13:34:39","modified_gmt":"2023-11-28T11:34:39","slug":"bucharest-working-papers-in-linguistics-vol-xix-nr-2-2017","status":"publish","type":"product","link":"https:\/\/editura-unibuc.ro\/en\/bucharest-working-papers-in-linguistics-vol-xix-nr-2-2017\/","title":{"rendered":"BUCHAREST WORKING PAPERS IN LINGUISTICS. VOL. XIX, NR. 2\/2017"},"content":{"rendered":"<p><strong>CONTENTS \u2013<\/strong><\/p>\n<p>A R T I C L E S:\u00a0Virginia Hill, \u201cRestrictive relative clauses in Acadian French\u201d;\u00a0Diana Ani\u0163escu,\u201cResult nominalizations in Romanian light verb constructions\u201d;Elena L\u0103c\u0103tu\u015f,\u00a0\u201cRomanian aspectual verbs: Restructuring and functional heads\u201d;\u00a0Vincenzo Nicol\u00f2 Di Caro,\u00a0\u201cMultiple agreement constructions: A macro-comparative analysis of pseudo-coordination with the motion verb\u00a0<em>go<\/em>\u00a0in the Arabic and Sicilian dialects\u201d;\u00a0Diana Hornoiu,\u00a0\u201cCompliments and compliment responses in Romanian conversational discourse\u201d;\u00a0\u00a0<\/p>\n<p>R E V I E W:\u00a0Elena Buja.\u00a0<em>The acquisition of Romanian<strong>\u00a0<\/strong><\/em>(Reviewed by Veronica Tomescu).<\/p>\n","protected":false},"excerpt":{"rendered":"<p>CONTENTS \u2013 A R T I C L E S:\u00a0Virginia Hill, \u201cRestrictive relative clauses in Acadian French\u201d;\u00a0Diana Ani\u0163escu,\u201cResult nominalizations in Romanian light verb constructions\u201d;Elena L\u0103c\u0103tu\u015f,\u00a0\u201cRomanian aspectual verbs: Restructuring and functional heads\u201d;\u00a0Vincenzo Nicol\u00f2 Di Caro,\u00a0\u201cMultiple agreement constructions: A macro-comparative analysis of pseudo-coordination with the motion verb\u00a0go\u00a0in the Arabic and Sicilian dialects\u201d;\u00a0Diana Hornoiu,\u00a0\u201cCompliments and compliment responses in [&hellip;]<\/p>\n","protected":false},"featured_media":24263,"comment_status":"open","ping_status":"closed","template":"","meta":[],"product_brand":[],"product_cat":[3943,1464,976,979,980,1469,1893],"product_tag":[3226,3227,3225,1011,895],"class_list":{"0":"post-24272","1":"product","2":"type-product","3":"status-publish","4":"has-post-thumbnail","6":"product_cat-bucharest-working-papers-in-linguistics","7":"product_cat-filologie","8":"product_cat-limba-engleza","9":"product_cat-limba-romana","10":"product_cat-limbi-romanice-clasice-si-orientale","11":"product_cat-periodice","12":"product_cat-reviste-academice","13":"product_tag-dialecte-arabe","14":"product_tag-dialecte-siciliene","15":"product_tag-franceza-acadiana","16":"product_tag-limba-romana","17":"product_tag-lingvistica","19":"first","20":"outofstock","21":"shipping-taxable","22":"purchasable","23":"product-type-simple"},"_links":{"self":[{"href":"https:\/\/editura-unibuc.ro\/en\/wp-json\/wp\/v2\/product\/24272","targetHints":{"allow":["GET"]}}],"collection":[{"href":"https:\/\/editura-unibuc.ro\/en\/wp-json\/wp\/v2\/product"}],"about":[{"href":"https:\/\/editura-unibuc.ro\/en\/wp-json\/wp\/v2\/types\/product"}],"replies":[{"embeddable":true,"href":"https:\/\/editura-unibuc.ro\/en\/wp-json\/wp\/v2\/comments?post=24272"}],"wp:featuredmedia":[{"embeddable":true,"href":"https:\/\/editura-unibuc.ro\/en\/wp-json\/wp\/v2\/media\/24263"}],"wp:attachment":[{"href":"https:\/\/editura-unibuc.ro\/en\/wp-json\/wp\/v2\/media?parent=24272"}],"wp:term":[{"taxonomy":"product_brand","embeddable":true,"href":"https:\/\/editura-unibuc.ro\/en\/wp-json\/wp\/v2\/product_brand?post=24272"},{"taxonomy":"product_cat","embeddable":true,"href":"https:\/\/editura-unibuc.ro\/en\/wp-json\/wp\/v2\/product_cat?post=24272"},{"taxonomy":"product_tag","embeddable":true,"href":"https:\/\/editura-unibuc.ro\/en\/wp-json\/wp\/v2\/product_tag?post=24272"}],"curies":[{"name":"wp","href":"https:\/\/api.w.org\/{rel}","templated":true}]}}