{"id":2433,"date":"2012-09-18T10:17:57","date_gmt":"2012-09-18T07:17:57","guid":{"rendered":"https:\/\/editura-unibuc.ro\/?p=2433"},"modified":"2017-02-16T11:33:26","modified_gmt":"2017-02-16T09:33:26","slug":"fizica-lucrari-practice-de-laborator","status":"publish","type":"product","link":"https:\/\/editura-unibuc.ro\/en\/fizica-lucrari-practice-de-laborator\/","title":{"rendered":"PHYSICS. Laboratory practical works"},"content":{"rendered":"<p>Acest \u00eendrumar de laborator se adreseaz\u0103 studen\u021bilor Facult\u0103\u021bii de Chimie, anul I, specializ\u0103rile Chimie \u0219i Chimia Mediului. Lucrarea este strucrat\u0103 \u00een dou\u0103 p\u0103r\u021bi. Prima parte con\u021bine un capitol ce prezint\u0103 no\u021biuni esen\u021biale de prelucrare a datelor experimentale: m\u0103surarea m\u0103rimilor fizice, elemente de calcul al erorilor precum \u0219i un ghid de utilizare a unor programe (Excel \u0219i Origin 6.0) de analiz\u0103 \u0219i prelucrare a datelor pe calculator. Partea a doua a \u00eendrumarului con\u021bine patru capitole \u00een care sunt prezentate lucr\u0103ri practice de Fizic\u0103 din domeniile: Mecanic\u0103, Termodinamic\u0103, Electricitate \u0219i Optic\u0103.<\/p>","protected":false},"excerpt":{"rendered":"<p>Acest \u00eendrumar de laborator se adreseaz\u0103 studen\u021bilor Facult\u0103\u021bii de Chimie, anul I, specializ\u0103rile Chimie \u0219i Chimia Mediului. Lucrarea este strucrat\u0103 \u00een dou\u0103 p\u0103r\u021bi. Prima parte con\u021bine un capitol ce prezint\u0103 no\u021biuni esen\u021biale de prelucrare a datelor experimentale: m\u0103surarea m\u0103rimilor fizice, elemente de calcul al erorilor precum \u0219i un ghid de utilizare a unor programe (Excel [&hellip;]<\/p>\n","protected":false},"featured_media":10744,"comment_status":"open","ping_status":"closed","template":"","meta":[],"product_brand":[],"product_cat":[982,983],"product_tag":[907,908],"class_list":{"0":"post-2433","1":"product","2":"type-product","3":"status-publish","4":"has-post-thumbnail","6":"product_cat-stiinte-exacte","7":"product_cat-chimie","8":"product_tag-chimie","9":"product_tag-fizica","11":"first","12":"outofstock","13":"shipping-taxable","14":"purchasable","15":"product-type-simple"},"_links":{"self":[{"href":"https:\/\/editura-unibuc.ro\/en\/wp-json\/wp\/v2\/product\/2433","targetHints":{"allow":["GET"]}}],"collection":[{"href":"https:\/\/editura-unibuc.ro\/en\/wp-json\/wp\/v2\/product"}],"about":[{"href":"https:\/\/editura-unibuc.ro\/en\/wp-json\/wp\/v2\/types\/product"}],"replies":[{"embeddable":true,"href":"https:\/\/editura-unibuc.ro\/en\/wp-json\/wp\/v2\/comments?post=2433"}],"wp:featuredmedia":[{"embeddable":true,"href":"https:\/\/editura-unibuc.ro\/en\/wp-json\/wp\/v2\/media\/10744"}],"wp:attachment":[{"href":"https:\/\/editura-unibuc.ro\/en\/wp-json\/wp\/v2\/media?parent=2433"}],"wp:term":[{"taxonomy":"product_brand","embeddable":true,"href":"https:\/\/editura-unibuc.ro\/en\/wp-json\/wp\/v2\/product_brand?post=2433"},{"taxonomy":"product_cat","embeddable":true,"href":"https:\/\/editura-unibuc.ro\/en\/wp-json\/wp\/v2\/product_cat?post=2433"},{"taxonomy":"product_tag","embeddable":true,"href":"https:\/\/editura-unibuc.ro\/en\/wp-json\/wp\/v2\/product_tag?post=2433"}],"curies":[{"name":"wp","href":"https:\/\/api.w.org\/{rel}","templated":true}]}}