{"id":2438,"date":"2012-09-18T12:52:44","date_gmt":"2012-09-18T09:52:44","guid":{"rendered":"https:\/\/editura-unibuc.ro\/?p=2438"},"modified":"2020-08-11T10:56:59","modified_gmt":"2020-08-11T07:56:59","slug":"dialog-discurs-enunt","status":"publish","type":"product","link":"https:\/\/editura-unibuc.ro\/en\/dialog-discurs-enunt\/","title":{"rendered":"DIALOGUE, DISCOURSE, PROPOSITION"},"content":{"rendered":"<p>Volumul, recent ap\u0103rut la Editura Universit\u0103\u021bii din Bucure\u0219ti, este o culegere care adun\u0103 \u00een paginile sale studii de specialitate apar\u021bin\u00e2nd cadrelor didactice de la catedra de lingvistic\u0103 a Facult\u0103\u021bii de Litere, precum \u0219i a mai multor cercet\u0103tori \u00een domeniu. Titlul volumului are ca punct de pornire defini\u021bia \u00een sens larg a dialogului, propus\u0103 de Sorin Stati, care admite posibilitatea de a echivala dialogul cu comunicarea verbal\u0103, \u00een m\u0103sura \u00een care orice enun\u021bare sau text presupune un destinatar. Obiectul studiilor \u00eel constituie, \u00een afara unor probleme teoretice, variate aspecte ale organiz\u0103rii macrostructurale a comunic\u0103rii \u00een diverse genuri.<\/p>\n","protected":false},"excerpt":{"rendered":"<p>Volumul, recent ap\u0103rut la Editura Universit\u0103\u021bii din Bucure\u0219ti, este o culegere care adun\u0103 \u00een paginile sale studii de specialitate apar\u021bin\u00e2nd cadrelor didactice de la catedra de lingvistic\u0103 a Facult\u0103\u021bii de Litere, precum \u0219i a mai multor cercet\u0103tori \u00een domeniu. Titlul volumului are ca punct de pornire defini\u021bia \u00een sens larg a dialogului, propus\u0103 de Sorin [&hellip;]<\/p>\n","protected":false},"featured_media":10742,"comment_status":"open","ping_status":"closed","template":"","meta":[],"product_brand":[],"product_cat":[1464,979],"product_tag":[895,925],"class_list":{"0":"post-2438","1":"product","2":"type-product","3":"status-publish","4":"has-post-thumbnail","6":"product_cat-filologie","7":"product_cat-limba-romana","8":"product_tag-lingvistica","9":"product_tag-romana","11":"first","12":"outofstock","13":"shipping-taxable","14":"purchasable","15":"product-type-simple"},"_links":{"self":[{"href":"https:\/\/editura-unibuc.ro\/en\/wp-json\/wp\/v2\/product\/2438","targetHints":{"allow":["GET"]}}],"collection":[{"href":"https:\/\/editura-unibuc.ro\/en\/wp-json\/wp\/v2\/product"}],"about":[{"href":"https:\/\/editura-unibuc.ro\/en\/wp-json\/wp\/v2\/types\/product"}],"replies":[{"embeddable":true,"href":"https:\/\/editura-unibuc.ro\/en\/wp-json\/wp\/v2\/comments?post=2438"}],"wp:featuredmedia":[{"embeddable":true,"href":"https:\/\/editura-unibuc.ro\/en\/wp-json\/wp\/v2\/media\/10742"}],"wp:attachment":[{"href":"https:\/\/editura-unibuc.ro\/en\/wp-json\/wp\/v2\/media?parent=2438"}],"wp:term":[{"taxonomy":"product_brand","embeddable":true,"href":"https:\/\/editura-unibuc.ro\/en\/wp-json\/wp\/v2\/product_brand?post=2438"},{"taxonomy":"product_cat","embeddable":true,"href":"https:\/\/editura-unibuc.ro\/en\/wp-json\/wp\/v2\/product_cat?post=2438"},{"taxonomy":"product_tag","embeddable":true,"href":"https:\/\/editura-unibuc.ro\/en\/wp-json\/wp\/v2\/product_tag?post=2438"}],"curies":[{"name":"wp","href":"https:\/\/api.w.org\/{rel}","templated":true}]}}