{"id":24420,"date":"2019-03-09T10:35:47","date_gmt":"2019-03-09T08:35:47","guid":{"rendered":"https:\/\/editura-unibuc.ro\/?post_type=product&#038;p=24420"},"modified":"2025-07-21T10:28:12","modified_gmt":"2025-07-21T07:28:12","slug":"limba-rusa-pentru-noi-traducerea-intre-teorie-si-practica","status":"publish","type":"product","link":"https:\/\/editura-unibuc.ro\/en\/limba-rusa-pentru-noi-traducerea-intre-teorie-si-practica\/","title":{"rendered":"LIMBA RUS\u0102 PENTRU <i>NOI<\/i> (TRADUCEREA \u00ceNTRE TEORIE \u0218I PRACTIC\u0102)"},"content":{"rendered":"<p>Valoarea, dar mai ales necesitatea acestui manual, deriv\u0103 din lipsa unui material bine sistematizat referitor la un fenomen de amploare \u0219i \u00een permanent\u0103 dezvoltare, care s\u0103 fie accesibil studen\u021bilor \u0219i masteranzilor printr-o prezentare punctual\u0103 a unui num\u0103r destul de mare de studii \u0219i cercet\u0103ri \u0219i astfel s\u0103 poat\u0103 deveni un real suport de curs \u00een vederea sus\u021binerii examenului.<br \/>\nTotu\u0219i, consider\u0103m c\u0103 acest curs dep\u0103\u0219e\u0219te cumva grani\u021bele zonei de interes a stadiului incipient de studiu \u0219i se dovede\u0219te relevant pentru orice filolog interesat de evolu\u021bia traductologiei \u0219i, de ce nu, pentru acei traduc\u0103tori-practicieni care, \u00een paralel cu activitatea de traducere (noi i-am sf\u0103tui chiar anterior), ar dori s\u0103-\u0219i formuleze unele opinii \u0219i considera\u021bii proprii.<\/p>\n","protected":false},"excerpt":{"rendered":"<p>Valoarea, dar mai ales necesitatea acestui manual, deriv\u0103 din lipsa unui material bine sistematizat referitor la un fenomen de amploare \u0219i \u00een permanent\u0103 dezvoltare, care s\u0103 fie accesibil studen\u021bilor \u0219i masteranzilor printr-o prezentare punctual\u0103 a unui num\u0103r destul de mare de studii \u0219i cercet\u0103ri \u0219i astfel s\u0103 poat\u0103 deveni un real suport de curs \u00een [&hellip;]<\/p>\n","protected":false},"featured_media":24422,"comment_status":"open","ping_status":"closed","template":"","meta":[],"product_brand":[],"product_cat":[1464,981],"product_tag":[3236,1114,3235,2750,1045,3210],"class_list":{"0":"post-24420","1":"product","2":"type-product","3":"status-publish","4":"has-post-thumbnail","6":"product_cat-filologie","7":"product_cat-limbi-slave","8":"product_tag-limba-rusa","9":"product_tag-manual","10":"product_tag-marta-teodora-boboc","11":"product_tag-mihaela-moraru","12":"product_tag-rusa","13":"product_tag-traductologie","15":"first","16":"instock","17":"shipping-taxable","18":"purchasable","19":"product-type-simple"},"_links":{"self":[{"href":"https:\/\/editura-unibuc.ro\/en\/wp-json\/wp\/v2\/product\/24420","targetHints":{"allow":["GET"]}}],"collection":[{"href":"https:\/\/editura-unibuc.ro\/en\/wp-json\/wp\/v2\/product"}],"about":[{"href":"https:\/\/editura-unibuc.ro\/en\/wp-json\/wp\/v2\/types\/product"}],"replies":[{"embeddable":true,"href":"https:\/\/editura-unibuc.ro\/en\/wp-json\/wp\/v2\/comments?post=24420"}],"wp:featuredmedia":[{"embeddable":true,"href":"https:\/\/editura-unibuc.ro\/en\/wp-json\/wp\/v2\/media\/24422"}],"wp:attachment":[{"href":"https:\/\/editura-unibuc.ro\/en\/wp-json\/wp\/v2\/media?parent=24420"}],"wp:term":[{"taxonomy":"product_brand","embeddable":true,"href":"https:\/\/editura-unibuc.ro\/en\/wp-json\/wp\/v2\/product_brand?post=24420"},{"taxonomy":"product_cat","embeddable":true,"href":"https:\/\/editura-unibuc.ro\/en\/wp-json\/wp\/v2\/product_cat?post=24420"},{"taxonomy":"product_tag","embeddable":true,"href":"https:\/\/editura-unibuc.ro\/en\/wp-json\/wp\/v2\/product_tag?post=24420"}],"curies":[{"name":"wp","href":"https:\/\/api.w.org\/{rel}","templated":true}]}}