{"id":24423,"date":"2019-03-09T10:39:26","date_gmt":"2019-03-09T08:39:26","guid":{"rendered":"https:\/\/editura-unibuc.ro\/?post_type=product&#038;p=24423"},"modified":"2019-03-09T10:39:27","modified_gmt":"2019-03-09T08:39:27","slug":"dezvoltarea-profesionala-a-cadrelor-didactice-universitare-demersuri-investigatorii-si-ameliorative","status":"publish","type":"product","link":"https:\/\/editura-unibuc.ro\/en\/dezvoltarea-profesionala-a-cadrelor-didactice-universitare-demersuri-investigatorii-si-ameliorative\/","title":{"rendered":"DEZVOLTAREA PROFESIONAL\u0102 A CADRELOR DIDACTICE UNIVERSITARE. DEMERSURI INVESTIGATORII \u0218I AMELIORATIVE"},"content":{"rendered":"<p>Problematica dezvolt\u0103rii profesionale a cadrelor didactice universitare este de o importan\u0163\u0103 major\u0103 pentru cercet\u0103torii din domeniul \u015ftiin\u0163elor educa\u0163iei, \u00eenscriindu-se \u00een preocup\u0103rile de cre\u015ftere a calit\u0103\u0163ii \u00eenv\u0103\u0163\u0103m\u00e2ntului superior, \u00een general, \u015fi de \u00eembun\u0103t\u0103\u0163ire a calit\u0103\u0163ii procesului instructiv-educativ, \u00een special.<br \/>\nNicoleta Du\u0163\u0103 este Conferen\u021biar doctor la Departamentul de Formare a Profesorilor, Universitatea din Bucure\u015fti. Licen\u0163iat\u0103 \u00een Pedagogie, promo\u0163ia 2005, a absolvit programul de Master \u201eManagement \u015fi Evaluare Educa\u0163ional\u0103\u201d (2005-2007) \u015fi Doctoratul \u00een cotutel\u0103 la \u015ecoala Doctoral\u0103 de Psihologie \u015fi \u015etiin\u0163ele Educa\u0163iei, Universitatea din Bucure\u015fti \u015fi Universitatea din Barcelona, Spania (2007-2011).<br \/>\nDomeniile sale majore de competen\u0163\u0103 \u015ftiin\u0163ific\u0103 \u015fi didactic\u0103 corespund calit\u0103\u0163ii de titular\u0103 a disciplinelor: Fundamentele Pedagogiei I \u015fi II, Managementul clasei de elevi, Instruire asistat\u0103 de calculator (ciclul licen\u0163\u0103), Proiectarea \u015fi managementul programelor educa\u0163ionale, Metode de evaluare a performan\u0163ei (master).<br \/>\nA urmat stagii de formare, specializare \u015fi cercetare \u00een 2006-2007 (burs\u0103 Erasmus), \u00een 2008-2009 (stagiu de cercetare pentru elaborarea tezei de doctorat) la Universitatea din Barcelona, Spania, \u00een mai 2013 (stagiu de predare Teaching Assignment- TA) la Universitat de les Illes Balears, Palma de Mallorca, \u00een mai 2014 &#8211; 2017 (stagiu de predare Teaching Assignment &#8211; TA) la Universitat Complutense din Madrid.<\/p>\n","protected":false},"excerpt":{"rendered":"<p>Problematica dezvolt\u0103rii profesionale a cadrelor didactice universitare este de o importan\u0163\u0103 major\u0103 pentru cercet\u0103torii din domeniul \u015ftiin\u0163elor educa\u0163iei, \u00eenscriindu-se \u00een preocup\u0103rile de cre\u015ftere a calit\u0103\u0163ii \u00eenv\u0103\u0163\u0103m\u00e2ntului superior, \u00een general, \u015fi de \u00eembun\u0103t\u0103\u0163ire a calit\u0103\u0163ii procesului instructiv-educativ, \u00een special. Nicoleta Du\u0163\u0103 este Conferen\u021biar doctor la Departamentul de Formare a Profesorilor, Universitatea din Bucure\u015fti. Licen\u0163iat\u0103 \u00een Pedagogie, [&hellip;]<\/p>\n","protected":false},"featured_media":24421,"comment_status":"open","ping_status":"closed","template":"","meta":[],"product_brand":[],"product_cat":[1531,2687,991,997],"product_tag":[3238,3239,3237],"class_list":{"0":"post-24423","1":"product","2":"type-product","3":"status-publish","4":"has-post-thumbnail","6":"product_cat-colectii","7":"product_cat-stiintele-educatiei","8":"product_cat-stiinte-sociale","9":"product_cat-psihologie-stiintele-educatiei-si-pedagogie","10":"product_tag-formarea-cadrelor-didactice-universitare","11":"product_tag-nicoleta-duta","12":"product_tag-pedagogie-moderna","14":"first","15":"instock","16":"shipping-taxable","17":"purchasable","18":"product-type-simple"},"_links":{"self":[{"href":"https:\/\/editura-unibuc.ro\/en\/wp-json\/wp\/v2\/product\/24423","targetHints":{"allow":["GET"]}}],"collection":[{"href":"https:\/\/editura-unibuc.ro\/en\/wp-json\/wp\/v2\/product"}],"about":[{"href":"https:\/\/editura-unibuc.ro\/en\/wp-json\/wp\/v2\/types\/product"}],"replies":[{"embeddable":true,"href":"https:\/\/editura-unibuc.ro\/en\/wp-json\/wp\/v2\/comments?post=24423"}],"wp:featuredmedia":[{"embeddable":true,"href":"https:\/\/editura-unibuc.ro\/en\/wp-json\/wp\/v2\/media\/24421"}],"wp:attachment":[{"href":"https:\/\/editura-unibuc.ro\/en\/wp-json\/wp\/v2\/media?parent=24423"}],"wp:term":[{"taxonomy":"product_brand","embeddable":true,"href":"https:\/\/editura-unibuc.ro\/en\/wp-json\/wp\/v2\/product_brand?post=24423"},{"taxonomy":"product_cat","embeddable":true,"href":"https:\/\/editura-unibuc.ro\/en\/wp-json\/wp\/v2\/product_cat?post=24423"},{"taxonomy":"product_tag","embeddable":true,"href":"https:\/\/editura-unibuc.ro\/en\/wp-json\/wp\/v2\/product_tag?post=24423"}],"curies":[{"name":"wp","href":"https:\/\/api.w.org\/{rel}","templated":true}]}}