{"id":2444,"date":"2012-09-18T13:03:14","date_gmt":"2012-09-18T10:03:14","guid":{"rendered":"https:\/\/editura-unibuc.ro\/?p=2444"},"modified":"2017-02-07T10:20:14","modified_gmt":"2017-02-07T08:20:14","slug":"aspecte-ale-comunicarii-conflictuale-in-romana-actuala","status":"publish","type":"product","link":"https:\/\/editura-unibuc.ro\/en\/aspecte-ale-comunicarii-conflictuale-in-romana-actuala\/","title":{"rendered":"ASPECTS CONCERNING CONFLICTUAL COMMUNICATION IN ROMANIAN"},"content":{"rendered":"<p>Lucrarea cercet\u0103toarei \u00een domeniul dialectologiei, Carmen-Ioana Radu, examineaz\u0103 aspecte de baz\u0103 ale unui tip de comunicare, mult\u0103 vreme neglijat sau chiar evitat de speciali\u0219ti. \u00centr-o manier\u0103 direct\u0103 \u0219i totodat\u0103 complex\u0103, autoarea analizeaz\u0103 pe toate fe\u021bele aspectele privind discursul conflictual, acordul \u0219i dezacordul verbal, tipurile de impolite\u021be, aservitatea \u0219i negocierea din cadrul comunic\u0103rii conflictuale. Analiza lingvistic\u0103 este exemplificat\u0103 prin fragmente de comunicare preluate din talk-show-uri, dezbateri parlamentare \u0219i \u0219tiin\u021bifice, din conversa\u021bii curente.<\/p>","protected":false},"excerpt":{"rendered":"<p>Lucrarea cercet\u0103toarei \u00een domeniul dialectologiei, Carmen-Ioana Radu, examineaz\u0103 aspecte de baz\u0103 ale unui tip de comunicare, mult\u0103 vreme neglijat sau chiar evitat de speciali\u0219ti. \u00centr-o manier\u0103 direct\u0103 \u0219i totodat\u0103 complex\u0103, autoarea analizeaz\u0103 pe toate fe\u021bele aspectele privind discursul conflictual, acordul \u0219i dezacordul verbal, tipurile de impolite\u021be, aservitatea \u0219i negocierea din cadrul comunic\u0103rii conflictuale. Analiza lingvistic\u0103 [&hellip;]<\/p>\n","protected":false},"featured_media":10740,"comment_status":"open","ping_status":"closed","template":"","meta":[],"product_brand":[],"product_cat":[1464,979],"product_tag":[1202,925],"class_list":{"0":"post-2444","1":"product","2":"type-product","3":"status-publish","4":"has-post-thumbnail","6":"product_cat-filologie","7":"product_cat-limba-romana","8":"product_tag-comunicare","9":"product_tag-romana","11":"first","12":"outofstock","13":"shipping-taxable","14":"purchasable","15":"product-type-simple"},"_links":{"self":[{"href":"https:\/\/editura-unibuc.ro\/en\/wp-json\/wp\/v2\/product\/2444","targetHints":{"allow":["GET"]}}],"collection":[{"href":"https:\/\/editura-unibuc.ro\/en\/wp-json\/wp\/v2\/product"}],"about":[{"href":"https:\/\/editura-unibuc.ro\/en\/wp-json\/wp\/v2\/types\/product"}],"replies":[{"embeddable":true,"href":"https:\/\/editura-unibuc.ro\/en\/wp-json\/wp\/v2\/comments?post=2444"}],"wp:featuredmedia":[{"embeddable":true,"href":"https:\/\/editura-unibuc.ro\/en\/wp-json\/wp\/v2\/media\/10740"}],"wp:attachment":[{"href":"https:\/\/editura-unibuc.ro\/en\/wp-json\/wp\/v2\/media?parent=2444"}],"wp:term":[{"taxonomy":"product_brand","embeddable":true,"href":"https:\/\/editura-unibuc.ro\/en\/wp-json\/wp\/v2\/product_brand?post=2444"},{"taxonomy":"product_cat","embeddable":true,"href":"https:\/\/editura-unibuc.ro\/en\/wp-json\/wp\/v2\/product_cat?post=2444"},{"taxonomy":"product_tag","embeddable":true,"href":"https:\/\/editura-unibuc.ro\/en\/wp-json\/wp\/v2\/product_tag?post=2444"}],"curies":[{"name":"wp","href":"https:\/\/api.w.org\/{rel}","templated":true}]}}