{"id":2448,"date":"2012-09-18T13:22:48","date_gmt":"2012-09-18T10:22:48","guid":{"rendered":"https:\/\/editura-unibuc.ro\/?p=2448"},"modified":"2022-10-19T13:21:21","modified_gmt":"2022-10-19T10:21:21","slug":"morfosintaxa-limbii-romane-sinteze-teoretice-si-exercitii","status":"publish","type":"product","link":"https:\/\/editura-unibuc.ro\/en\/morfosintaxa-limbii-romane-sinteze-teoretice-si-exercitii\/","title":{"rendered":"ROMANIAN MORPHOSYNTAX"},"content":{"rendered":"<p>Cartea,\u2212 o sintez\u0103 a unor p\u0103r\u021bi semnificative din Gramatica Academiei (GALR), precum \u0219i o completare a acesteia cu analize mai recente \u2212, are destina\u021bie primordial didactic\u0103, de unde: renun\u021barea la fenomene marginale \u0219i la fenomenele discursive \u0219i pragmastilistice; introducerea ,,arborilor\u201d de tip generativ; exemplific\u0103rile clare; <strong>glosarul <\/strong>(cu termenii din teoriile gramaticale cele mai recente). Inova\u021biile \u00een raport cu GALR vizeaz\u0103 o perspectiv\u0103 mai accentuat morfosintactic\u0103 \u0219i organizarea grupului nominal, dar mai ales introducerea interesului pentru <strong>specificul\/individualitatea<\/strong> limbii rom\u00e2ne.<\/p>\n","protected":false},"excerpt":{"rendered":"<p>Cartea,\u2212 o sintez\u0103 a unor p\u0103r\u021bi semnificative din Gramatica Academiei (GALR), precum \u0219i o completare a acesteia cu analize mai recente \u2212, are destina\u021bie primordial didactic\u0103, de unde: renun\u021barea la fenomene marginale \u0219i la fenomenele discursive \u0219i pragmastilistice; introducerea ,,arborilor\u201d de tip generativ; exemplific\u0103rile clare; glosarul (cu termenii din teoriile gramaticale cele mai recente). Inova\u021biile [&hellip;]<\/p>\n","protected":false},"featured_media":10735,"comment_status":"open","ping_status":"closed","template":"","meta":[],"product_brand":[],"product_cat":[1464,979],"product_tag":[1352,925],"class_list":{"0":"post-2448","1":"product","2":"type-product","3":"status-publish","4":"has-post-thumbnail","6":"product_cat-filologie","7":"product_cat-limba-romana","8":"product_tag-morfosintaxa","9":"product_tag-romana","11":"first","12":"instock","13":"shipping-taxable","14":"purchasable","15":"product-type-simple"},"_links":{"self":[{"href":"https:\/\/editura-unibuc.ro\/en\/wp-json\/wp\/v2\/product\/2448","targetHints":{"allow":["GET"]}}],"collection":[{"href":"https:\/\/editura-unibuc.ro\/en\/wp-json\/wp\/v2\/product"}],"about":[{"href":"https:\/\/editura-unibuc.ro\/en\/wp-json\/wp\/v2\/types\/product"}],"replies":[{"embeddable":true,"href":"https:\/\/editura-unibuc.ro\/en\/wp-json\/wp\/v2\/comments?post=2448"}],"wp:featuredmedia":[{"embeddable":true,"href":"https:\/\/editura-unibuc.ro\/en\/wp-json\/wp\/v2\/media\/10735"}],"wp:attachment":[{"href":"https:\/\/editura-unibuc.ro\/en\/wp-json\/wp\/v2\/media?parent=2448"}],"wp:term":[{"taxonomy":"product_brand","embeddable":true,"href":"https:\/\/editura-unibuc.ro\/en\/wp-json\/wp\/v2\/product_brand?post=2448"},{"taxonomy":"product_cat","embeddable":true,"href":"https:\/\/editura-unibuc.ro\/en\/wp-json\/wp\/v2\/product_cat?post=2448"},{"taxonomy":"product_tag","embeddable":true,"href":"https:\/\/editura-unibuc.ro\/en\/wp-json\/wp\/v2\/product_tag?post=2448"}],"curies":[{"name":"wp","href":"https:\/\/api.w.org\/{rel}","templated":true}]}}