{"id":2452,"date":"2012-09-18T13:30:04","date_gmt":"2012-09-18T10:30:04","guid":{"rendered":"https:\/\/editura-unibuc.ro\/?p=2452"},"modified":"2015-03-12T15:53:21","modified_gmt":"2015-03-12T13:53:21","slug":"ipostaze-lirice-si-narative-incursiuni-critice-in-literaturile-bulgara-polona-si-romana-editia-a-ii-a","status":"publish","type":"product","link":"https:\/\/editura-unibuc.ro\/en\/ipostaze-lirice-si-narative-incursiuni-critice-in-literaturile-bulgara-polona-si-romana-editia-a-ii-a\/","title":{"rendered":"LYRICAL AND NARRATIVE HYPOSTASES: CRITICAL ITINERARIES IN BULGARIAN, POLISH AND ROMANIAN, SECOND EDITION"},"content":{"rendered":"<p>Volumul cuprinde mai multe studii fundamentate, a\u0219a cum m\u0103rturise\u0219te autorul \u00eensu\u0219i, pe clasificarea romanului \u0219i metodologia propuse de Nicolae Manolescu \u00een Arca lui Noe. \u00cen acest spirit, sprijinindu-se pe texte literare \u0219i pe numeroase referin\u021be critice sunt urm\u0103rite atributele corintice la c\u00e2\u021biva scriitori polonezi sau bulgari, cu raport\u0103ri \u0219i la literatura rom\u00e2n\u0103. O aten\u021bie deosebit\u0103 se acord\u0103 conceptului de balcanism literar, autorul disting\u00e2nd c\u00e2teva tr\u0103s\u0103turi ale mentalit\u0103\u021bii balcanice configurate \u00een dou\u0103 ipostaze esen\u021biale: una derizorie, dezintegrativ\u0103, negativ\u0103, cealalt\u0103 \u2013 spiritual\u0103, contemplativ\u0103, estetic\u0103, v\u0103zute ca \u00eenglob\u00e2nd numeroase \u00eensu\u0219iri ale corinticului.<\/p>\n<p>Studiile consacrate unor poe\u021bi \u0219i prozatori polonezi \u0219i bulgari sunt menite s\u0103 \u00eembog\u0103\u021beasc\u0103 imaginea recept\u0103rii literaturilor slave \u00een spa\u021biul rom\u00e2nesc.<\/p>\n","protected":false},"excerpt":{"rendered":"<p>Volumul cuprinde mai multe studii fundamentate, a\u0219a cum m\u0103rturise\u0219te autorul \u00eensu\u0219i, pe clasificarea romanului \u0219i metodologia propuse de Nicolae Manolescu \u00een Arca lui Noe. \u00cen acest spirit, sprijinindu-se pe texte literare \u0219i pe numeroase referin\u021be critice sunt urm\u0103rite atributele corintice la c\u00e2\u021biva scriitori polonezi sau bulgari, cu raport\u0103ri \u0219i la literatura rom\u00e2n\u0103. O aten\u021bie deosebit\u0103 [&hellip;]<\/p>\n","protected":false},"featured_media":10732,"comment_status":"open","ping_status":"closed","template":"","meta":[],"product_brand":[],"product_cat":[1464,981],"product_tag":[925,922],"class_list":{"0":"post-2452","1":"product","2":"type-product","3":"status-publish","4":"has-post-thumbnail","6":"product_cat-filologie","7":"product_cat-limbi-slave","8":"product_tag-romana","9":"product_tag-slave","11":"first","12":"instock","13":"shipping-taxable","14":"purchasable","15":"product-type-simple"},"_links":{"self":[{"href":"https:\/\/editura-unibuc.ro\/en\/wp-json\/wp\/v2\/product\/2452","targetHints":{"allow":["GET"]}}],"collection":[{"href":"https:\/\/editura-unibuc.ro\/en\/wp-json\/wp\/v2\/product"}],"about":[{"href":"https:\/\/editura-unibuc.ro\/en\/wp-json\/wp\/v2\/types\/product"}],"replies":[{"embeddable":true,"href":"https:\/\/editura-unibuc.ro\/en\/wp-json\/wp\/v2\/comments?post=2452"}],"wp:featuredmedia":[{"embeddable":true,"href":"https:\/\/editura-unibuc.ro\/en\/wp-json\/wp\/v2\/media\/10732"}],"wp:attachment":[{"href":"https:\/\/editura-unibuc.ro\/en\/wp-json\/wp\/v2\/media?parent=2452"}],"wp:term":[{"taxonomy":"product_brand","embeddable":true,"href":"https:\/\/editura-unibuc.ro\/en\/wp-json\/wp\/v2\/product_brand?post=2452"},{"taxonomy":"product_cat","embeddable":true,"href":"https:\/\/editura-unibuc.ro\/en\/wp-json\/wp\/v2\/product_cat?post=2452"},{"taxonomy":"product_tag","embeddable":true,"href":"https:\/\/editura-unibuc.ro\/en\/wp-json\/wp\/v2\/product_tag?post=2452"}],"curies":[{"name":"wp","href":"https:\/\/api.w.org\/{rel}","templated":true}]}}