{"id":24550,"date":"2019-03-28T09:31:02","date_gmt":"2019-03-28T07:31:02","guid":{"rendered":"https:\/\/editura-unibuc.ro\/?post_type=product&#038;p=24550"},"modified":"2019-11-25T14:05:41","modified_gmt":"2019-11-25T12:05:41","slug":"studii-de-romanistica-omagiul-profesorului-coman-lupu-la-70-de-ani","status":"publish","type":"product","link":"https:\/\/editura-unibuc.ro\/en\/studii-de-romanistica-omagiul-profesorului-coman-lupu-la-70-de-ani\/","title":{"rendered":"STUDII DE ROMANISTIC\u0102. OMAGIUL PROFESORULUI COMAN LUPU LA 70 DE ANI"},"content":{"rendered":"<p>Profesorul Coman Lupu este ast\u0103zi conduc\u0103torul unei serii de studii romanice, profesor asociat la Bratislava \u0219i entuziast maestru al unor colaboratori care \u00eel \u00eenconjoar\u0103 cu stima (Adrian Niculescu)<\/p>\n","protected":false},"excerpt":{"rendered":"<p>Profesorul Coman Lupu este ast\u0103zi conduc\u0103torul unei serii de studii romanice, profesor asociat la Bratislava \u0219i entuziast maestru al unor colaboratori care \u00eel \u00eenconjoar\u0103 cu stima (Adrian Niculescu)<\/p>\n","protected":false},"featured_media":24545,"comment_status":"open","ping_status":"closed","template":"","meta":[],"product_brand":[],"product_cat":[1531,2509,1464,980],"product_tag":[895,3210],"class_list":{"0":"post-24550","1":"product","2":"type-product","3":"status-publish","4":"has-post-thumbnail","6":"product_cat-colectii","7":"product_cat-personalitati-ale-universitatii-din-bucuresti","8":"product_cat-filologie","9":"product_cat-limbi-romanice-clasice-si-orientale","10":"product_tag-lingvistica","11":"product_tag-traductologie","13":"first","14":"instock","15":"shipping-taxable","16":"purchasable","17":"product-type-simple"},"_links":{"self":[{"href":"https:\/\/editura-unibuc.ro\/en\/wp-json\/wp\/v2\/product\/24550","targetHints":{"allow":["GET"]}}],"collection":[{"href":"https:\/\/editura-unibuc.ro\/en\/wp-json\/wp\/v2\/product"}],"about":[{"href":"https:\/\/editura-unibuc.ro\/en\/wp-json\/wp\/v2\/types\/product"}],"replies":[{"embeddable":true,"href":"https:\/\/editura-unibuc.ro\/en\/wp-json\/wp\/v2\/comments?post=24550"}],"wp:featuredmedia":[{"embeddable":true,"href":"https:\/\/editura-unibuc.ro\/en\/wp-json\/wp\/v2\/media\/24545"}],"wp:attachment":[{"href":"https:\/\/editura-unibuc.ro\/en\/wp-json\/wp\/v2\/media?parent=24550"}],"wp:term":[{"taxonomy":"product_brand","embeddable":true,"href":"https:\/\/editura-unibuc.ro\/en\/wp-json\/wp\/v2\/product_brand?post=24550"},{"taxonomy":"product_cat","embeddable":true,"href":"https:\/\/editura-unibuc.ro\/en\/wp-json\/wp\/v2\/product_cat?post=24550"},{"taxonomy":"product_tag","embeddable":true,"href":"https:\/\/editura-unibuc.ro\/en\/wp-json\/wp\/v2\/product_tag?post=24550"}],"curies":[{"name":"wp","href":"https:\/\/api.w.org\/{rel}","templated":true}]}}