{"id":24551,"date":"2019-03-28T09:33:14","date_gmt":"2019-03-28T07:33:14","guid":{"rendered":"https:\/\/editura-unibuc.ro\/?post_type=product&#038;p=24551"},"modified":"2020-02-20T16:47:10","modified_gmt":"2020-02-20T14:47:10","slug":"terminologia-mass-mediei-in-romania-actuala","status":"publish","type":"product","link":"https:\/\/editura-unibuc.ro\/en\/terminologia-mass-mediei-in-romania-actuala\/","title":{"rendered":"TERMINOLOGIA MASS-MEDIEI \u00ceN ROM\u00c2NIA ACTUAL\u0102"},"content":{"rendered":"<p>Noutatea abord\u0103rii const\u0103 din asocierea a dou\u0103 perspective asupra obiectului investigat: cea a profesionistului din televiziune care opereaz\u0103 cu terminologia respectiv\u0103 \u0219i cea a lingvistului, cu o bun\u0103 cunoa\u0219tere \u0219i st\u0103p\u00e2nire a celor mai recente modalit\u0103\u021bi de cercetare a lexicului.<\/p>\n","protected":false},"excerpt":{"rendered":"<p>Noutatea abord\u0103rii const\u0103 din asocierea a dou\u0103 perspective asupra obiectului investigat: cea a profesionistului din televiziune care opereaz\u0103 cu terminologia respectiv\u0103 \u0219i cea a lingvistului, cu o bun\u0103 cunoa\u0219tere \u0219i st\u0103p\u00e2nire a celor mai recente modalit\u0103\u021bi de cercetare a lexicului.<\/p>\n","protected":false},"featured_media":24547,"comment_status":"open","ping_status":"closed","template":"","meta":[],"product_brand":[],"product_cat":[1531,2756,1464,979],"product_tag":[1638,1101,1159],"class_list":{"0":"post-24551","1":"product","2":"type-product","3":"status-publish","4":"has-post-thumbnail","6":"product_cat-colectii","7":"product_cat-lingvistica-lingua","8":"product_cat-filologie","9":"product_cat-limba-romana","10":"product_tag-etimologie","11":"product_tag-mass-media","12":"product_tag-terminologie","14":"first","15":"outofstock","16":"shipping-taxable","17":"purchasable","18":"product-type-simple"},"_links":{"self":[{"href":"https:\/\/editura-unibuc.ro\/en\/wp-json\/wp\/v2\/product\/24551","targetHints":{"allow":["GET"]}}],"collection":[{"href":"https:\/\/editura-unibuc.ro\/en\/wp-json\/wp\/v2\/product"}],"about":[{"href":"https:\/\/editura-unibuc.ro\/en\/wp-json\/wp\/v2\/types\/product"}],"replies":[{"embeddable":true,"href":"https:\/\/editura-unibuc.ro\/en\/wp-json\/wp\/v2\/comments?post=24551"}],"wp:featuredmedia":[{"embeddable":true,"href":"https:\/\/editura-unibuc.ro\/en\/wp-json\/wp\/v2\/media\/24547"}],"wp:attachment":[{"href":"https:\/\/editura-unibuc.ro\/en\/wp-json\/wp\/v2\/media?parent=24551"}],"wp:term":[{"taxonomy":"product_brand","embeddable":true,"href":"https:\/\/editura-unibuc.ro\/en\/wp-json\/wp\/v2\/product_brand?post=24551"},{"taxonomy":"product_cat","embeddable":true,"href":"https:\/\/editura-unibuc.ro\/en\/wp-json\/wp\/v2\/product_cat?post=24551"},{"taxonomy":"product_tag","embeddable":true,"href":"https:\/\/editura-unibuc.ro\/en\/wp-json\/wp\/v2\/product_tag?post=24551"}],"curies":[{"name":"wp","href":"https:\/\/api.w.org\/{rel}","templated":true}]}}