{"id":24553,"date":"2019-03-28T09:36:51","date_gmt":"2019-03-28T07:36:51","guid":{"rendered":"https:\/\/editura-unibuc.ro\/?post_type=product&#038;p=24553"},"modified":"2024-07-08T13:38:07","modified_gmt":"2024-07-08T10:38:07","slug":"oratoriile-lui-paul-constantinescu","status":"publish","type":"product","link":"https:\/\/editura-unibuc.ro\/en\/oratoriile-lui-paul-constantinescu\/","title":{"rendered":"ORATORIILE LUI PAUL CONSTANTINESCU"},"content":{"rendered":"<p>O analiz\u0103 conving\u0103toare a ceea ce reprezint\u0103 integrarea de c\u0103tre Paul Constantinescu a muzicii religioase ortodoxe \u00een cultura de factur\u0103 european\u0103.<\/p>\n","protected":false},"excerpt":{"rendered":"<p>O analiz\u0103 conving\u0103toare a ceea ce reprezint\u0103 integrarea de c\u0103tre Paul Constantinescu a muzicii religioase ortodoxe \u00een cultura de factur\u0103 european\u0103.<\/p>\n","protected":false},"featured_media":24548,"comment_status":"open","ping_status":"closed","template":"","meta":[],"product_brand":[],"product_cat":[991,999],"product_tag":[3244,3245],"class_list":{"0":"post-24553","1":"product","2":"type-product","3":"status-publish","4":"has-post-thumbnail","6":"product_cat-stiinte-sociale","7":"product_cat-teologie","8":"product_tag-muzica","9":"product_tag-oratoriu","11":"first","12":"outofstock","13":"shipping-taxable","14":"purchasable","15":"product-type-simple"},"_links":{"self":[{"href":"https:\/\/editura-unibuc.ro\/en\/wp-json\/wp\/v2\/product\/24553","targetHints":{"allow":["GET"]}}],"collection":[{"href":"https:\/\/editura-unibuc.ro\/en\/wp-json\/wp\/v2\/product"}],"about":[{"href":"https:\/\/editura-unibuc.ro\/en\/wp-json\/wp\/v2\/types\/product"}],"replies":[{"embeddable":true,"href":"https:\/\/editura-unibuc.ro\/en\/wp-json\/wp\/v2\/comments?post=24553"}],"wp:featuredmedia":[{"embeddable":true,"href":"https:\/\/editura-unibuc.ro\/en\/wp-json\/wp\/v2\/media\/24548"}],"wp:attachment":[{"href":"https:\/\/editura-unibuc.ro\/en\/wp-json\/wp\/v2\/media?parent=24553"}],"wp:term":[{"taxonomy":"product_brand","embeddable":true,"href":"https:\/\/editura-unibuc.ro\/en\/wp-json\/wp\/v2\/product_brand?post=24553"},{"taxonomy":"product_cat","embeddable":true,"href":"https:\/\/editura-unibuc.ro\/en\/wp-json\/wp\/v2\/product_cat?post=24553"},{"taxonomy":"product_tag","embeddable":true,"href":"https:\/\/editura-unibuc.ro\/en\/wp-json\/wp\/v2\/product_tag?post=24553"}],"curies":[{"name":"wp","href":"https:\/\/api.w.org\/{rel}","templated":true}]}}