{"id":24555,"date":"2019-03-28T09:40:00","date_gmt":"2019-03-28T07:40:00","guid":{"rendered":"https:\/\/editura-unibuc.ro\/?post_type=product&#038;p=24555"},"modified":"2020-09-22T20:36:05","modified_gmt":"2020-09-22T17:36:05","slug":"egalitate-de-sanse-si-datorii-intergenerationale","status":"publish","type":"product","link":"https:\/\/editura-unibuc.ro\/en\/egalitate-de-sanse-si-datorii-intergenerationale\/","title":{"rendered":"EGALITATE DE \u0218ANSE \u0218I DATORII INTERGENERA\u021aIONALE"},"content":{"rendered":"<p>Lucrarea de fa\u021b\u0103 este, \u00een primul r\u00e2nd, o pledoarie pentru integrarea sistematic\u0103 a trei domenii tratate, de regul\u0103, separat \u00een literatura de specialitate: egalitatea de \u0219anse, problematica drept\u0103\u021bii \u00eentre genera\u021bii \u0219i diferen\u021bele \u00eentre state.<\/p>\n","protected":false},"excerpt":{"rendered":"<p>Lucrarea de fa\u021b\u0103 este, \u00een primul r\u00e2nd, o pledoarie pentru integrarea sistematic\u0103 a trei domenii tratate, de regul\u0103, separat \u00een literatura de specialitate: egalitatea de \u0219anse, problematica drept\u0103\u021bii \u00eentre genera\u021bii \u0219i diferen\u021bele \u00eentre state.<\/p>\n","protected":false},"featured_media":24542,"comment_status":"open","ping_status":"closed","template":"","meta":[],"product_brand":[],"product_cat":[991,994],"product_tag":[1170,3246,3247],"class_list":{"0":"post-24555","1":"product","2":"type-product","3":"status-publish","4":"has-post-thumbnail","6":"product_cat-stiinte-sociale","7":"product_cat-filosofie","8":"product_tag-educatie","9":"product_tag-egalitate-de-sanse","10":"product_tag-inteligenta","12":"first","13":"instock","14":"shipping-taxable","15":"purchasable","16":"product-type-simple"},"_links":{"self":[{"href":"https:\/\/editura-unibuc.ro\/en\/wp-json\/wp\/v2\/product\/24555","targetHints":{"allow":["GET"]}}],"collection":[{"href":"https:\/\/editura-unibuc.ro\/en\/wp-json\/wp\/v2\/product"}],"about":[{"href":"https:\/\/editura-unibuc.ro\/en\/wp-json\/wp\/v2\/types\/product"}],"replies":[{"embeddable":true,"href":"https:\/\/editura-unibuc.ro\/en\/wp-json\/wp\/v2\/comments?post=24555"}],"wp:featuredmedia":[{"embeddable":true,"href":"https:\/\/editura-unibuc.ro\/en\/wp-json\/wp\/v2\/media\/24542"}],"wp:attachment":[{"href":"https:\/\/editura-unibuc.ro\/en\/wp-json\/wp\/v2\/media?parent=24555"}],"wp:term":[{"taxonomy":"product_brand","embeddable":true,"href":"https:\/\/editura-unibuc.ro\/en\/wp-json\/wp\/v2\/product_brand?post=24555"},{"taxonomy":"product_cat","embeddable":true,"href":"https:\/\/editura-unibuc.ro\/en\/wp-json\/wp\/v2\/product_cat?post=24555"},{"taxonomy":"product_tag","embeddable":true,"href":"https:\/\/editura-unibuc.ro\/en\/wp-json\/wp\/v2\/product_tag?post=24555"}],"curies":[{"name":"wp","href":"https:\/\/api.w.org\/{rel}","templated":true}]}}