{"id":24556,"date":"2019-03-28T09:40:50","date_gmt":"2019-03-28T07:40:50","guid":{"rendered":"https:\/\/editura-unibuc.ro\/?post_type=product&#038;p=24556"},"modified":"2025-08-07T12:18:41","modified_gmt":"2025-08-07T09:18:41","slug":"styles-of-communication-vol-10-nr-2-2018","status":"publish","type":"product","link":"https:\/\/editura-unibuc.ro\/en\/styles-of-communication-vol-10-nr-2-2018\/","title":{"rendered":"STYLES OF COMMUNICATION, VOL. 10, No. 2\/2018"},"content":{"rendered":"<p><strong>Contents<\/strong><\/p>\n<p>Nigar De\u011firmenci &amp; B\u00fc\u015fra Kaya<br \/>\n<em>Politics, Media and Power: Relationships within the Frameworks of Political Memory<\/em><\/p>\n<p>Abdelhamid Hati &amp; Amina Abdessemed-Foufa<br \/>\n<em>Valorisation num\u00e9rique des minoteries Alg\u00e9rienne du XIXe et XXe si\u00e8cle : l\u2019aurore d\u2019un processus de patrimonialisation d\u2019un patrimoine industriel<\/em><\/p>\n<p>Artan Krasniqi, Albert Mecini &amp; Dren G\u00ebrguri<br \/>\n<em>Legends about Women in Kosovo&#8217;s Monuments and their Media Presentation<\/em><\/p>\n<p>Aleksandra Misior-Mroczkowska<br \/>\n<em>The Retrospective Analysis of Selected Speeches Given by Winston Churchill from 1938 to 1945<\/em><\/p>\n<p>Marta Muzio\u0142<br \/>\n<em>The Linguistic Space of Cemeteries as a Reflection of Culture \u2013 Research Suggestion<\/em><\/p>\n<p>Jakub Parnes<br \/>\n<em>The Use and Misuse of ICT in Local Civil Dialogue in Poland<\/em><\/p>\n<p>Monika Piechota<br \/>\n<em>A Socio-Cultural Aspect of Anti-language<\/em><\/p>\n<p>Mateusz Pietrus<br \/>\n<em>Hillary Clinton\u2019s Debate Speech as an Example of American Political Discourse<\/em><\/p>\n<p>Anca \u0218erb\u0103nescu<br \/>\n<em>Tropaeum Traiani Monument. A Multi-Channel Strategy for Sustainable Development of the Territory through Cycle Tourism<\/em><\/p>\n<p>Leszek Wojteczek<br \/>\n<em>Woodrow Wilson\u2019s War to End All Wars<\/em><br \/>\n<em>Textual Features of the Presidential Address to Congress Delivered on April 2, 1917<\/em><\/p>\n","protected":false},"excerpt":{"rendered":"<p>Contents Nigar De\u011firmenci &amp; B\u00fc\u015fra Kaya Politics, Media and Power: Relationships within the Frameworks of Political Memory Abdelhamid Hati &amp; Amina Abdessemed-Foufa Valorisation num\u00e9rique des minoteries Alg\u00e9rienne du XIXe et XXe si\u00e8cle : l\u2019aurore d\u2019un processus de patrimonialisation d\u2019un patrimoine industriel Artan Krasniqi, Albert Mecini &amp; Dren G\u00ebrguri Legends about Women in Kosovo&#8217;s Monuments and [&hellip;]<\/p>\n","protected":false},"featured_media":24546,"comment_status":"open","ping_status":"closed","template":"","meta":[],"product_brand":[],"product_cat":[3940,1891,1469,1893,991,996],"product_tag":[1100],"class_list":{"0":"post-24556","1":"product","2":"type-product","3":"status-publish","4":"has-post-thumbnail","6":"product_cat-styles-of-communication","7":"product_cat-download","8":"product_cat-periodice","9":"product_cat-reviste-academice","10":"product_cat-stiinte-sociale","11":"product_cat-jurnalism-si-stiintele-comunicarii","12":"product_tag-jurnalism","14":"first","15":"outofstock","16":"downloadable","17":"virtual","18":"product-type-simple"},"_links":{"self":[{"href":"https:\/\/editura-unibuc.ro\/en\/wp-json\/wp\/v2\/product\/24556","targetHints":{"allow":["GET"]}}],"collection":[{"href":"https:\/\/editura-unibuc.ro\/en\/wp-json\/wp\/v2\/product"}],"about":[{"href":"https:\/\/editura-unibuc.ro\/en\/wp-json\/wp\/v2\/types\/product"}],"replies":[{"embeddable":true,"href":"https:\/\/editura-unibuc.ro\/en\/wp-json\/wp\/v2\/comments?post=24556"}],"wp:featuredmedia":[{"embeddable":true,"href":"https:\/\/editura-unibuc.ro\/en\/wp-json\/wp\/v2\/media\/24546"}],"wp:attachment":[{"href":"https:\/\/editura-unibuc.ro\/en\/wp-json\/wp\/v2\/media?parent=24556"}],"wp:term":[{"taxonomy":"product_brand","embeddable":true,"href":"https:\/\/editura-unibuc.ro\/en\/wp-json\/wp\/v2\/product_brand?post=24556"},{"taxonomy":"product_cat","embeddable":true,"href":"https:\/\/editura-unibuc.ro\/en\/wp-json\/wp\/v2\/product_cat?post=24556"},{"taxonomy":"product_tag","embeddable":true,"href":"https:\/\/editura-unibuc.ro\/en\/wp-json\/wp\/v2\/product_tag?post=24556"}],"curies":[{"name":"wp","href":"https:\/\/api.w.org\/{rel}","templated":true}]}}