{"id":2457,"date":"2012-09-18T13:47:57","date_gmt":"2012-09-18T10:47:57","guid":{"rendered":"https:\/\/editura-unibuc.ro\/?p=2457"},"modified":"2025-08-07T12:07:20","modified_gmt":"2025-08-07T09:07:20","slug":"studii-de-limba-romana-omagiu-profesorului-grigore-brancus","status":"publish","type":"product","link":"https:\/\/editura-unibuc.ro\/en\/studii-de-limba-romana-omagiu-profesorului-grigore-brancus\/","title":{"rendered":"ROMANIAN LANGUAGE STUDIES. HOMAGE TO PROFESSOR GRIGORE BR\u00c2NCU\u0218"},"content":{"rendered":"<p>Volumul aduce un omagiu personalit\u0103\u021bii de prim rang a lingvisticii rom\u00e2ne\u0219ti, profesorul Grigore Br\u00e2ncu\u0219, cu ocazia \u00eemplinirii v\u00e2rstei de 80 de ani. Prin studiile incluse aici, autorii \u2013 colegi, fo\u0219ti studen\u021bi sau doctoranzi, cercet\u0103tori sau cadre didactice, din \u021bar\u0103 sau din str\u0103in\u0103tate \u2013 au sintetizat, au preluat \u00eentr-o nou\u0103 ilustrare \u0219i au aprofundat idei deja formulate \u00een lucr\u0103rile profesorului, lucr\u0103ri ce formeaz\u0103 o oper\u0103 \u0219tiin\u021bific\u0103 impresionant\u0103. Studiile sunt semnate de 34 autori, actuali cercet\u0103tori de prestigiu, rom\u00e2ni \u0219i str\u0103ini, pe t\u0103r\u00e2mul cercet\u0103rii lingvistice.<\/p>\n","protected":false},"excerpt":{"rendered":"<p>Volumul aduce un omagiu personalit\u0103\u021bii de prim rang a lingvisticii rom\u00e2ne\u0219ti, profesorul Grigore Br\u00e2ncu\u0219, cu ocazia \u00eemplinirii v\u00e2rstei de 80 de ani. Prin studiile incluse aici, autorii \u2013 colegi, fo\u0219ti studen\u021bi sau doctoranzi, cercet\u0103tori sau cadre didactice, din \u021bar\u0103 sau din str\u0103in\u0103tate \u2013 au sintetizat, au preluat \u00eentr-o nou\u0103 ilustrare \u0219i au aprofundat idei deja [&hellip;]<\/p>\n","protected":false},"featured_media":10730,"comment_status":"open","ping_status":"closed","template":"","meta":[],"product_brand":[],"product_cat":[1531,2509,1464,979],"product_tag":[925],"class_list":{"0":"post-2457","1":"product","2":"type-product","3":"status-publish","4":"has-post-thumbnail","6":"product_cat-colectii","7":"product_cat-personalitati-ale-universitatii-din-bucuresti","8":"product_cat-filologie","9":"product_cat-limba-romana","10":"product_tag-romana","12":"first","13":"outofstock","14":"shipping-taxable","15":"purchasable","16":"product-type-simple"},"_links":{"self":[{"href":"https:\/\/editura-unibuc.ro\/en\/wp-json\/wp\/v2\/product\/2457","targetHints":{"allow":["GET"]}}],"collection":[{"href":"https:\/\/editura-unibuc.ro\/en\/wp-json\/wp\/v2\/product"}],"about":[{"href":"https:\/\/editura-unibuc.ro\/en\/wp-json\/wp\/v2\/types\/product"}],"replies":[{"embeddable":true,"href":"https:\/\/editura-unibuc.ro\/en\/wp-json\/wp\/v2\/comments?post=2457"}],"wp:featuredmedia":[{"embeddable":true,"href":"https:\/\/editura-unibuc.ro\/en\/wp-json\/wp\/v2\/media\/10730"}],"wp:attachment":[{"href":"https:\/\/editura-unibuc.ro\/en\/wp-json\/wp\/v2\/media?parent=2457"}],"wp:term":[{"taxonomy":"product_brand","embeddable":true,"href":"https:\/\/editura-unibuc.ro\/en\/wp-json\/wp\/v2\/product_brand?post=2457"},{"taxonomy":"product_cat","embeddable":true,"href":"https:\/\/editura-unibuc.ro\/en\/wp-json\/wp\/v2\/product_cat?post=2457"},{"taxonomy":"product_tag","embeddable":true,"href":"https:\/\/editura-unibuc.ro\/en\/wp-json\/wp\/v2\/product_tag?post=2457"}],"curies":[{"name":"wp","href":"https:\/\/api.w.org\/{rel}","templated":true}]}}