{"id":2461,"date":"2012-09-18T13:56:05","date_gmt":"2012-09-18T10:56:05","guid":{"rendered":"https:\/\/editura-unibuc.ro\/?p=2461"},"modified":"2025-08-06T13:48:41","modified_gmt":"2025-08-06T10:48:41","slug":"in-honorem-george-mihaila","status":"publish","type":"product","link":"https:\/\/editura-unibuc.ro\/en\/in-honorem-george-mihaila\/","title":{"rendered":"IN HONOREM GEHORGHE MIH\u0102IL\u0102NOREM"},"content":{"rendered":"<p>\u201cAcad. Gheorghe Mih\u0103il\u0103 este \u00eens\u0103, \u00eenainte de orice, un om cu mult\u0103 \u0219tiin\u021b\u0103 de carte, un slavist eminent, un \u201cvechist\u201d dintr-o spe\u021b\u0103 pe cale de dispari\u021bie, am impresia, \u00een zilele noastre. [&#8230;] Profesorul Gheorghe Mih\u0103il\u0103, ie\u0219it din lumea solid\u0103 a satului rom\u00e2nesc de peste mun\u021bi, este, cum am zis, un veritabil om de carte, un savant \u2013 dac\u0103 vre\u021bi \u2013 \u00een tradi\u021bia lui Ha\u0219deu \u0219i Emil Petrovici, devotat \u0219i riguros. Pentru mine, el reprezint\u0103, \u00eenainte de orice, bunul sim\u021b rom\u00e2nesc \u0219i statornicia spiritului rom\u00e2nesc\u201d. (acad. Eugen Simion)<\/p>\n","protected":false},"excerpt":{"rendered":"<p>\u201cAcad. Gheorghe Mih\u0103il\u0103 este \u00eens\u0103, \u00eenainte de orice, un om cu mult\u0103 \u0219tiin\u021b\u0103 de carte, un slavist eminent, un \u201cvechist\u201d dintr-o spe\u021b\u0103 pe cale de dispari\u021bie, am impresia, \u00een zilele noastre. [&#8230;] Profesorul Gheorghe Mih\u0103il\u0103, ie\u0219it din lumea solid\u0103 a satului rom\u00e2nesc de peste mun\u021bi, este, cum am zis, un veritabil om de carte, un [&hellip;]<\/p>\n","protected":false},"featured_media":10727,"comment_status":"open","ping_status":"closed","template":"","meta":[],"product_brand":[],"product_cat":[1531,2509,1464,979],"product_tag":[925],"class_list":{"0":"post-2461","1":"product","2":"type-product","3":"status-publish","4":"has-post-thumbnail","6":"product_cat-colectii","7":"product_cat-personalitati-ale-universitatii-din-bucuresti","8":"product_cat-filologie","9":"product_cat-limba-romana","10":"product_tag-romana","12":"first","13":"outofstock","14":"shipping-taxable","15":"purchasable","16":"product-type-simple"},"_links":{"self":[{"href":"https:\/\/editura-unibuc.ro\/en\/wp-json\/wp\/v2\/product\/2461","targetHints":{"allow":["GET"]}}],"collection":[{"href":"https:\/\/editura-unibuc.ro\/en\/wp-json\/wp\/v2\/product"}],"about":[{"href":"https:\/\/editura-unibuc.ro\/en\/wp-json\/wp\/v2\/types\/product"}],"replies":[{"embeddable":true,"href":"https:\/\/editura-unibuc.ro\/en\/wp-json\/wp\/v2\/comments?post=2461"}],"wp:featuredmedia":[{"embeddable":true,"href":"https:\/\/editura-unibuc.ro\/en\/wp-json\/wp\/v2\/media\/10727"}],"wp:attachment":[{"href":"https:\/\/editura-unibuc.ro\/en\/wp-json\/wp\/v2\/media?parent=2461"}],"wp:term":[{"taxonomy":"product_brand","embeddable":true,"href":"https:\/\/editura-unibuc.ro\/en\/wp-json\/wp\/v2\/product_brand?post=2461"},{"taxonomy":"product_cat","embeddable":true,"href":"https:\/\/editura-unibuc.ro\/en\/wp-json\/wp\/v2\/product_cat?post=2461"},{"taxonomy":"product_tag","embeddable":true,"href":"https:\/\/editura-unibuc.ro\/en\/wp-json\/wp\/v2\/product_tag?post=2461"}],"curies":[{"name":"wp","href":"https:\/\/api.w.org\/{rel}","templated":true}]}}