{"id":24626,"date":"2019-04-13T11:31:12","date_gmt":"2019-04-13T08:31:12","guid":{"rendered":"https:\/\/editura-unibuc.ro\/?post_type=product&#038;p=24626"},"modified":"2019-04-13T11:31:14","modified_gmt":"2019-04-13T08:31:14","slug":"omagiu-profesorului-grigore-brancus-la-90-de-ani","status":"publish","type":"product","link":"https:\/\/editura-unibuc.ro\/en\/omagiu-profesorului-grigore-brancus-la-90-de-ani\/","title":{"rendered":"A TRIBUTE TO PROFESSOR GRIGORE BR\u00c2NCU\u015e. ON HIS 90th BIRTHDAY"},"content":{"rendered":"<p>Personalitate de prim rang a lingvisticii rom\u00e2ne\u015fti actuale, profesorul Grigore Br\u00e2ncu\u015f, membru titular al Academiei Rom\u00e2ne, este autorul unor lucr\u0103ri de referin\u0163\u0103 \u00een diverse domenii \u2013 istoria limbii, gramatic\u0103, dialectologie, lexicologie, filologie, istoria limbii literare, toponimie, antroponimie, stilistic\u0103 \u2013, ce privesc forme multiple de manifestare a limbii rom\u00e2ne \u00een toate etapele de evolu\u021bie a acesteia.<\/p>\n<p>Prin aceast\u0103 abordare complex\u0103, din perspective multiple, a fenomenului lingvistic rom\u00e2nesc, studiat \u00een totalitatea sa, academicianul Grigore Br\u00e2ncu\u0219 a pus \u00een eviden\u021b\u0103 necesitatea \u0219i utilitatea preg\u0103tirii multilaterale a lingvistului. Iar prin claritatea \u0219i coeren\u021ba redact\u0103rilor sale demonstreaz\u0103 c\u0103 rezultatul celor mai dificile cercet\u0103ri, \u00eentreprinse totdeauna cu \u00een\u021belegerea deplin\u0103 a modului de func\u021bionare a sistemului limbii, trebuie comunicat \u00een form\u0103 \u00eendelung \u201el\u0103murit\u0103\u201d.<\/p>\n","protected":false},"excerpt":{"rendered":"<p>Personalitate de prim rang a lingvisticii rom\u00e2ne\u015fti actuale, profesorul Grigore Br\u00e2ncu\u015f, membru titular al Academiei Rom\u00e2ne, este autorul unor lucr\u0103ri de referin\u0163\u0103 \u00een diverse domenii \u2013 istoria limbii, gramatic\u0103, dialectologie, lexicologie, filologie, istoria limbii literare, toponimie, antroponimie, stilistic\u0103 \u2013, ce privesc forme multiple de manifestare a limbii rom\u00e2ne \u00een toate etapele de evolu\u021bie a acesteia. [&hellip;]<\/p>\n","protected":false},"featured_media":24628,"comment_status":"open","ping_status":"closed","template":"","meta":[],"product_brand":[],"product_cat":[1531,2509,1464,979],"product_tag":[3251,3250,949,3249],"class_list":{"0":"post-24626","1":"product","2":"type-product","3":"status-publish","4":"has-post-thumbnail","6":"product_cat-colectii","7":"product_cat-personalitati-ale-universitatii-din-bucuresti","8":"product_cat-filologie","9":"product_cat-limba-romana","10":"product_tag-grigore-brancus","11":"product_tag-lingvistica-romaneasca","12":"product_tag-omagiu","13":"product_tag-personalitati-ale-universitatii-din-bucuresti","15":"first","16":"instock","17":"shipping-taxable","18":"purchasable","19":"product-type-simple"},"_links":{"self":[{"href":"https:\/\/editura-unibuc.ro\/en\/wp-json\/wp\/v2\/product\/24626","targetHints":{"allow":["GET"]}}],"collection":[{"href":"https:\/\/editura-unibuc.ro\/en\/wp-json\/wp\/v2\/product"}],"about":[{"href":"https:\/\/editura-unibuc.ro\/en\/wp-json\/wp\/v2\/types\/product"}],"replies":[{"embeddable":true,"href":"https:\/\/editura-unibuc.ro\/en\/wp-json\/wp\/v2\/comments?post=24626"}],"wp:featuredmedia":[{"embeddable":true,"href":"https:\/\/editura-unibuc.ro\/en\/wp-json\/wp\/v2\/media\/24628"}],"wp:attachment":[{"href":"https:\/\/editura-unibuc.ro\/en\/wp-json\/wp\/v2\/media?parent=24626"}],"wp:term":[{"taxonomy":"product_brand","embeddable":true,"href":"https:\/\/editura-unibuc.ro\/en\/wp-json\/wp\/v2\/product_brand?post=24626"},{"taxonomy":"product_cat","embeddable":true,"href":"https:\/\/editura-unibuc.ro\/en\/wp-json\/wp\/v2\/product_cat?post=24626"},{"taxonomy":"product_tag","embeddable":true,"href":"https:\/\/editura-unibuc.ro\/en\/wp-json\/wp\/v2\/product_tag?post=24626"}],"curies":[{"name":"wp","href":"https:\/\/api.w.org\/{rel}","templated":true}]}}