{"id":2465,"date":"2012-09-18T14:07:03","date_gmt":"2012-09-18T11:07:03","guid":{"rendered":"https:\/\/editura-unibuc.ro\/?p=2465"},"modified":"2022-05-10T12:39:09","modified_gmt":"2022-05-10T09:39:09","slug":"relatiile-publice-modele-teoretice-si-studii-de-caz","status":"publish","type":"product","link":"https:\/\/editura-unibuc.ro\/en\/relatiile-publice-modele-teoretice-si-studii-de-caz\/","title":{"rendered":"PUBLIC RELATIONS: THEORETICAL MODELS AND CASE STUDIES"},"content":{"rendered":"<p>Deceniile succesive de practic\u0103 a rela\u021biilor publice \u00een cele mai diverse zone ale vie\u021bii sociale, politice, economice \u0219i culturale au dovedit c\u0103 problemele specifice cu care se confrunt\u0103 practicienii nu pot fi rezolvate numai prin liste de instruc\u021biuni \u0219i proceduri standard, \u00een plus este nevoie de metode de cercetare (at\u00e2t aplicat\u0103, c\u00e2t \u0219i fundamental\u0103), care s\u0103 investigheze varietatea situa\u021biilor concrete, este nevoie de construc\u021bii teoretice elaborate care s\u0103 \u021bin\u0103 seama de specificul acestor activit\u0103\u021bi \u0219i s\u0103 ofere o viziune integratoare cu valoare de generalitate.<\/p>\n","protected":false},"excerpt":{"rendered":"<p>Deceniile succesive de practic\u0103 a rela\u021biilor publice \u00een cele mai diverse zone ale vie\u021bii sociale, politice, economice \u0219i culturale au dovedit c\u0103 problemele specifice cu care se confrunt\u0103 practicienii nu pot fi rezolvate numai prin liste de instruc\u021biuni \u0219i proceduri standard, \u00een plus este nevoie de metode de cercetare (at\u00e2t aplicat\u0103, c\u00e2t \u0219i fundamental\u0103), care [&hellip;]<\/p>\n","protected":false},"featured_media":10724,"comment_status":"open","ping_status":"closed","template":"","meta":[],"product_brand":[],"product_cat":[1464,979],"product_tag":[1203],"class_list":{"0":"post-2465","1":"product","2":"type-product","3":"status-publish","4":"has-post-thumbnail","6":"product_cat-filologie","7":"product_cat-limba-romana","8":"product_tag-relatii-publice","10":"first","11":"outofstock","12":"shipping-taxable","13":"purchasable","14":"product-type-simple"},"_links":{"self":[{"href":"https:\/\/editura-unibuc.ro\/en\/wp-json\/wp\/v2\/product\/2465","targetHints":{"allow":["GET"]}}],"collection":[{"href":"https:\/\/editura-unibuc.ro\/en\/wp-json\/wp\/v2\/product"}],"about":[{"href":"https:\/\/editura-unibuc.ro\/en\/wp-json\/wp\/v2\/types\/product"}],"replies":[{"embeddable":true,"href":"https:\/\/editura-unibuc.ro\/en\/wp-json\/wp\/v2\/comments?post=2465"}],"wp:featuredmedia":[{"embeddable":true,"href":"https:\/\/editura-unibuc.ro\/en\/wp-json\/wp\/v2\/media\/10724"}],"wp:attachment":[{"href":"https:\/\/editura-unibuc.ro\/en\/wp-json\/wp\/v2\/media?parent=2465"}],"wp:term":[{"taxonomy":"product_brand","embeddable":true,"href":"https:\/\/editura-unibuc.ro\/en\/wp-json\/wp\/v2\/product_brand?post=2465"},{"taxonomy":"product_cat","embeddable":true,"href":"https:\/\/editura-unibuc.ro\/en\/wp-json\/wp\/v2\/product_cat?post=2465"},{"taxonomy":"product_tag","embeddable":true,"href":"https:\/\/editura-unibuc.ro\/en\/wp-json\/wp\/v2\/product_tag?post=2465"}],"curies":[{"name":"wp","href":"https:\/\/api.w.org\/{rel}","templated":true}]}}