{"id":24685,"date":"2019-04-26T08:19:51","date_gmt":"2019-04-26T05:19:51","guid":{"rendered":"https:\/\/editura-unibuc.ro\/?post_type=product&#038;p=24685"},"modified":"2025-08-28T10:40:33","modified_gmt":"2025-08-28T07:40:33","slug":"bucharest-student-letters-colloquia-colocviile-studentesti-ale-facultatii-de-litere-best-letters-colloquia-volumul-v-2018","status":"publish","type":"product","link":"https:\/\/editura-unibuc.ro\/en\/bucharest-student-letters-colloquia-colocviile-studentesti-ale-facultatii-de-litere-best-letters-colloquia-volumul-v-2018\/","title":{"rendered":"BUCHAREST STUDENT LETTERS COLLOQUIA. COLOCVIILE STUDEN\u0162E\u015eTI ALE FACULT\u0102\u0162II DE LITERE (Best Letters Colloquia). VOLUMUL V\/2018"},"content":{"rendered":"<p>\u201eCulturile antice obi\u0219nuiau s\u0103 sanc\u021bioneze\u00a0<i>vederea dincolo de vizibil<\/i>, iar cel care \u00eendr\u0103znea s\u0103 comit\u0103 un astfel de gest era aspru pedepsit.<br \/>\nCulturile moderne \u00ee\u0219i \u00eendreapt\u0103 aten\u021bia deopotriv\u0103 \u00eenspre trecut \u0219i viitor, \u00eencerc\u00e2nd s\u0103 scoat\u0103 la iveal\u0103 r\u0103d\u0103cinile, \u00eenceputurile, pentru a \u00een\u021belege cum anume s\u0103 p\u0103\u0219easc\u0103 mai departe. \u00centoarcerea c\u0103tre ceea ce a fost nu este doar un gest marcat de nostalgie, ci \u0219i unul care presupune puterea miraculoas\u0103 de a descoperi s\u0103m\u00e2n\u021ba \u00een fructul deja p\u00e2rguit, de a intui leg\u0103turile \u0219i continuit\u0103\u021bile.\u02ee (Cristina Bogdan)<\/p>\n","protected":false},"excerpt":{"rendered":"<p>\u201eCulturile antice obi\u0219nuiau s\u0103 sanc\u021bioneze\u00a0vederea dincolo de vizibil, iar cel care \u00eendr\u0103znea s\u0103 comit\u0103 un astfel de gest era aspru pedepsit. Culturile moderne \u00ee\u0219i \u00eendreapt\u0103 aten\u021bia deopotriv\u0103 \u00eenspre trecut \u0219i viitor, \u00eencerc\u00e2nd s\u0103 scoat\u0103 la iveal\u0103 r\u0103d\u0103cinile, \u00eenceputurile, pentru a \u00een\u021belege cum anume s\u0103 p\u0103\u0219easc\u0103 mai departe. \u00centoarcerea c\u0103tre ceea ce a fost nu este [&hellip;]<\/p>\n","protected":false},"featured_media":24687,"comment_status":"open","ping_status":"closed","template":"","meta":[],"product_brand":[],"product_cat":[3906,3823,3039,1464,976,977,979,980,981,1469,991,992,996],"product_tag":[3262,3255,3259,1005,895,3257,3256,3261,3041,3260,1283,3258,1208],"class_list":{"0":"post-24685","1":"product","2":"type-product","3":"status-publish","4":"has-post-thumbnail","6":"product_cat-lucrari-congrese","7":"product_cat-stiinte-umane","8":"product_cat-best-letters-colloquia","9":"product_cat-filologie","10":"product_cat-limba-engleza","11":"product_cat-limba-franceza","12":"product_cat-limba-romana","13":"product_cat-limbi-romanice-clasice-si-orientale","14":"product_cat-limbi-slave","15":"product_cat-periodice","16":"product_cat-stiinte-sociale","17":"product_cat-administratie-si-afaceri","18":"product_cat-jurnalism-si-stiintele-comunicarii","19":"product_tag-asistenta-manageriala-si-administrativa","20":"product_tag-atudii-literare","21":"product_tag-comunicare-si-relatii-publice","22":"product_tag-didactica","23":"product_tag-lingvistica","24":"product_tag-literatura-romana-premoderna","25":"product_tag-literatura-universala-si-comparata","26":"product_tag-stiinte-administrative","27":"product_tag-stiinte-ale-comunicarii","28":"product_tag-stiinte-ale-informarii-si-documentarii","29":"product_tag-studii-culturale","30":"product_tag-studii-europene-si-etnologie","31":"product_tag-teorie-literara","33":"first","34":"instock","35":"shipping-taxable","36":"purchasable","37":"product-type-simple"},"_links":{"self":[{"href":"https:\/\/editura-unibuc.ro\/en\/wp-json\/wp\/v2\/product\/24685","targetHints":{"allow":["GET"]}}],"collection":[{"href":"https:\/\/editura-unibuc.ro\/en\/wp-json\/wp\/v2\/product"}],"about":[{"href":"https:\/\/editura-unibuc.ro\/en\/wp-json\/wp\/v2\/types\/product"}],"replies":[{"embeddable":true,"href":"https:\/\/editura-unibuc.ro\/en\/wp-json\/wp\/v2\/comments?post=24685"}],"wp:featuredmedia":[{"embeddable":true,"href":"https:\/\/editura-unibuc.ro\/en\/wp-json\/wp\/v2\/media\/24687"}],"wp:attachment":[{"href":"https:\/\/editura-unibuc.ro\/en\/wp-json\/wp\/v2\/media?parent=24685"}],"wp:term":[{"taxonomy":"product_brand","embeddable":true,"href":"https:\/\/editura-unibuc.ro\/en\/wp-json\/wp\/v2\/product_brand?post=24685"},{"taxonomy":"product_cat","embeddable":true,"href":"https:\/\/editura-unibuc.ro\/en\/wp-json\/wp\/v2\/product_cat?post=24685"},{"taxonomy":"product_tag","embeddable":true,"href":"https:\/\/editura-unibuc.ro\/en\/wp-json\/wp\/v2\/product_tag?post=24685"}],"curies":[{"name":"wp","href":"https:\/\/api.w.org\/{rel}","templated":true}]}}