{"id":2474,"date":"2012-09-18T14:35:25","date_gmt":"2012-09-18T11:35:25","guid":{"rendered":"https:\/\/editura-unibuc.ro\/?p=2474"},"modified":"2015-10-27T13:28:51","modified_gmt":"2015-10-27T11:28:51","slug":"redactare-si-corespondenta-editia-a-ii-a-revazuta-si-adaugita","status":"publish","type":"product","link":"https:\/\/editura-unibuc.ro\/en\/redactare-si-corespondenta-editia-a-ii-a-revazuta-si-adaugita\/","title":{"rendered":"DRAFTING AND CORRESPONDENCE. SECOND EDITION, REVISED"},"content":{"rendered":"<p>\u00cen era noilor tehnologii comunica\u021bionale \u0219i informa\u021bionale, comunicarea scris\u0103 devine tot mai important\u0103 \u00een rela\u021biile profesionale.<\/p>\n","protected":false},"excerpt":{"rendered":"<p>\u00cen era noilor tehnologii comunica\u021bionale \u0219i informa\u021bionale, comunicarea scris\u0103 devine tot mai important\u0103 \u00een rela\u021biile profesionale.<\/p>\n","protected":false},"featured_media":0,"comment_status":"open","ping_status":"closed","template":"","meta":[],"product_brand":[],"product_cat":[1464,979],"product_tag":[1351,925],"class_list":{"0":"post-2474","1":"product","2":"type-product","3":"status-publish","5":"product_cat-filologie","6":"product_cat-limba-romana","7":"product_tag-corespondenta","8":"product_tag-romana","10":"first","11":"outofstock","12":"shipping-taxable","13":"purchasable","14":"product-type-simple"},"_links":{"self":[{"href":"https:\/\/editura-unibuc.ro\/en\/wp-json\/wp\/v2\/product\/2474","targetHints":{"allow":["GET"]}}],"collection":[{"href":"https:\/\/editura-unibuc.ro\/en\/wp-json\/wp\/v2\/product"}],"about":[{"href":"https:\/\/editura-unibuc.ro\/en\/wp-json\/wp\/v2\/types\/product"}],"replies":[{"embeddable":true,"href":"https:\/\/editura-unibuc.ro\/en\/wp-json\/wp\/v2\/comments?post=2474"}],"wp:attachment":[{"href":"https:\/\/editura-unibuc.ro\/en\/wp-json\/wp\/v2\/media?parent=2474"}],"wp:term":[{"taxonomy":"product_brand","embeddable":true,"href":"https:\/\/editura-unibuc.ro\/en\/wp-json\/wp\/v2\/product_brand?post=2474"},{"taxonomy":"product_cat","embeddable":true,"href":"https:\/\/editura-unibuc.ro\/en\/wp-json\/wp\/v2\/product_cat?post=2474"},{"taxonomy":"product_tag","embeddable":true,"href":"https:\/\/editura-unibuc.ro\/en\/wp-json\/wp\/v2\/product_tag?post=2474"}],"curies":[{"name":"wp","href":"https:\/\/api.w.org\/{rel}","templated":true}]}}