{"id":24756,"date":"2019-05-10T10:47:24","date_gmt":"2019-05-10T07:47:24","guid":{"rendered":"https:\/\/editura-unibuc.ro\/?post_type=product&#038;p=24756"},"modified":"2025-05-13T10:34:48","modified_gmt":"2025-05-13T07:34:48","slug":"terapia-ocupationala-in-educatie-integrare-prin-cantec-si-culoare","status":"publish","type":"product","link":"https:\/\/editura-unibuc.ro\/en\/terapia-ocupationala-in-educatie-integrare-prin-cantec-si-culoare\/","title":{"rendered":"TERAPIA OCUPA\u021aIONAL\u0102 \u00ceN EDUCA\u021aIE: INTEGRARE PRIN C\u00c2NTEC \u0218I CULOARE"},"content":{"rendered":"<p><\/p>\n<hr \/>\n<p><strong><a href=\"https:\/\/books.google.ro\/books\/about?id=dM9CEAAAQBAJ&#038;redir_esc=y\" target=\"_blank\" rel=\"noopener\"><img decoding=\"async\" src=\"https:\/\/editura-unibuc.ro\/wp-content\/uploads\/2025\/04\/goo.png\" \/>Google Books<\/a><\/strong><br \/>&nbsp;<\/p>\n<hr \/>\n<p>Artterapia \u00eenva\u021b\u0103 copiii \u0219i oamenii mari, deopotriv\u0103, s\u0103 se exprime, s\u0103 dea fr\u00e2u liber creativit\u0103\u021bii. Fie c\u0103 este artterapie prin pictur\u0103, prin modelaj, prin joc, teatru, c\u00e2ntec sau dans, copilul \u00eenva\u021b\u0103 s\u0103 se exprime liber, s\u0103 devin\u0103 mai \u00eencrez\u0103tor \u00een for\u021bele proprii, s\u0103 comunice \u0219i s\u0103 rela\u021bioneze, \u00eentr-un cuv\u00e2nt, s\u0103 fie un copil fericit.<\/p>","protected":false},"excerpt":{"rendered":"<p>Google Books&nbsp; Artterapia \u00eenva\u021b\u0103 copiii \u0219i oamenii mari, deopotriv\u0103, s\u0103 se exprime, s\u0103 dea fr\u00e2u liber creativit\u0103\u021bii. Fie c\u0103 este artterapie prin pictur\u0103, prin modelaj, prin joc, teatru, c\u00e2ntec sau dans, copilul \u00eenva\u021b\u0103 s\u0103 se exprime liber, s\u0103 devin\u0103 mai \u00eencrez\u0103tor \u00een for\u021bele proprii, s\u0103 comunice \u0219i s\u0103 rela\u021bioneze, \u00eentr-un cuv\u00e2nt, s\u0103 fie un copil [&hellip;]<\/p>\n","protected":false},"featured_media":24752,"comment_status":"open","ping_status":"closed","template":"","meta":[],"product_brand":[],"product_cat":[1531,2687,991,997],"product_tag":[3274,3276,3275,3277,2037,3273],"class_list":{"0":"post-24756","1":"product","2":"type-product","3":"status-publish","4":"has-post-thumbnail","6":"product_cat-colectii","7":"product_cat-stiintele-educatiei","8":"product_cat-stiinte-sociale","9":"product_cat-psihologie-stiintele-educatiei-si-pedagogie","10":"product_tag-artterapie","11":"product_tag-capacitati","12":"product_tag-creatie","13":"product_tag-elevi-cu-dizabilitati","14":"product_tag-joc","15":"product_tag-ruxandra-folostina","17":"first","18":"outofstock","19":"shipping-taxable","20":"purchasable","21":"product-type-simple"},"_links":{"self":[{"href":"https:\/\/editura-unibuc.ro\/en\/wp-json\/wp\/v2\/product\/24756","targetHints":{"allow":["GET"]}}],"collection":[{"href":"https:\/\/editura-unibuc.ro\/en\/wp-json\/wp\/v2\/product"}],"about":[{"href":"https:\/\/editura-unibuc.ro\/en\/wp-json\/wp\/v2\/types\/product"}],"replies":[{"embeddable":true,"href":"https:\/\/editura-unibuc.ro\/en\/wp-json\/wp\/v2\/comments?post=24756"}],"wp:featuredmedia":[{"embeddable":true,"href":"https:\/\/editura-unibuc.ro\/en\/wp-json\/wp\/v2\/media\/24752"}],"wp:attachment":[{"href":"https:\/\/editura-unibuc.ro\/en\/wp-json\/wp\/v2\/media?parent=24756"}],"wp:term":[{"taxonomy":"product_brand","embeddable":true,"href":"https:\/\/editura-unibuc.ro\/en\/wp-json\/wp\/v2\/product_brand?post=24756"},{"taxonomy":"product_cat","embeddable":true,"href":"https:\/\/editura-unibuc.ro\/en\/wp-json\/wp\/v2\/product_cat?post=24756"},{"taxonomy":"product_tag","embeddable":true,"href":"https:\/\/editura-unibuc.ro\/en\/wp-json\/wp\/v2\/product_tag?post=24756"}],"curies":[{"name":"wp","href":"https:\/\/api.w.org\/{rel}","templated":true}]}}