{"id":24758,"date":"2019-05-10T10:52:49","date_gmt":"2019-05-10T07:52:49","guid":{"rendered":"https:\/\/editura-unibuc.ro\/?post_type=product&#038;p=24758"},"modified":"2023-03-17T11:28:01","modified_gmt":"2023-03-17T09:28:01","slug":"international-scientific-conference-education-sport-and-health-bucharest-march-22nd-2019-journal-of-abstracts","status":"publish","type":"product","link":"https:\/\/editura-unibuc.ro\/en\/international-scientific-conference-education-sport-and-health-bucharest-march-22nd-2019-journal-of-abstracts\/","title":{"rendered":"INTERNATIONAL SCIENTIFIC CONFERENCE  \u201cEDUCATION, SPORT AND HEALTH\u201c, Bucharest, March 22nd, 2019. Journal of Abstracts"},"content":{"rendered":"<p>Under Aegis of the:<br \/>\nF\u00c9D\u00c9RATION INTERNATIONALE D`\u00c9DUCATION PHYSIQUE, ROMANIAN COUNCIL OF SPORT SCIENCE, BUCHAREST; SOCIETY OF SCIENCE, HUMAN EXCELLENCE AND UNIVERSITY SPORT; DEPARTMENT OF PHYSICAL EDUCATION AND SPORT, UNIVERSITY OF BUCHAREST<\/p>\n<p>Disponibil \u00een format electronic \u00een sec\u0163iunea Download (gratuit), precum \u015fi la adresa http:\/\/www.defs.unibuc.ro\/conferintaub\/revista.php (ISSN 2601-4998; ISSN-L 2601-4971). Este num\u0103r inaugural (\u00eenlocuind  publica\u0163ia International Session of Scientific Communications. The role of Physical Education and Sport in Promoting a Healthy Lifestyle), sub deviza 100 Rom\u00e2nia (1918-2018) \u201eEducation, Sport and Health \u2013 A Century of Performance\u201d. A ap\u0103rut, pe l\u00e2ng\u0103 formatul online, \u00een format tip\u0103rit (ISSN 2601-4971; ISSN-L 2601-4971) \u015fi CD-ROM  (ISSN 2601-498X;  ISSN-L 2601-4971).<br \/>\n<\/p>","protected":false},"excerpt":{"rendered":"<p>Under Aegis of the: F\u00c9D\u00c9RATION INTERNATIONALE D`\u00c9DUCATION PHYSIQUE, ROMANIAN COUNCIL OF SPORT SCIENCE, BUCHAREST; SOCIETY OF SCIENCE, HUMAN EXCELLENCE AND UNIVERSITY SPORT; DEPARTMENT OF PHYSICAL EDUCATION AND SPORT, UNIVERSITY OF BUCHAREST Disponibil \u00een format electronic \u00een sec\u0163iunea Download (gratuit), precum \u015fi la adresa http:\/\/www.defs.unibuc.ro\/conferintaub\/revista.php (ISSN 2601-4998; ISSN-L 2601-4971). Este num\u0103r inaugural (\u00eenlocuind publica\u0163ia International Session [&hellip;]<\/p>\n","protected":false},"featured_media":24760,"comment_status":"open","ping_status":"closed","template":"","meta":[],"product_brand":[],"product_cat":[3906,1891,993,1469],"product_tag":[2525,2524,1269],"class_list":{"0":"post-24758","1":"product","2":"type-product","3":"status-publish","4":"has-post-thumbnail","6":"product_cat-lucrari-congrese","7":"product_cat-download","8":"product_cat-educatie-fizica-si-sport","9":"product_cat-periodice","10":"product_tag-kinetotherapy","11":"product_tag-physical-education","12":"product_tag-sport","14":"first","15":"instock","16":"downloadable","17":"virtual","18":"product-type-simple"},"_links":{"self":[{"href":"https:\/\/editura-unibuc.ro\/en\/wp-json\/wp\/v2\/product\/24758","targetHints":{"allow":["GET"]}}],"collection":[{"href":"https:\/\/editura-unibuc.ro\/en\/wp-json\/wp\/v2\/product"}],"about":[{"href":"https:\/\/editura-unibuc.ro\/en\/wp-json\/wp\/v2\/types\/product"}],"replies":[{"embeddable":true,"href":"https:\/\/editura-unibuc.ro\/en\/wp-json\/wp\/v2\/comments?post=24758"}],"wp:featuredmedia":[{"embeddable":true,"href":"https:\/\/editura-unibuc.ro\/en\/wp-json\/wp\/v2\/media\/24760"}],"wp:attachment":[{"href":"https:\/\/editura-unibuc.ro\/en\/wp-json\/wp\/v2\/media?parent=24758"}],"wp:term":[{"taxonomy":"product_brand","embeddable":true,"href":"https:\/\/editura-unibuc.ro\/en\/wp-json\/wp\/v2\/product_brand?post=24758"},{"taxonomy":"product_cat","embeddable":true,"href":"https:\/\/editura-unibuc.ro\/en\/wp-json\/wp\/v2\/product_cat?post=24758"},{"taxonomy":"product_tag","embeddable":true,"href":"https:\/\/editura-unibuc.ro\/en\/wp-json\/wp\/v2\/product_tag?post=24758"}],"curies":[{"name":"wp","href":"https:\/\/api.w.org\/{rel}","templated":true}]}}