{"id":2477,"date":"2012-09-18T14:44:08","date_gmt":"2012-09-18T11:44:08","guid":{"rendered":"https:\/\/editura-unibuc.ro\/?p=2477"},"modified":"2018-05-08T11:06:38","modified_gmt":"2018-05-08T08:06:38","slug":"categoria-partitivului-in-limba-romana","status":"publish","type":"product","link":"https:\/\/editura-unibuc.ro\/en\/categoria-partitivului-in-limba-romana\/","title":{"rendered":"THE PARTITIVE IN ROMANIAN"},"content":{"rendered":"<p>Isabela Nedelcu este lector universitar la Facultatea de Litere a Universit\u0103\u021bii din Bucure\u0219ti \u0219i cercet\u0103tor \u0219tiin\u021bific \u00een cadrul Sectorului de gramatic\u0103 al Institutului de Lingvistic\u0103 \u201cIorgu Iordan \u2013 Al. Rosetti\u201d. Doctor \u00een filologie (2008). Coautoare a <strong>Gramaticii limbii rom\u00e2ne <\/strong>(GALR), Editura Academiei Rom\u00e2ne, 2005, pentru care a ob\u021binut Premiul (colectiv) \u201cTimotei Cipariu\u201d al Academiei Rom\u00e2ne. Autoare a mai multe articole av\u00e2nd ca obiect sintaxa, semantica, morfologia, cultivarea limbii.<\/p>\n<p>Cartea ofer\u0103 o descriere a rela\u021biei dintre parte \u0219i \u00eentreg la nivel lexical, semantic \u0219i sintactic. Analiza propus\u0103 de autoare eviden\u021biaz\u0103, pe de o parte, caracteristicile partitivului \u00een general, ca o categorie universal\u0103, pe de alt\u0103 parte, caracteristicile partitivului \u00een rom\u00e2n\u0103 \u00een raport cu alte limbi.<\/p>\n","protected":false},"excerpt":{"rendered":"<p>Isabela Nedelcu este lector universitar la Facultatea de Litere a Universit\u0103\u021bii din Bucure\u0219ti \u0219i cercet\u0103tor \u0219tiin\u021bific \u00een cadrul Sectorului de gramatic\u0103 al Institutului de Lingvistic\u0103 \u201cIorgu Iordan \u2013 Al. Rosetti\u201d. Doctor \u00een filologie (2008). Coautoare a Gramaticii limbii rom\u00e2ne (GALR), Editura Academiei Rom\u00e2ne, 2005, pentru care a ob\u021binut Premiul (colectiv) \u201cTimotei Cipariu\u201d al Academiei Rom\u00e2ne. [&hellip;]<\/p>\n","protected":false},"featured_media":10717,"comment_status":"open","ping_status":"closed","template":"","meta":[],"product_brand":[],"product_cat":[1464,979],"product_tag":[1350,925],"class_list":{"0":"post-2477","1":"product","2":"type-product","3":"status-publish","4":"has-post-thumbnail","6":"product_cat-filologie","7":"product_cat-limba-romana","8":"product_tag-partitiv","9":"product_tag-romana","11":"first","12":"instock","13":"shipping-taxable","14":"purchasable","15":"product-type-simple"},"_links":{"self":[{"href":"https:\/\/editura-unibuc.ro\/en\/wp-json\/wp\/v2\/product\/2477","targetHints":{"allow":["GET"]}}],"collection":[{"href":"https:\/\/editura-unibuc.ro\/en\/wp-json\/wp\/v2\/product"}],"about":[{"href":"https:\/\/editura-unibuc.ro\/en\/wp-json\/wp\/v2\/types\/product"}],"replies":[{"embeddable":true,"href":"https:\/\/editura-unibuc.ro\/en\/wp-json\/wp\/v2\/comments?post=2477"}],"wp:featuredmedia":[{"embeddable":true,"href":"https:\/\/editura-unibuc.ro\/en\/wp-json\/wp\/v2\/media\/10717"}],"wp:attachment":[{"href":"https:\/\/editura-unibuc.ro\/en\/wp-json\/wp\/v2\/media?parent=2477"}],"wp:term":[{"taxonomy":"product_brand","embeddable":true,"href":"https:\/\/editura-unibuc.ro\/en\/wp-json\/wp\/v2\/product_brand?post=2477"},{"taxonomy":"product_cat","embeddable":true,"href":"https:\/\/editura-unibuc.ro\/en\/wp-json\/wp\/v2\/product_cat?post=2477"},{"taxonomy":"product_tag","embeddable":true,"href":"https:\/\/editura-unibuc.ro\/en\/wp-json\/wp\/v2\/product_tag?post=2477"}],"curies":[{"name":"wp","href":"https:\/\/api.w.org\/{rel}","templated":true}]}}