{"id":24806,"date":"2019-05-16T11:10:08","date_gmt":"2019-05-16T08:10:08","guid":{"rendered":"https:\/\/editura-unibuc.ro\/?post_type=product&#038;p=24806"},"modified":"2025-05-09T09:42:11","modified_gmt":"2025-05-09T06:42:11","slug":"judetul-sacuieni-studiu-de-geografie-istorica","status":"publish","type":"product","link":"https:\/\/editura-unibuc.ro\/en\/judetul-sacuieni-studiu-de-geografie-istorica\/","title":{"rendered":"S\u0102CUIENI COUNTY \u2013 A HISTORICAL GEOGRAPHY STUDY"},"content":{"rendered":"<hr \/>\n<p><strong><a href=\"https:\/\/books.google.ro\/books\/about?id=v5ZdEAAAQBAJ&#038;redir_esc=y\" target=\"_blank\" rel=\"noopener\"><img decoding=\"async\" src=\"https:\/\/editura-unibuc.ro\/wp-content\/uploads\/2025\/04\/goo.png\" \/>Google Books<\/a><\/strong><br \/>&nbsp;<\/p>\n<hr \/>\n<p>Volumul de fa\u021b\u0103 exploreaz\u0103 \u00eentr-o manier\u0103 transdisciplinar\u0103 aspecte reprezentative din trecutul jude\u021bului S\u0103cuieni, unitate desfiin\u021bat\u0103 la 1 ianuarie 1845. Spre deosebire de jude\u021bele disp\u0103rute mai de timpuriu din peisajul administrativ autohton (Jale\u0219, Motru), S\u0103cuieni ofer\u0103 prilejul unor analize cantitative (statistice) extinse p\u00e2n\u0103 \u00een vremea lui Gh. Bibescu (1844). Valoarea \u0219tiin\u021bific\u0103 a c\u0103r\u021bii rezult\u0103, a\u0219adar, din selectarea riguroas\u0103 a datelor spa\u021biale, din modelarea GIS \u0219i importan\u021ba major\u0103 acordat\u0103 h\u0103r\u021bii.<\/p>\n","protected":false},"excerpt":{"rendered":"<p>Google Books&nbsp; Volumul de fa\u021b\u0103 exploreaz\u0103 \u00eentr-o manier\u0103 transdisciplinar\u0103 aspecte reprezentative din trecutul jude\u021bului S\u0103cuieni, unitate desfiin\u021bat\u0103 la 1 ianuarie 1845. Spre deosebire de jude\u021bele disp\u0103rute mai de timpuriu din peisajul administrativ autohton (Jale\u0219, Motru), S\u0103cuieni ofer\u0103 prilejul unor analize cantitative (statistice) extinse p\u00e2n\u0103 \u00een vremea lui Gh. Bibescu (1844). Valoarea \u0219tiin\u021bific\u0103 a c\u0103r\u021bii rezult\u0103, [&hellip;]<\/p>\n","protected":false},"featured_media":24808,"comment_status":"open","ping_status":"closed","template":"","meta":[],"product_brand":[],"product_cat":[1531,2588,1466,989],"product_tag":[3284,3282,3281,3283],"class_list":{"0":"post-24806","1":"product","2":"type-product","3":"status-publish","4":"has-post-thumbnail","6":"product_cat-colectii","7":"product_cat-geographica","8":"product_cat-stiinte-ale-naturii","9":"product_cat-geografie","10":"product_tag-cartografie-istorica","11":"product_tag-geografie-istorica","12":"product_tag-judetul-sacuieni","13":"product_tag-mediul-sig","15":"first","16":"outofstock","17":"shipping-taxable","18":"purchasable","19":"product-type-simple"},"_links":{"self":[{"href":"https:\/\/editura-unibuc.ro\/en\/wp-json\/wp\/v2\/product\/24806","targetHints":{"allow":["GET"]}}],"collection":[{"href":"https:\/\/editura-unibuc.ro\/en\/wp-json\/wp\/v2\/product"}],"about":[{"href":"https:\/\/editura-unibuc.ro\/en\/wp-json\/wp\/v2\/types\/product"}],"replies":[{"embeddable":true,"href":"https:\/\/editura-unibuc.ro\/en\/wp-json\/wp\/v2\/comments?post=24806"}],"wp:featuredmedia":[{"embeddable":true,"href":"https:\/\/editura-unibuc.ro\/en\/wp-json\/wp\/v2\/media\/24808"}],"wp:attachment":[{"href":"https:\/\/editura-unibuc.ro\/en\/wp-json\/wp\/v2\/media?parent=24806"}],"wp:term":[{"taxonomy":"product_brand","embeddable":true,"href":"https:\/\/editura-unibuc.ro\/en\/wp-json\/wp\/v2\/product_brand?post=24806"},{"taxonomy":"product_cat","embeddable":true,"href":"https:\/\/editura-unibuc.ro\/en\/wp-json\/wp\/v2\/product_cat?post=24806"},{"taxonomy":"product_tag","embeddable":true,"href":"https:\/\/editura-unibuc.ro\/en\/wp-json\/wp\/v2\/product_tag?post=24806"}],"curies":[{"name":"wp","href":"https:\/\/api.w.org\/{rel}","templated":true}]}}