{"id":24810,"date":"2019-05-16T11:13:34","date_gmt":"2019-05-16T08:13:34","guid":{"rendered":"https:\/\/editura-unibuc.ro\/?post_type=product&#038;p=24810"},"modified":"2024-04-10T12:00:05","modified_gmt":"2024-04-10T09:00:05","slug":"mina-de-aer","status":"publish","type":"product","link":"https:\/\/editura-unibuc.ro\/en\/mina-de-aer\/","title":{"rendered":"AIR MINE"},"content":{"rendered":"<p><em>Mina de aer<\/em>, ca orice min\u0103, se joac\u0103 \u00een zona subsolului. Fie al paginii, fie al istoriei culturii, fie al unor texte (celebre) cu sens p\u00e2n\u0103 acum doar aparent adus f\u0103r\u0103 de rest la lumin\u0103. Printre \u201epersonajele\u201d sale se num\u0103r\u0103 fantomele din <em>Phaidros<\/em>, Gorgias amenaj\u00e2ndu-\u015fi aventuros o lini\u015ftit\u0103 agonie, precum \u015fi, oarecum simetric, figurile unei hermeneutici triumfale, mai atent\u0103 la rimele interne ale discursului \u201eoficial\u201d dec\u00e2t la realitate. \u00cens\u0103 \u201elumina\u201d gesteaz\u0103 \u201emina\u201d. Sebastian Grama se apropie \u015fi ne apropie cu minu\u0163ioas\u0103 deta\u015fare de ticurile cotidianului, de recuren\u0163ele placide ale unui limbaj tinz\u00e2nd a se deroba gra\u0163ios medita\u0163iei filosofice, c\u0103reia o \u201etradi\u0163ie <em>user friendly<\/em>\u201d i-a substituit un \u015fir de entimeme lini\u015ftitoare. Ludic, uneori sarcastic, mereu provocator, volumul de fa\u0163\u0103 este menit s\u0103 irite, s\u0103 complice, s\u0103 trezeasc\u0103.<br \/>\nPas\u0103 de <em>mimicry<\/em> literar, acest amplu eseu reproduce, prin organizarea sa, o clasificare cunoscut\u0103 \u00een vechea art\u0103 a retoricii. <em>Inventio, Dispositio, Elocutio, Memoria<\/em> \u015fi <em>Actio<\/em>. La care adaug\u0103 o parte numit\u0103 \u2013 cu evident\u0103 ironie \u2013 <em>Reactio<\/em>. Informa\u0163ie, analiz\u0103, fic\u0163iune, provocare, totul se \u00eennoad\u0103 \u015fi se deconstruie\u015fte cu verv\u0103, prilejuind o lectur\u0103 alert\u0103 chiar \u015fi acolo unde nu este nici pe departe comod\u0103.<\/p>","protected":false},"excerpt":{"rendered":"<p>Mina de aer, ca orice min\u0103, se joac\u0103 \u00een zona subsolului. Fie al paginii, fie al istoriei culturii, fie al unor texte (celebre) cu sens p\u00e2n\u0103 acum doar aparent adus f\u0103r\u0103 de rest la lumin\u0103. Printre \u201epersonajele\u201d sale se num\u0103r\u0103 fantomele din Phaidros, Gorgias amenaj\u00e2ndu-\u015fi aventuros o lini\u015ftit\u0103 agonie, precum \u015fi, oarecum simetric, figurile unei [&hellip;]<\/p>\n","protected":false},"featured_media":24809,"comment_status":"open","ping_status":"closed","template":"","meta":[],"product_brand":[],"product_cat":[1531,2554,991,994],"product_tag":[1995,921,3285,1283],"class_list":{"0":"post-24810","1":"product","2":"type-product","3":"status-publish","4":"has-post-thumbnail","6":"product_cat-colectii","7":"product_cat-istoria-filosofiei","8":"product_cat-stiinte-sociale","9":"product_cat-filosofie","10":"product_tag-eseu-filosofic","11":"product_tag-filosofie","12":"product_tag-istoria-ideilor","13":"product_tag-studii-culturale","15":"first","16":"instock","17":"shipping-taxable","18":"purchasable","19":"product-type-simple"},"_links":{"self":[{"href":"https:\/\/editura-unibuc.ro\/en\/wp-json\/wp\/v2\/product\/24810","targetHints":{"allow":["GET"]}}],"collection":[{"href":"https:\/\/editura-unibuc.ro\/en\/wp-json\/wp\/v2\/product"}],"about":[{"href":"https:\/\/editura-unibuc.ro\/en\/wp-json\/wp\/v2\/types\/product"}],"replies":[{"embeddable":true,"href":"https:\/\/editura-unibuc.ro\/en\/wp-json\/wp\/v2\/comments?post=24810"}],"wp:featuredmedia":[{"embeddable":true,"href":"https:\/\/editura-unibuc.ro\/en\/wp-json\/wp\/v2\/media\/24809"}],"wp:attachment":[{"href":"https:\/\/editura-unibuc.ro\/en\/wp-json\/wp\/v2\/media?parent=24810"}],"wp:term":[{"taxonomy":"product_brand","embeddable":true,"href":"https:\/\/editura-unibuc.ro\/en\/wp-json\/wp\/v2\/product_brand?post=24810"},{"taxonomy":"product_cat","embeddable":true,"href":"https:\/\/editura-unibuc.ro\/en\/wp-json\/wp\/v2\/product_cat?post=24810"},{"taxonomy":"product_tag","embeddable":true,"href":"https:\/\/editura-unibuc.ro\/en\/wp-json\/wp\/v2\/product_tag?post=24810"}],"curies":[{"name":"wp","href":"https:\/\/api.w.org\/{rel}","templated":true}]}}