{"id":24811,"date":"2019-05-16T11:15:47","date_gmt":"2019-05-16T08:15:47","guid":{"rendered":"https:\/\/editura-unibuc.ro\/?post_type=product&#038;p=24811"},"modified":"2025-08-06T11:29:27","modified_gmt":"2025-08-06T08:29:27","slug":"corps-en-scene-i","status":"publish","type":"product","link":"https:\/\/editura-unibuc.ro\/en\/corps-en-scene-i\/","title":{"rendered":"CORPS EN SC\u00c8NE (I)"},"content":{"rendered":"<p>Volumul <em>Corps en sc\u00e8ne<\/em> (I), primul \u00eentr-o serie care reflect\u0103 un subiect de cercetare dezvoltat \u00een cadrul Centrului Heterotopos al Universit\u0103\u0163ii din Bucure\u015fti, \u00ee\u015fi propune s\u0103 studieze anumite fa\u0163ete ale fenomenului teatral de secol XX, precum \u015fi schimb\u0103rile importante de paradigm\u0103 care s-au produs \u015fi i-au permis acestuia s\u0103-\u015fi pun\u0103 amprenta asupra lumii, ac\u0163ion\u00e2nd asupra ei \u015fi transform\u00e2nd-o radical. Astfel, teatrul secolului XX dep\u0103\u015fe\u015fte rapid frontierele domeniului estetic pentru a deveni o experien\u0163\u0103 limit\u0103 \u015fi o testare totodat\u0103 a limitelor conduc\u00e2nd la o dep\u0103\u015fire (metafizic\u0103, eliberatoare, ar spune Artaud) a materiei.<br \/>\nExplor\u00e2nd bog\u0103\u0163ia paradigmelor actuale ale artei teatrale, lucrarea pune \u00een lumin\u0103 corpul \u00een scen\u0103, un corp aparent u\u015for accesibil, care se ofer\u0103, ar\u0103t\u00e2ndu-se privirilor, dar care, \u00een realitate, este at\u00e2t de departe de noi, situat pe un teritoriu dezechilibrant de unde ne vorbe\u015fte despre visele \u015fi fantasmele noastre cele mai ascunse.<\/p>\n","protected":false},"excerpt":{"rendered":"<p>Volumul Corps en sc\u00e8ne (I), primul \u00eentr-o serie care reflect\u0103 un subiect de cercetare dezvoltat \u00een cadrul Centrului Heterotopos al Universit\u0103\u0163ii din Bucure\u015fti, \u00ee\u015fi propune s\u0103 studieze anumite fa\u0163ete ale fenomenului teatral de secol XX, precum \u015fi schimb\u0103rile importante de paradigm\u0103 care s-au produs \u015fi i-au permis acestuia s\u0103-\u015fi pun\u0103 amprenta asupra lumii, ac\u0163ion\u00e2nd asupra [&hellip;]<\/p>\n","protected":false},"featured_media":24807,"comment_status":"open","ping_status":"closed","template":"","meta":[],"product_brand":[],"product_cat":[1531,854,1464,977,980],"product_tag":[3289,3286,3288,3287],"class_list":{"0":"post-24811","1":"product","2":"type-product","3":"status-publish","4":"has-post-thumbnail","6":"product_cat-colectii","7":"product_cat-colectia-heterotopos","8":"product_cat-filologie","9":"product_cat-limba-franceza","10":"product_cat-limbi-romanice-clasice-si-orientale","11":"product_tag-antropologia-spectacolului","12":"product_tag-corp-in-scena","13":"product_tag-literatura-secolului-xx","14":"product_tag-paradigme-ale-teatrului-de-secol-xx","16":"first","17":"outofstock","18":"shipping-taxable","19":"purchasable","20":"product-type-simple"},"_links":{"self":[{"href":"https:\/\/editura-unibuc.ro\/en\/wp-json\/wp\/v2\/product\/24811","targetHints":{"allow":["GET"]}}],"collection":[{"href":"https:\/\/editura-unibuc.ro\/en\/wp-json\/wp\/v2\/product"}],"about":[{"href":"https:\/\/editura-unibuc.ro\/en\/wp-json\/wp\/v2\/types\/product"}],"replies":[{"embeddable":true,"href":"https:\/\/editura-unibuc.ro\/en\/wp-json\/wp\/v2\/comments?post=24811"}],"wp:featuredmedia":[{"embeddable":true,"href":"https:\/\/editura-unibuc.ro\/en\/wp-json\/wp\/v2\/media\/24807"}],"wp:attachment":[{"href":"https:\/\/editura-unibuc.ro\/en\/wp-json\/wp\/v2\/media?parent=24811"}],"wp:term":[{"taxonomy":"product_brand","embeddable":true,"href":"https:\/\/editura-unibuc.ro\/en\/wp-json\/wp\/v2\/product_brand?post=24811"},{"taxonomy":"product_cat","embeddable":true,"href":"https:\/\/editura-unibuc.ro\/en\/wp-json\/wp\/v2\/product_cat?post=24811"},{"taxonomy":"product_tag","embeddable":true,"href":"https:\/\/editura-unibuc.ro\/en\/wp-json\/wp\/v2\/product_tag?post=24811"}],"curies":[{"name":"wp","href":"https:\/\/api.w.org\/{rel}","templated":true}]}}