{"id":24819,"date":"2019-05-17T11:28:26","date_gmt":"2019-05-17T08:28:26","guid":{"rendered":"https:\/\/editura-unibuc.ro\/?post_type=product&#038;p=24819"},"modified":"2020-06-24T10:12:59","modified_gmt":"2020-06-24T07:12:59","slug":"umma-traditie-modernitate-si-postmodernitate","status":"publish","type":"product","link":"https:\/\/editura-unibuc.ro\/en\/umma-traditie-modernitate-si-postmodernitate\/","title":{"rendered":"<i>UMMA.<\/i> TRADITION, MODERNITY, AND POSTMODERNITY"},"content":{"rendered":"<p>\u201eAnaliza distinc\u021biilor \u0219i particularit\u0103\u021bilor existente \u00een cadrul <em>umma<\/em>, \u00een special sub aspectul nuan\u021belor interpretative, al viziunilor tradi\u021bionalist-literaliste sau ra\u021bionalist-filosofice, deceleaz\u0103 poten\u021bialul dialogal divers, propriu fiec\u0103rei confesiuni sau fac\u021biuni islamice. \u00cen contextul globaliz\u0103rii \u0219i extinderii prezen\u021bei musulmane dincolo de spa\u021biile tradi\u021bionale, descrierea mentalit\u0103\u021bii comunitare islamice \u0219i surprinderea muta\u021biilor suferite de aceasta prin contactul cu modernitatea \u0219i postmodernitatea, redate detaliat de autor, ofer\u0103 premise concludente \u0219i actuale \u00een vederea unei autentice raport\u0103rii cre\u0219tine la fenomenul islamic. Ceea ce, din exterior, \u00een mod redundant, este admirat drept un discurs unitar \u0219i indisolubil al g\u00e2ndirii, m\u0103rturisirii \u0219i ac\u021biunii islamului, autorul demonstreaz\u0103 c\u0103 este, \u00een fapt, un parcurs al diversit\u0103\u021bilor, tensiunilor \u0219i dinamicilor confesionale proprii, rezult\u00e2nd o realitate comunitar\u0103 care evit\u0103 impunerea de determin\u0103ri canonice exclusiviste; totodat\u0103, dincolo de multidimensionalitatea conceptului de <em>umma<\/em>, filonul intern al fraternit\u0103\u021bii este vizibil \u00een actele rituale \u0219i \u00een solidaritatea exprimat\u0103 la nivelul interac\u021biunii \u0219i m\u0103rturisirii publice\u02ee <\/p>\n<p>(pr. prof. dr. Nicolae Achimescu)<\/p>\n","protected":false},"excerpt":{"rendered":"<p>\u201eAnaliza distinc\u021biilor \u0219i particularit\u0103\u021bilor existente \u00een cadrul umma, \u00een special sub aspectul nuan\u021belor interpretative, al viziunilor tradi\u021bionalist-literaliste sau ra\u021bionalist-filosofice, deceleaz\u0103 poten\u021bialul dialogal divers, propriu fiec\u0103rei confesiuni sau fac\u021biuni islamice. \u00cen contextul globaliz\u0103rii \u0219i extinderii prezen\u021bei musulmane dincolo de spa\u021biile tradi\u021bionale, descrierea mentalit\u0103\u021bii comunitare islamice \u0219i surprinderea muta\u021biilor suferite de aceasta prin contactul cu modernitatea \u0219i [&hellip;]<\/p>\n","protected":false},"featured_media":24822,"comment_status":"open","ping_status":"closed","template":"","meta":[],"product_brand":[],"product_cat":[1531,2597,991,999],"product_tag":[3291,3293,1334,3292,2768,1283,1021,3290],"class_list":{"0":"post-24819","1":"product","2":"type-product","3":"status-publish","4":"has-post-thumbnail","6":"product_cat-colectii","7":"product_cat-studia-theologica","8":"product_cat-stiinte-sociale","9":"product_cat-teologie","10":"product_tag-coran","11":"product_tag-dialog-interreligios","12":"product_tag-modernitate","13":"product_tag-neosalafism","14":"product_tag-postmodernitate","15":"product_tag-studii-culturale","16":"product_tag-teologie","17":"product_tag-umma","19":"first","20":"outofstock","21":"shipping-taxable","22":"purchasable","23":"product-type-simple"},"_links":{"self":[{"href":"https:\/\/editura-unibuc.ro\/en\/wp-json\/wp\/v2\/product\/24819","targetHints":{"allow":["GET"]}}],"collection":[{"href":"https:\/\/editura-unibuc.ro\/en\/wp-json\/wp\/v2\/product"}],"about":[{"href":"https:\/\/editura-unibuc.ro\/en\/wp-json\/wp\/v2\/types\/product"}],"replies":[{"embeddable":true,"href":"https:\/\/editura-unibuc.ro\/en\/wp-json\/wp\/v2\/comments?post=24819"}],"wp:featuredmedia":[{"embeddable":true,"href":"https:\/\/editura-unibuc.ro\/en\/wp-json\/wp\/v2\/media\/24822"}],"wp:attachment":[{"href":"https:\/\/editura-unibuc.ro\/en\/wp-json\/wp\/v2\/media?parent=24819"}],"wp:term":[{"taxonomy":"product_brand","embeddable":true,"href":"https:\/\/editura-unibuc.ro\/en\/wp-json\/wp\/v2\/product_brand?post=24819"},{"taxonomy":"product_cat","embeddable":true,"href":"https:\/\/editura-unibuc.ro\/en\/wp-json\/wp\/v2\/product_cat?post=24819"},{"taxonomy":"product_tag","embeddable":true,"href":"https:\/\/editura-unibuc.ro\/en\/wp-json\/wp\/v2\/product_tag?post=24819"}],"curies":[{"name":"wp","href":"https:\/\/api.w.org\/{rel}","templated":true}]}}