{"id":2483,"date":"2012-09-19T14:26:48","date_gmt":"2012-09-19T11:26:48","guid":{"rendered":"https:\/\/editura-unibuc.ro\/?p=2483"},"modified":"2015-03-12T15:42:04","modified_gmt":"2015-03-12T13:42:04","slug":"filosofia-stiintelor-umane-o-introducere","status":"publish","type":"product","link":"https:\/\/editura-unibuc.ro\/en\/filosofia-stiintelor-umane-o-introducere\/","title":{"rendered":"HUMAN SCIENCES PHILOSOPHY: AN INTRODUCTION"},"content":{"rendered":"<p>Principala ambi\u021bie a acestei c\u0103r\u021bi este s\u0103 ofere o perspectiv\u0103 asupra filosofiei \u0219tiin\u021belor umane pe baza studiilor de caz, a exemplelor de cercet\u0103ri din aceste discipline. Cititoarea sau cititorul nu vor g\u0103si deci un tablou f\u0103cut doar din rezumate ale diverselor puncte de vedere din studiile \u0219i monografiile consacrate problemelor filosofice ale \u0219tiin\u021belor umane.<\/p>\n","protected":false},"excerpt":{"rendered":"<p>Principala ambi\u021bie a acestei c\u0103r\u021bi este s\u0103 ofere o perspectiv\u0103 asupra filosofiei \u0219tiin\u021belor umane pe baza studiilor de caz, a exemplelor de cercet\u0103ri din aceste discipline. Cititoarea sau cititorul nu vor g\u0103si deci un tablou f\u0103cut doar din rezumate ale diverselor puncte de vedere din studiile \u0219i monografiile consacrate problemelor filosofice ale \u0219tiin\u021belor umane.<\/p>\n","protected":false},"featured_media":10713,"comment_status":"open","ping_status":"closed","template":"","meta":[],"product_brand":[],"product_cat":[991,994],"product_tag":[921,1349],"class_list":{"0":"post-2483","1":"product","2":"type-product","3":"status-publish","4":"has-post-thumbnail","6":"product_cat-stiinte-sociale","7":"product_cat-filosofie","8":"product_tag-filosofie","9":"product_tag-stiinte-umane","11":"first","12":"instock","13":"shipping-taxable","14":"purchasable","15":"product-type-simple"},"_links":{"self":[{"href":"https:\/\/editura-unibuc.ro\/en\/wp-json\/wp\/v2\/product\/2483","targetHints":{"allow":["GET"]}}],"collection":[{"href":"https:\/\/editura-unibuc.ro\/en\/wp-json\/wp\/v2\/product"}],"about":[{"href":"https:\/\/editura-unibuc.ro\/en\/wp-json\/wp\/v2\/types\/product"}],"replies":[{"embeddable":true,"href":"https:\/\/editura-unibuc.ro\/en\/wp-json\/wp\/v2\/comments?post=2483"}],"wp:featuredmedia":[{"embeddable":true,"href":"https:\/\/editura-unibuc.ro\/en\/wp-json\/wp\/v2\/media\/10713"}],"wp:attachment":[{"href":"https:\/\/editura-unibuc.ro\/en\/wp-json\/wp\/v2\/media?parent=2483"}],"wp:term":[{"taxonomy":"product_brand","embeddable":true,"href":"https:\/\/editura-unibuc.ro\/en\/wp-json\/wp\/v2\/product_brand?post=2483"},{"taxonomy":"product_cat","embeddable":true,"href":"https:\/\/editura-unibuc.ro\/en\/wp-json\/wp\/v2\/product_cat?post=2483"},{"taxonomy":"product_tag","embeddable":true,"href":"https:\/\/editura-unibuc.ro\/en\/wp-json\/wp\/v2\/product_tag?post=2483"}],"curies":[{"name":"wp","href":"https:\/\/api.w.org\/{rel}","templated":true}]}}