{"id":2490,"date":"2012-09-20T08:56:18","date_gmt":"2012-09-20T05:56:18","guid":{"rendered":"https:\/\/editura-unibuc.ro\/?p=2490"},"modified":"2020-03-06T12:43:14","modified_gmt":"2020-03-06T10:43:14","slug":"studia-lingvistica-in-honorem-mariae-manoliu","status":"publish","type":"product","link":"https:\/\/editura-unibuc.ro\/en\/studia-lingvistica-in-honorem-mariae-manoliu\/","title":{"rendered":"STUDIA LINGVISTICA IN HONOREM MARI\u00c6 MANOLIU"},"content":{"rendered":"<p>Bibliografia prof. univ. Maria Manoliu este urmat\u0103 de 32 de articole de specialitate scrise de autori rom\u00e2ni \u0219i str\u0103ini, \u00een limba rom\u00e2n\u0103 sau \u00een limbi de circula\u021bie interna\u021bional\u0103.<\/p>\n","protected":false},"excerpt":{"rendered":"<p>Bibliografia prof. univ. Maria Manoliu este urmat\u0103 de 32 de articole de specialitate scrise de autori rom\u00e2ni \u0219i str\u0103ini, \u00een limba rom\u00e2n\u0103 sau \u00een limbi de circula\u021bie interna\u021bional\u0103.<\/p>\n","protected":false},"featured_media":10711,"comment_status":"open","ping_status":"closed","template":"","meta":[],"product_brand":[],"product_cat":[1531,2509,1464,979],"product_tag":[895,925],"class_list":{"0":"post-2490","1":"product","2":"type-product","3":"status-publish","4":"has-post-thumbnail","6":"product_cat-colectii","7":"product_cat-personalitati-ale-universitatii-din-bucuresti","8":"product_cat-filologie","9":"product_cat-limba-romana","10":"product_tag-lingvistica","11":"product_tag-romana","13":"first","14":"instock","15":"shipping-taxable","16":"purchasable","17":"product-type-simple"},"_links":{"self":[{"href":"https:\/\/editura-unibuc.ro\/en\/wp-json\/wp\/v2\/product\/2490","targetHints":{"allow":["GET"]}}],"collection":[{"href":"https:\/\/editura-unibuc.ro\/en\/wp-json\/wp\/v2\/product"}],"about":[{"href":"https:\/\/editura-unibuc.ro\/en\/wp-json\/wp\/v2\/types\/product"}],"replies":[{"embeddable":true,"href":"https:\/\/editura-unibuc.ro\/en\/wp-json\/wp\/v2\/comments?post=2490"}],"wp:featuredmedia":[{"embeddable":true,"href":"https:\/\/editura-unibuc.ro\/en\/wp-json\/wp\/v2\/media\/10711"}],"wp:attachment":[{"href":"https:\/\/editura-unibuc.ro\/en\/wp-json\/wp\/v2\/media?parent=2490"}],"wp:term":[{"taxonomy":"product_brand","embeddable":true,"href":"https:\/\/editura-unibuc.ro\/en\/wp-json\/wp\/v2\/product_brand?post=2490"},{"taxonomy":"product_cat","embeddable":true,"href":"https:\/\/editura-unibuc.ro\/en\/wp-json\/wp\/v2\/product_cat?post=2490"},{"taxonomy":"product_tag","embeddable":true,"href":"https:\/\/editura-unibuc.ro\/en\/wp-json\/wp\/v2\/product_tag?post=2490"}],"curies":[{"name":"wp","href":"https:\/\/api.w.org\/{rel}","templated":true}]}}