{"id":2494,"date":"2012-09-20T09:11:42","date_gmt":"2012-09-20T06:11:42","guid":{"rendered":"https:\/\/editura-unibuc.ro\/?p=2494"},"modified":"2024-02-20T09:13:44","modified_gmt":"2024-02-20T07:13:44","slug":"limba-romana-teme-actuale-actele-celui-de-al-8-lea-colocviu-al-catedrei-de-limba-romana-bucuresti-5-6-decembrie-2008","status":"publish","type":"product","link":"https:\/\/editura-unibuc.ro\/en\/limba-romana-teme-actuale-actele-celui-de-al-8-lea-colocviu-al-catedrei-de-limba-romana-bucuresti-5-6-decembrie-2008\/","title":{"rendered":"THE ROMANIAN LANGUAGE: CURRENT TOPICS. PROCEEDINGS OF THE 8TH SYMPOSIUM OF THE ROMANIAN LANGUAGE DEPARTMENT (BUCHAREST, DECEMBER 5TH-6TH, 2008)"},"content":{"rendered":"<p>\u201eAm preluat aceast\u0103 serie din mers, sper\u00e2nd s\u0103-i p\u0103str\u0103m prestigiul deja dob\u00e2ndit, datorit\u0103 interesului \u0219tiin\u021bific al contribu\u021biilor competente, riguroase, care semnaleaz\u0103 direc\u021bii noi \u0219i afirm\u0103 dezbaterea real\u0103. Am \u00eencercat s\u0103 impunem articolelor o unitate de form\u0103 \u0219i tehnoredactare, de\u0219i cercet\u0103ri venite din paradigme lingvistice at\u00e2t de diferite nu pot fi supuse unui model perfect omogen.<\/p>\n<p>Volumul \u00eei este dedicat profesorului Grigore Br\u00e2ncu\u0219, cel care a condus mai mul\u021bi ani Catedra de limba rom\u00e2n\u0103, form\u00e2ndu-i pe mul\u021bi dintre membrii s\u0103i de azi \u00een spiritul pasiunii cercet\u0103rii, al respectului pentru meseria de profesor, pentru valorile umane fundamentale. Adres\u00e2ndu-i ur\u0103rile \u0219i mul\u021bumirile noastre, \u00eel rug\u0103m s\u0103 vad\u0103 \u00een sec\u021biunea substan\u021bial\u0103 de istoria limbii, care \u00eencheie volumul, un semn c\u0103 interesul pentru cercetarea istoric\u0103 e departe de a sc\u0103dea \u0219i ceea ce a transmis rode\u0219te \u00een continuare\u201d. (Editorii)<\/p>\n","protected":false},"excerpt":{"rendered":"<p>\u201eAm preluat aceast\u0103 serie din mers, sper\u00e2nd s\u0103-i p\u0103str\u0103m prestigiul deja dob\u00e2ndit, datorit\u0103 interesului \u0219tiin\u021bific al contribu\u021biilor competente, riguroase, care semnaleaz\u0103 direc\u021bii noi \u0219i afirm\u0103 dezbaterea real\u0103. Am \u00eencercat s\u0103 impunem articolelor o unitate de form\u0103 \u0219i tehnoredactare, de\u0219i cercet\u0103ri venite din paradigme lingvistice at\u00e2t de diferite nu pot fi supuse unui model perfect omogen. [&hellip;]<\/p>\n","protected":false},"featured_media":0,"comment_status":"open","ping_status":"closed","template":"","meta":[],"product_brand":[],"product_cat":[1464,979],"product_tag":[925],"class_list":{"0":"post-2494","1":"product","2":"type-product","3":"status-publish","5":"product_cat-filologie","6":"product_cat-limba-romana","7":"product_tag-romana","9":"first","10":"outofstock","11":"shipping-taxable","12":"purchasable","13":"product-type-simple"},"_links":{"self":[{"href":"https:\/\/editura-unibuc.ro\/en\/wp-json\/wp\/v2\/product\/2494","targetHints":{"allow":["GET"]}}],"collection":[{"href":"https:\/\/editura-unibuc.ro\/en\/wp-json\/wp\/v2\/product"}],"about":[{"href":"https:\/\/editura-unibuc.ro\/en\/wp-json\/wp\/v2\/types\/product"}],"replies":[{"embeddable":true,"href":"https:\/\/editura-unibuc.ro\/en\/wp-json\/wp\/v2\/comments?post=2494"}],"wp:attachment":[{"href":"https:\/\/editura-unibuc.ro\/en\/wp-json\/wp\/v2\/media?parent=2494"}],"wp:term":[{"taxonomy":"product_brand","embeddable":true,"href":"https:\/\/editura-unibuc.ro\/en\/wp-json\/wp\/v2\/product_brand?post=2494"},{"taxonomy":"product_cat","embeddable":true,"href":"https:\/\/editura-unibuc.ro\/en\/wp-json\/wp\/v2\/product_cat?post=2494"},{"taxonomy":"product_tag","embeddable":true,"href":"https:\/\/editura-unibuc.ro\/en\/wp-json\/wp\/v2\/product_tag?post=2494"}],"curies":[{"name":"wp","href":"https:\/\/api.w.org\/{rel}","templated":true}]}}