{"id":24998,"date":"2019-06-15T11:45:55","date_gmt":"2019-06-15T08:45:55","guid":{"rendered":"https:\/\/editura-unibuc.ro\/?post_type=product&#038;p=24998"},"modified":"2025-05-13T10:29:25","modified_gmt":"2025-05-13T07:29:25","slug":"subcarpatii-dintre-prahova-si-teleajen-relief-asezari-organizarea-spatiului-geografic","status":"publish","type":"product","link":"https:\/\/editura-unibuc.ro\/en\/subcarpatii-dintre-prahova-si-teleajen-relief-asezari-organizarea-spatiului-geografic\/","title":{"rendered":"THE SUBCARPATHIANS  BETWEEN PRAHOVA AND TELEAJEN. RELIEF \u2013 SETTLEMENTS  \u2013 ORGANIZATION OF THE GEOGRAPHICAL SPACE"},"content":{"rendered":"<hr \/>\n<p><strong><a href=\"https:\/\/books.google.ro\/books\/about?id=qXdfEAAAQBAJ&#038;redir_esc=y\" target=\"_blank\" rel=\"noopener\"><img decoding=\"async\" src=\"https:\/\/editura-unibuc.ro\/wp-content\/uploads\/2025\/04\/goo.png\" \/>Google Books<\/a><\/strong><br \/>&nbsp;<\/p>\n<hr \/>\n<p>\u201eTema abordat\u0103, rela\u021bia dintre organizarea spa\u021biului geografic \u0219i resursele geomorfice, este una de mare actualitate \u0219i importan\u021b\u0103 practic\u0103. Prin lucrarea de fa\u021b\u0103, autoarea \u00ee\u0219i propune s\u0103 construiasc\u0103 \u0219i s\u0103 ofere instrumente utile \u0219i acesibile, bazate pe tehnologii geomatice (GIS, Teledetec\u021bie), care s\u0103 constituie suportul practic pentru planificarea \u0219i amenajarea teritoriului, \u00een vederea armoniz\u0103rii \u0219i asigur\u0103rii func\u021bionalit\u0103\u021bii durabile a spa\u021biului subcarpatic dintre Prahova \u0219i Teleajen.<\/p>\n<p>Arealul ales \u00een acest scop este unul care se preteaz\u0103 perfect unui astfel de exerci\u021biu. Este un spa\u021biu cu mare diversitate a factorilor naturali, unde dinamica geomorfologic\u0103 este una foarte activ\u0103. Acest fond natural fragil este unul de veche \u0219i continu\u0103 locuire, cu areale intens influen\u021bate \u0219i modificate antropic, care ofer\u0103 cercet\u0103torului o gam\u0103 variat\u0103 de probleme foarte atractive pentru cunoa\u0219terea ad\u00e2ncit\u0103 a teritoriului \u0219i valorificarea sustenabil\u0103 a acestuia. Astfel de medii fragile, care au o mare senzitivitate, resimt mai intens schimb\u0103rile \u00eenregistrate la nivelul coordonatelor peisajului \u0219i r\u0103spund cu o mai mare magnitudine modific\u0103rilor, a\u0219adar necesit\u0103 o aten\u021bie deosebit\u0103, o organizare atent\u0103.\u02ee<br \/>\n(conf. univ. dr. Ionu\u021b S\u0103vulescu, Universitatea din Bucure\u0219ti, Facultatea de Geografie)<\/p>\n","protected":false},"excerpt":{"rendered":"<p>Google Books&nbsp; \u201eTema abordat\u0103, rela\u021bia dintre organizarea spa\u021biului geografic \u0219i resursele geomorfice, este una de mare actualitate \u0219i importan\u021b\u0103 practic\u0103. Prin lucrarea de fa\u021b\u0103, autoarea \u00ee\u0219i propune s\u0103 construiasc\u0103 \u0219i s\u0103 ofere instrumente utile \u0219i acesibile, bazate pe tehnologii geomatice (GIS, Teledetec\u021bie), care s\u0103 constituie suportul practic pentru planificarea \u0219i amenajarea teritoriului, \u00een vederea armoniz\u0103rii [&hellip;]<\/p>\n","protected":false},"featured_media":24995,"comment_status":"open","ping_status":"closed","template":"","meta":[],"product_brand":[],"product_cat":[1531,2588,1466,989],"product_tag":[3308,3307,903,3306],"class_list":{"0":"post-24998","1":"product","2":"type-product","3":"status-publish","4":"has-post-thumbnail","6":"product_cat-colectii","7":"product_cat-geographica","8":"product_cat-stiinte-ale-naturii","9":"product_cat-geografie","10":"product_tag-aplicatii-gis","11":"product_tag-asezari-si-organizarea-spatiului-geografic","12":"product_tag-geografie","13":"product_tag-relatia-dintre-relief","15":"first","16":"instock","17":"shipping-taxable","18":"purchasable","19":"product-type-simple"},"_links":{"self":[{"href":"https:\/\/editura-unibuc.ro\/en\/wp-json\/wp\/v2\/product\/24998","targetHints":{"allow":["GET"]}}],"collection":[{"href":"https:\/\/editura-unibuc.ro\/en\/wp-json\/wp\/v2\/product"}],"about":[{"href":"https:\/\/editura-unibuc.ro\/en\/wp-json\/wp\/v2\/types\/product"}],"replies":[{"embeddable":true,"href":"https:\/\/editura-unibuc.ro\/en\/wp-json\/wp\/v2\/comments?post=24998"}],"wp:featuredmedia":[{"embeddable":true,"href":"https:\/\/editura-unibuc.ro\/en\/wp-json\/wp\/v2\/media\/24995"}],"wp:attachment":[{"href":"https:\/\/editura-unibuc.ro\/en\/wp-json\/wp\/v2\/media?parent=24998"}],"wp:term":[{"taxonomy":"product_brand","embeddable":true,"href":"https:\/\/editura-unibuc.ro\/en\/wp-json\/wp\/v2\/product_brand?post=24998"},{"taxonomy":"product_cat","embeddable":true,"href":"https:\/\/editura-unibuc.ro\/en\/wp-json\/wp\/v2\/product_cat?post=24998"},{"taxonomy":"product_tag","embeddable":true,"href":"https:\/\/editura-unibuc.ro\/en\/wp-json\/wp\/v2\/product_tag?post=24998"}],"curies":[{"name":"wp","href":"https:\/\/api.w.org\/{rel}","templated":true}]}}