{"id":24999,"date":"2019-06-15T11:48:32","date_gmt":"2019-06-15T08:48:32","guid":{"rendered":"https:\/\/editura-unibuc.ro\/?post_type=product&#038;p=24999"},"modified":"2025-05-12T09:19:29","modified_gmt":"2025-05-12T06:19:29","slug":"metode-de-evaluare-a-infrastructurilor-verzi-urbane-din-romania","status":"publish","type":"product","link":"https:\/\/editura-unibuc.ro\/en\/metode-de-evaluare-a-infrastructurilor-verzi-urbane-din-romania\/","title":{"rendered":"METHODS OF EVALUATION OF THE URBAN GREEN INFRASTRUCTURES OF ROMANIA"},"content":{"rendered":"<hr \/>\n<p><strong><a href=\"https:\/\/books.google.ro\/books\/about?id=xhRbEAAAQBAJ&#038;redir_esc=y\" target=\"_blank\" rel=\"noopener\"><img decoding=\"async\" src=\"https:\/\/editura-unibuc.ro\/wp-content\/uploads\/2025\/04\/goo.png\" \/>Google Books<\/a><\/strong><br \/>&nbsp;<\/p>\n<hr \/>\n<p>\u201e[\u2026] remarc\u0103m discursul \u0219tiin\u021bific corect fundamentat \u0219i foarte bogat referen\u021biat, la care ad\u0103ug\u0103m logica structur\u0103rii lucr\u0103rii. Vocabularul \u0219tiin\u021bific corect gestionat \u0219i cit\u0103rile din experien\u021ba cercet\u0103torilor din alte \u021b\u0103ri \u0219i continente ofer\u0103 oric\u0103rui student, masterand, doctorand sau t\u00e2n\u0103r cercet\u0103tor un model de analiz\u0103 \u0219i o surs\u0103 de inspira\u021bie. Ampla iconografie completeaz\u0103 logic \u0219i legic textul, demonstr\u00e2nd deosebit de profunde \u0219i serioase cuno\u0219tin\u021be \u00een domeniul utiliz\u0103rii tehnicilor moderne de cartografiere, dar \u0219i o capacitate de sintez\u0103, selec\u021bie \u0219i inovare demn\u0103 de invidiat a autoarei.\u02ee<br \/>\n(prof. univ. emerit dr. Maria P\u0103troescu)<\/p>\n","protected":false},"excerpt":{"rendered":"<p>Google Books&nbsp; \u201e[\u2026] remarc\u0103m discursul \u0219tiin\u021bific corect fundamentat \u0219i foarte bogat referen\u021biat, la care ad\u0103ug\u0103m logica structur\u0103rii lucr\u0103rii. Vocabularul \u0219tiin\u021bific corect gestionat \u0219i cit\u0103rile din experien\u021ba cercet\u0103torilor din alte \u021b\u0103ri \u0219i continente ofer\u0103 oric\u0103rui student, masterand, doctorand sau t\u00e2n\u0103r cercet\u0103tor un model de analiz\u0103 \u0219i o surs\u0103 de inspira\u021bie. Ampla iconografie completeaz\u0103 logic \u0219i legic [&hellip;]<\/p>\n","protected":false},"featured_media":24996,"comment_status":"open","ping_status":"closed","template":"","meta":[],"product_brand":[],"product_cat":[1531,2588,1466,989],"product_tag":[3312,3309,3310,3311],"class_list":{"0":"post-24999","1":"product","2":"type-product","3":"status-publish","4":"has-post-thumbnail","6":"product_cat-colectii","7":"product_cat-geographica","8":"product_cat-stiinte-ale-naturii","9":"product_cat-geografie","10":"product_tag-calitatea-vietii-in-orase","11":"product_tag-ecologie-urbana","12":"product_tag-infrastructura-verde","13":"product_tag-urbanizare","15":"first","16":"instock","17":"shipping-taxable","18":"purchasable","19":"product-type-simple"},"_links":{"self":[{"href":"https:\/\/editura-unibuc.ro\/en\/wp-json\/wp\/v2\/product\/24999","targetHints":{"allow":["GET"]}}],"collection":[{"href":"https:\/\/editura-unibuc.ro\/en\/wp-json\/wp\/v2\/product"}],"about":[{"href":"https:\/\/editura-unibuc.ro\/en\/wp-json\/wp\/v2\/types\/product"}],"replies":[{"embeddable":true,"href":"https:\/\/editura-unibuc.ro\/en\/wp-json\/wp\/v2\/comments?post=24999"}],"wp:featuredmedia":[{"embeddable":true,"href":"https:\/\/editura-unibuc.ro\/en\/wp-json\/wp\/v2\/media\/24996"}],"wp:attachment":[{"href":"https:\/\/editura-unibuc.ro\/en\/wp-json\/wp\/v2\/media?parent=24999"}],"wp:term":[{"taxonomy":"product_brand","embeddable":true,"href":"https:\/\/editura-unibuc.ro\/en\/wp-json\/wp\/v2\/product_brand?post=24999"},{"taxonomy":"product_cat","embeddable":true,"href":"https:\/\/editura-unibuc.ro\/en\/wp-json\/wp\/v2\/product_cat?post=24999"},{"taxonomy":"product_tag","embeddable":true,"href":"https:\/\/editura-unibuc.ro\/en\/wp-json\/wp\/v2\/product_tag?post=24999"}],"curies":[{"name":"wp","href":"https:\/\/api.w.org\/{rel}","templated":true}]}}