{"id":25040,"date":"2019-06-25T18:08:21","date_gmt":"2019-06-25T15:08:21","guid":{"rendered":"https:\/\/editura-unibuc.ro\/?post_type=product&#038;p=25040"},"modified":"2025-08-06T11:14:49","modified_gmt":"2025-08-06T08:14:49","slug":"cartografiile-unui-oras-lizibil-bucurestiul-postmodern","status":"publish","type":"product","link":"https:\/\/editura-unibuc.ro\/en\/cartografiile-unui-oras-lizibil-bucurestiul-postmodern\/","title":{"rendered":"THE CARTOGRAPHIES OF A LISIBLE CITY. POSTMODERN BUCHAREST"},"content":{"rendered":"<p>\u201eAlbumul de fa\u021b\u0103 s-a n\u0103scut dintr-un fel de hoin\u0103real\u0103 prin ora\u0219, din nevoia de a g\u0103si urme \u0219i semne \u0219i de a \u021bese din ele discursuri vizuale. Privirea care atinge (Juhani Pallasmaa) a m\u00e2ng\u00e2iat ziduri \u0219i s-a pierdut \u00een h\u0103\u021bi\u0219ul desenelor ce le \u00eenve\u0219m\u00e2nteaz\u0103, a circumscris zone tainice \u0219i a \u00eencercat s\u0103 salveze, pe o retin\u0103 mai pu\u021bin perisabil\u0103 (fotogra\ufb01a), culori, nuan\u021be, \u00eengem\u0103n\u0103ri de spa\u021bii \u0219i de materiale menite s\u0103 duc\u0103 mai departe povestea ce se scrie \u00een \ufb01ecare zi. E un fel de a transmite ceea ce vezi, con\u0219tient \ufb01ind de adev\u0103rul ideii lui R\u00e9gis Debray c\u0103 niciodat\u0103 scrisoarea expediat\u0103 \u0219i cea primit\u0103 nu vor \ufb01 identice, c\u0103ci \u00eentre momentul trimiterii \u0219i cel al primirii se petrec inefabile schimb\u0103ri.\u02ee (Conf. dr. Cristina Bogdan, Prodecan, Facultatea de Litere, Universitatea din Bucure\u0219ti)<\/p>\n<p>Volumul de fa\u021b\u0103 adun\u0103 o parte dintre portretele Bucure\u0219tiului realizate de studen\u021bi \u00een cadrul a trei expozi\u021bii succesive organizate \u00een cadrul cursului de Comunicare \u0219i Mentalitate Postmodern\u0103, sub coordonarea conf. univ. dr. Alexandra Cr\u0103ciun.<\/p>\n","protected":false},"excerpt":{"rendered":"<p>\u201eAlbumul de fa\u021b\u0103 s-a n\u0103scut dintr-un fel de hoin\u0103real\u0103 prin ora\u0219, din nevoia de a g\u0103si urme \u0219i semne \u0219i de a \u021bese din ele discursuri vizuale. Privirea care atinge (Juhani Pallasmaa) a m\u00e2ng\u00e2iat ziduri \u0219i s-a pierdut \u00een h\u0103\u021bi\u0219ul desenelor ce le \u00eenve\u0219m\u00e2nteaz\u0103, a circumscris zone tainice \u0219i a \u00eencercat s\u0103 salveze, pe o [&hellip;]<\/p>\n","protected":false},"featured_media":25041,"comment_status":"open","ping_status":"closed","template":"","meta":[],"product_brand":[],"product_cat":[1891,1464,979,991,1533,996],"product_tag":[1359,3314,1152,3259,3313],"class_list":{"0":"post-25040","1":"product","2":"type-product","3":"status-publish","4":"has-post-thumbnail","6":"product_cat-download","7":"product_cat-filologie","8":"product_cat-limba-romana","9":"product_cat-stiinte-sociale","10":"product_cat-arhitectura-si-urbanism","11":"product_cat-jurnalism-si-stiintele-comunicarii","12":"product_tag-antropologie","13":"product_tag-arhitectura","14":"product_tag-bucuresti","15":"product_tag-comunicare-si-relatii-publice","16":"product_tag-fotografie","18":"first","19":"outofstock","20":"downloadable","21":"virtual","22":"product-type-simple"},"_links":{"self":[{"href":"https:\/\/editura-unibuc.ro\/en\/wp-json\/wp\/v2\/product\/25040","targetHints":{"allow":["GET"]}}],"collection":[{"href":"https:\/\/editura-unibuc.ro\/en\/wp-json\/wp\/v2\/product"}],"about":[{"href":"https:\/\/editura-unibuc.ro\/en\/wp-json\/wp\/v2\/types\/product"}],"replies":[{"embeddable":true,"href":"https:\/\/editura-unibuc.ro\/en\/wp-json\/wp\/v2\/comments?post=25040"}],"wp:featuredmedia":[{"embeddable":true,"href":"https:\/\/editura-unibuc.ro\/en\/wp-json\/wp\/v2\/media\/25041"}],"wp:attachment":[{"href":"https:\/\/editura-unibuc.ro\/en\/wp-json\/wp\/v2\/media?parent=25040"}],"wp:term":[{"taxonomy":"product_brand","embeddable":true,"href":"https:\/\/editura-unibuc.ro\/en\/wp-json\/wp\/v2\/product_brand?post=25040"},{"taxonomy":"product_cat","embeddable":true,"href":"https:\/\/editura-unibuc.ro\/en\/wp-json\/wp\/v2\/product_cat?post=25040"},{"taxonomy":"product_tag","embeddable":true,"href":"https:\/\/editura-unibuc.ro\/en\/wp-json\/wp\/v2\/product_tag?post=25040"}],"curies":[{"name":"wp","href":"https:\/\/api.w.org\/{rel}","templated":true}]}}