{"id":2506,"date":"2012-09-20T11:49:09","date_gmt":"2012-09-20T08:49:09","guid":{"rendered":"https:\/\/editura-unibuc.ro\/?p=2506"},"modified":"2017-01-04T09:20:04","modified_gmt":"2017-01-04T07:20:04","slug":"o-traducere-inedita-a-vechiului-testament-din-secolul-al-xvi-lea","status":"publish","type":"product","link":"https:\/\/editura-unibuc.ro\/en\/o-traducere-inedita-a-vechiului-testament-din-secolul-al-xvi-lea\/","title":{"rendered":"A NEW TRANSLATION OF THE 16TH CENTURY OLD TESTAMENT"},"content":{"rendered":"<p>\u201eAutoarea a conceput volumul ca pe un instrument de lucru, dar este de relevat, f\u0103r\u0103 \u00eendoial\u0103, \u0219i caracterul s\u0103u de contribu\u021bie \u0219tiin\u021bific\u0103 \u00een domeniu, pentru c\u0103 aduce la lumin\u0103 texte deosebit de importante pentru istoria traducerilor biblice \u00een cultura noastr\u0103 \u0219i pentru studiul raporturilor acesteia cu mi\u0219c\u0103ri culturale europene ale epocii.<\/p>\n<p>Este vorba despre fragmente inedite din Regi IV, Daniel \u0219i Tobit, care nu au fost niciodat\u0103 p\u00e2n\u0103 acum studiate \u00een am\u0103nunt. Punerea \u00een rela\u021bie a acestora cu activitatea de traducere care a dus la tip\u0103rirea Paliei de la Or\u0103\u0219tie este argumentat\u0103 exemplar \u00een volumul de fa\u021b\u0103 \u0219i aceast\u0103argumentare vine s\u0103 modifice unele afirma\u021bii \u00eencet\u0103\u021benite \u00een istoria noastr\u0103 literar\u0103\u201d. (Mihai Moraru)<\/p>\n","protected":false},"excerpt":{"rendered":"<p>\u201eAutoarea a conceput volumul ca pe un instrument de lucru, dar este de relevat, f\u0103r\u0103 \u00eendoial\u0103, \u0219i caracterul s\u0103u de contribu\u021bie \u0219tiin\u021bific\u0103 \u00een domeniu, pentru c\u0103 aduce la lumin\u0103 texte deosebit de importante pentru istoria traducerilor biblice \u00een cultura noastr\u0103 \u0219i pentru studiul raporturilor acesteia cu mi\u0219c\u0103ri culturale europene ale epocii. Este vorba despre fragmente [&hellip;]<\/p>\n","protected":false},"featured_media":10838,"comment_status":"open","ping_status":"closed","template":"","meta":[],"product_brand":[],"product_cat":[1464,979],"product_tag":[1186,925],"class_list":{"0":"post-2506","1":"product","2":"type-product","3":"status-publish","4":"has-post-thumbnail","6":"product_cat-filologie","7":"product_cat-limba-romana","8":"product_tag-biblia","9":"product_tag-romana","11":"first","12":"outofstock","13":"shipping-taxable","14":"purchasable","15":"product-type-simple"},"_links":{"self":[{"href":"https:\/\/editura-unibuc.ro\/en\/wp-json\/wp\/v2\/product\/2506","targetHints":{"allow":["GET"]}}],"collection":[{"href":"https:\/\/editura-unibuc.ro\/en\/wp-json\/wp\/v2\/product"}],"about":[{"href":"https:\/\/editura-unibuc.ro\/en\/wp-json\/wp\/v2\/types\/product"}],"replies":[{"embeddable":true,"href":"https:\/\/editura-unibuc.ro\/en\/wp-json\/wp\/v2\/comments?post=2506"}],"wp:featuredmedia":[{"embeddable":true,"href":"https:\/\/editura-unibuc.ro\/en\/wp-json\/wp\/v2\/media\/10838"}],"wp:attachment":[{"href":"https:\/\/editura-unibuc.ro\/en\/wp-json\/wp\/v2\/media?parent=2506"}],"wp:term":[{"taxonomy":"product_brand","embeddable":true,"href":"https:\/\/editura-unibuc.ro\/en\/wp-json\/wp\/v2\/product_brand?post=2506"},{"taxonomy":"product_cat","embeddable":true,"href":"https:\/\/editura-unibuc.ro\/en\/wp-json\/wp\/v2\/product_cat?post=2506"},{"taxonomy":"product_tag","embeddable":true,"href":"https:\/\/editura-unibuc.ro\/en\/wp-json\/wp\/v2\/product_tag?post=2506"}],"curies":[{"name":"wp","href":"https:\/\/api.w.org\/{rel}","templated":true}]}}