{"id":25088,"date":"2019-07-05T00:22:36","date_gmt":"2019-07-04T21:22:36","guid":{"rendered":"https:\/\/editura-unibuc.ro\/?post_type=product&#038;p=25088"},"modified":"2025-08-08T12:26:45","modified_gmt":"2025-08-08T09:26:45","slug":"om-decor-obiect-incursiune-in-universul-personajului","status":"publish","type":"product","link":"https:\/\/editura-unibuc.ro\/en\/om-decor-obiect-incursiune-in-universul-personajului\/","title":{"rendered":"OM, DECOR, OBIECT. INCURSIUNE \u00ceN UNIVERSUL PERSONAJULUI"},"content":{"rendered":"<p>Volumul actual, care apar\u021bine unei serii ce cuprinde selec\u021bii ale studiilor prezentate la sesiunile de comunic\u0103ri organizate de colectivul de literatur\u0103 comparat\u0103, include urm\u0103toarele sec\u021biuni: Om, decor, obiect. Incursiune \u00een universul personajului, Seduc\u0103tori \u0219i sedu\u0219i. Jocuri, strategii, istorii, Moartea eroului.<\/p>\n","protected":false},"excerpt":{"rendered":"<p>Volumul actual, care apar\u021bine unei serii ce cuprinde selec\u021bii ale studiilor prezentate la sesiunile de comunic\u0103ri organizate de colectivul de literatur\u0103 comparat\u0103, include urm\u0103toarele sec\u021biuni: Om, decor, obiect. Incursiune \u00een universul personajului, Seduc\u0103tori \u0219i sedu\u0219i. Jocuri, strategii, istorii, Moartea eroului.<\/p>\n","protected":false},"featured_media":25089,"comment_status":"open","ping_status":"closed","template":"","meta":[],"product_brand":[],"product_cat":[1531,2724,1464,979],"product_tag":[1936,884,1937],"class_list":{"0":"post-25088","1":"product","2":"type-product","3":"status-publish","4":"has-post-thumbnail","6":"product_cat-colectii","7":"product_cat-perspective-comparatiste","8":"product_cat-filologie","9":"product_cat-limba-romana","10":"product_tag-elena-ionescu","11":"product_tag-literatura-comparata","12":"product_tag-ruxandra-iordache","14":"first","15":"outofstock","16":"shipping-taxable","17":"purchasable","18":"product-type-simple"},"_links":{"self":[{"href":"https:\/\/editura-unibuc.ro\/en\/wp-json\/wp\/v2\/product\/25088","targetHints":{"allow":["GET"]}}],"collection":[{"href":"https:\/\/editura-unibuc.ro\/en\/wp-json\/wp\/v2\/product"}],"about":[{"href":"https:\/\/editura-unibuc.ro\/en\/wp-json\/wp\/v2\/types\/product"}],"replies":[{"embeddable":true,"href":"https:\/\/editura-unibuc.ro\/en\/wp-json\/wp\/v2\/comments?post=25088"}],"wp:featuredmedia":[{"embeddable":true,"href":"https:\/\/editura-unibuc.ro\/en\/wp-json\/wp\/v2\/media\/25089"}],"wp:attachment":[{"href":"https:\/\/editura-unibuc.ro\/en\/wp-json\/wp\/v2\/media?parent=25088"}],"wp:term":[{"taxonomy":"product_brand","embeddable":true,"href":"https:\/\/editura-unibuc.ro\/en\/wp-json\/wp\/v2\/product_brand?post=25088"},{"taxonomy":"product_cat","embeddable":true,"href":"https:\/\/editura-unibuc.ro\/en\/wp-json\/wp\/v2\/product_cat?post=25088"},{"taxonomy":"product_tag","embeddable":true,"href":"https:\/\/editura-unibuc.ro\/en\/wp-json\/wp\/v2\/product_tag?post=25088"}],"curies":[{"name":"wp","href":"https:\/\/api.w.org\/{rel}","templated":true}]}}