{"id":25096,"date":"2019-07-05T00:25:05","date_gmt":"2019-07-04T21:25:05","guid":{"rendered":"https:\/\/editura-unibuc.ro\/?post_type=product&#038;p=25096"},"modified":"2024-04-10T09:53:06","modified_gmt":"2024-04-10T06:53:06","slug":"fuziunea-si-divizarea-societatilor-comerciale","status":"publish","type":"product","link":"https:\/\/editura-unibuc.ro\/en\/fuziunea-si-divizarea-societatilor-comerciale\/","title":{"rendered":"FUZIUNEA \u015eI DIVIZAREA SOCIET\u0102\u021aILOR COMERCIALE"},"content":{"rendered":"<p>Lucrarea realizeaz\u0103 o analiz\u0103 temeinic\u0103, profund\u0103 \u015fi coerent\u0103 a uneia dintre temele importante teoretic \u015fi utile sub aspect practic ale societ\u0103\u0163ilor, anume cea a regimului juridic al fuziunii, diviz\u0103rii \u0219i fuziunii transfrontaliere.<br \/>\nDincolo de perspectiva teoretic\u0103, fundamentat\u0103 pe cercetarea reglement\u0103rilor din dreptul rom\u00e2nesc, din dreptul european, din dreptul altor state membre, a doctrinei juridice rom\u00e2ne\u0219ti \u015fi str\u0103ine \u00een materie, lucrarea se distinge prin modul practic, orientat spre utilitatea juridic\u0103, prin care autoarea a \u00een\u0163eles s\u0103 \u00ee\u015fi deruleze demersul. At\u00e2t jurispruden\u0163a na\u0163ional\u0103, c\u00e2t \u015fi cea a Cur\u0163ii de Justi\u0163ie a Uniunii Europene fac astfel obiectul unui examen critic \u015fi pertinent, de natur\u0103 s\u0103 pun\u0103 \u00een lumin\u0103 elementele de specificitate ale modalit\u0103\u0163ilor de reorganizare analizate.<br \/>\nLucrarea este structurat\u0103 \u00een patru capitole, \u00een care sunt tratate fuziunea intern\u0103, divizarea intern\u0103, fuziunea transfrontalier\u0103 \u0219i efectele lor asupra drepturilor celor implica\u021bi \u00een aceste opera\u021biuni. Rezultatele cercet\u0103rii sunt reunite \u00een partea final\u0103 a lucr\u0103rii &#8211; \u201cConcluzii \u0219i propuneri <em>de lege ferenda<\/em>\u201d.<\/p>\n","protected":false},"excerpt":{"rendered":"<p>Lucrarea realizeaz\u0103 o analiz\u0103 temeinic\u0103, profund\u0103 \u015fi coerent\u0103 a uneia dintre temele importante teoretic \u015fi utile sub aspect practic ale societ\u0103\u0163ilor, anume cea a regimului juridic al fuziunii, diviz\u0103rii \u0219i fuziunii transfrontaliere. Dincolo de perspectiva teoretic\u0103, fundamentat\u0103 pe cercetarea reglement\u0103rilor din dreptul rom\u00e2nesc, din dreptul european, din dreptul altor state membre, a doctrinei juridice rom\u00e2ne\u0219ti [&hellip;]<\/p>\n","protected":false},"featured_media":25090,"comment_status":"open","ping_status":"closed","template":"","meta":[],"product_brand":[],"product_cat":[991,992],"product_tag":[3317,3318,3316,3431,3319,3315],"class_list":{"0":"post-25096","1":"product","2":"type-product","3":"status-publish","4":"has-post-thumbnail","6":"product_cat-stiinte-sociale","7":"product_cat-administratie-si-afaceri","8":"product_tag-drept-comercial-european","9":"product_tag-drept-comercial-roman","10":"product_tag-fuziuni-transfrontaliere","11":"product_tag-jurisprudenta-curtii-de-justitie-a-uniunii-europene","12":"product_tag-jurisprudenta-nationala","13":"product_tag-regimi-juridic-societati","15":"first","16":"instock","17":"shipping-taxable","18":"purchasable","19":"product-type-simple"},"_links":{"self":[{"href":"https:\/\/editura-unibuc.ro\/en\/wp-json\/wp\/v2\/product\/25096","targetHints":{"allow":["GET"]}}],"collection":[{"href":"https:\/\/editura-unibuc.ro\/en\/wp-json\/wp\/v2\/product"}],"about":[{"href":"https:\/\/editura-unibuc.ro\/en\/wp-json\/wp\/v2\/types\/product"}],"replies":[{"embeddable":true,"href":"https:\/\/editura-unibuc.ro\/en\/wp-json\/wp\/v2\/comments?post=25096"}],"wp:featuredmedia":[{"embeddable":true,"href":"https:\/\/editura-unibuc.ro\/en\/wp-json\/wp\/v2\/media\/25090"}],"wp:attachment":[{"href":"https:\/\/editura-unibuc.ro\/en\/wp-json\/wp\/v2\/media?parent=25096"}],"wp:term":[{"taxonomy":"product_brand","embeddable":true,"href":"https:\/\/editura-unibuc.ro\/en\/wp-json\/wp\/v2\/product_brand?post=25096"},{"taxonomy":"product_cat","embeddable":true,"href":"https:\/\/editura-unibuc.ro\/en\/wp-json\/wp\/v2\/product_cat?post=25096"},{"taxonomy":"product_tag","embeddable":true,"href":"https:\/\/editura-unibuc.ro\/en\/wp-json\/wp\/v2\/product_tag?post=25096"}],"curies":[{"name":"wp","href":"https:\/\/api.w.org\/{rel}","templated":true}]}}