{"id":25099,"date":"2019-07-05T00:30:33","date_gmt":"2019-07-04T21:30:33","guid":{"rendered":"https:\/\/editura-unibuc.ro\/?post_type=product&#038;p=25099"},"modified":"2019-07-05T00:30:35","modified_gmt":"2019-07-04T21:30:35","slug":"plasticitate-si-materialitate-in-legatoria-medievala-romaneasca","status":"publish","type":"product","link":"https:\/\/editura-unibuc.ro\/en\/plasticitate-si-materialitate-in-legatoria-medievala-romaneasca\/","title":{"rendered":"PLASTICITATE \u0218I MATERIALITATE \u00ceN LEG\u0102TORIA MEDIEVAL\u0102 ROM\u00c2NEASC\u0102"},"content":{"rendered":"<p>\u00cen perioada Evului Mediu rom\u00e2nesc s-a manifestat un interes special at\u00e2t pentru cartea ferecat\u01ce c\u00e2t \u015fi pentru cartea legat\u01ce \u00een piele, ambele concepute s\u01ce transmit\u0103 un mesaj cu caracter cultic, drept pentru care \u00eens\u01ce\u015fi leg\u01cetura cap\u01cet\u0103 atributul sacralit\u0103\u0163ii. Prin urmare, leg\u0103toria de carte nu este un simplu artificiu de decorare a unei suprafe\u0163e de c\u00e2\u0163iva centimetri p\u0103tra\u0163i \u015fi nici simplu me\u015fte\u015fug de a executa o protec\u0163ie unui bloc de file, ci un program estetic de sorginte bizantin\u0103 integrat admirabil din punct de vedere iconografic \u00een discursul marilor crea\u0163ii din spectrul picturii \u015fi arhitecturii biserice\u015fti. Aceast\u0103 rela\u0163ionare \u00eentre carte, cititor (slujitor) \u015fi edificiu rezult\u0103 \u015fi din gestul comanditarilor, domni, boieri, mitropoli\u021bi \u0219i al\u021bi binevoitori \u015ftiu\u0163i \u015fi ne\u015ftiu\u0163i, care au avut meritul de a se \u201eamesteca pe l\u00e2ng\u0103 me\u0219te\u0219ugul artistului\u201d, cu o anumit\u0103 \u0219tiin\u021b\u0103, pentru c\u0103 \u201edomnii no\u0219tri \u2013 spune Nicolae Iorga \u2013 nu primeau orice, ci cereau argintarilor anumite lucruri\u201d&#8230; Calit\u0103\u0163ile indiscutabile ale acestor crea\u0163ii care \u00eembrac\u0103 volume scrise \u015fi tip\u0103rite cu litere chirilice \u015fi greu accesibile azi reprezint\u0103 at\u00e2t pentru cercet\u0103tori c\u00e2t \u015fi pentru amatorul de carte un r\u0103gaz de cunoa\u015ftere \u015fi medita\u0163ie.<br \/>\n\u00cen capitolele acestui volum sunt relevate considera\u0163ii etimologice, principii folosite \u00een evaluarea critic\u0103 a leg\u0103turilor de carte, func\u0163ii ale leg\u0103turilor, repere istorice \u015fi estetice, date \u015fi observa\u0163ii menite s\u0103 eviden\u0163ieze stiluri, s\u0103 fac\u0103 cunoscu\u0163i me\u015fteri, s\u0103 identifice \u015fi s\u0103 argumenteze scheme compozi\u0163ionale specifice. \u00cen lumina acestor analize se configureaz\u0103 ideea c\u0103 leg\u0103toria de carte de la noi \u00ee\u015fi are propriul stil pe care \u00eel numim <em>stil rom\u00e2nesc<\/em>.<\/p>\n","protected":false},"excerpt":{"rendered":"<p>\u00cen perioada Evului Mediu rom\u00e2nesc s-a manifestat un interes special at\u00e2t pentru cartea ferecat\u01ce c\u00e2t \u015fi pentru cartea legat\u01ce \u00een piele, ambele concepute s\u01ce transmit\u0103 un mesaj cu caracter cultic, drept pentru care \u00eens\u01ce\u015fi leg\u01cetura cap\u01cet\u0103 atributul sacralit\u0103\u0163ii. Prin urmare, leg\u0103toria de carte nu este un simplu artificiu de decorare a unei suprafe\u0163e de c\u00e2\u0163iva [&hellip;]<\/p>\n","protected":false},"featured_media":25091,"comment_status":"open","ping_status":"closed","template":"","meta":[],"product_brand":[],"product_cat":[1531,2597,991,999],"product_tag":[3325,3326,3327],"class_list":{"0":"post-25099","1":"product","2":"type-product","3":"status-publish","4":"has-post-thumbnail","6":"product_cat-colectii","7":"product_cat-studia-theologica","8":"product_cat-stiinte-sociale","9":"product_cat-teologie","10":"product_tag-carte","11":"product_tag-ev-mediu","12":"product_tag-ferecatura","14":"first","15":"instock","16":"shipping-taxable","17":"purchasable","18":"product-type-simple"},"_links":{"self":[{"href":"https:\/\/editura-unibuc.ro\/en\/wp-json\/wp\/v2\/product\/25099","targetHints":{"allow":["GET"]}}],"collection":[{"href":"https:\/\/editura-unibuc.ro\/en\/wp-json\/wp\/v2\/product"}],"about":[{"href":"https:\/\/editura-unibuc.ro\/en\/wp-json\/wp\/v2\/types\/product"}],"replies":[{"embeddable":true,"href":"https:\/\/editura-unibuc.ro\/en\/wp-json\/wp\/v2\/comments?post=25099"}],"wp:featuredmedia":[{"embeddable":true,"href":"https:\/\/editura-unibuc.ro\/en\/wp-json\/wp\/v2\/media\/25091"}],"wp:attachment":[{"href":"https:\/\/editura-unibuc.ro\/en\/wp-json\/wp\/v2\/media?parent=25099"}],"wp:term":[{"taxonomy":"product_brand","embeddable":true,"href":"https:\/\/editura-unibuc.ro\/en\/wp-json\/wp\/v2\/product_brand?post=25099"},{"taxonomy":"product_cat","embeddable":true,"href":"https:\/\/editura-unibuc.ro\/en\/wp-json\/wp\/v2\/product_cat?post=25099"},{"taxonomy":"product_tag","embeddable":true,"href":"https:\/\/editura-unibuc.ro\/en\/wp-json\/wp\/v2\/product_tag?post=25099"}],"curies":[{"name":"wp","href":"https:\/\/api.w.org\/{rel}","templated":true}]}}