{"id":25142,"date":"2019-07-13T09:47:07","date_gmt":"2019-07-13T06:47:07","guid":{"rendered":"https:\/\/editura-unibuc.ro\/?post_type=product&#038;p=25142"},"modified":"2025-05-08T11:37:05","modified_gmt":"2025-05-08T08:37:05","slug":"flavius-arrianus-si-cea-de-a-doua-sofistica-o-perspectiva-asupra-intelectualilor-greci-in-secolul-al-ii-lea-p-chr","status":"publish","type":"product","link":"https:\/\/editura-unibuc.ro\/en\/flavius-arrianus-si-cea-de-a-doua-sofistica-o-perspectiva-asupra-intelectualilor-greci-in-secolul-al-ii-lea-p-chr\/","title":{"rendered":"FLAVIUS ARRIANUS \u0218I CEA DE-A DOUA SOFISTIC\u0102: O PERSPECTIV\u0102 ASUPRA INTELECTUALILOR GRECI \u00ceN SECOLUL AL II-LEA P. CHR."},"content":{"rendered":"<hr \/>\n<p><strong><a href=\"https:\/\/books.google.ro\/books\/about?id=O_JaEAAAQBAJ&#038;redir_esc=y\" target=\"_blank\" rel=\"noopener\"><img decoding=\"async\" src=\"https:\/\/editura-unibuc.ro\/wp-content\/uploads\/2025\/04\/goo.png\" \/>Google Books<\/a><\/strong><br \/>&nbsp;<\/p>\n<hr \/>\n<p>Inova\u021bia demersului propus const\u0103 \u00een rela\u021bionarea aspectelor biografice \u0219i preferin\u021belor tematice ale lui Arrianus cu tendin\u021bele recurente printre reprezentan\u021bii celei de-a doua sofistici.<\/p>\n","protected":false},"excerpt":{"rendered":"<p>Google Books&nbsp; Inova\u021bia demersului propus const\u0103 \u00een rela\u021bionarea aspectelor biografice \u0219i preferin\u021belor tematice ale lui Arrianus cu tendin\u021bele recurente printre reprezentan\u021bii celei de-a doua sofistici.<\/p>\n","protected":false},"featured_media":25145,"comment_status":"open","ping_status":"closed","template":"","meta":[],"product_brand":[],"product_cat":[1531,856,1464,980,991,994],"product_tag":[942,3328,1373],"class_list":{"0":"post-25142","1":"product","2":"type-product","3":"status-publish","4":"has-post-thumbnail","6":"product_cat-colectii","7":"product_cat-colectia-lci-limbi-culturi-identitati","8":"product_cat-filologie","9":"product_cat-limbi-romanice-clasice-si-orientale","10":"product_cat-stiinte-sociale","11":"product_cat-filosofie","12":"product_tag-antichitate","13":"product_tag-filosofi-antici","14":"product_tag-imperiul-roman","16":"first","17":"instock","18":"shipping-taxable","19":"purchasable","20":"product-type-simple"},"_links":{"self":[{"href":"https:\/\/editura-unibuc.ro\/en\/wp-json\/wp\/v2\/product\/25142","targetHints":{"allow":["GET"]}}],"collection":[{"href":"https:\/\/editura-unibuc.ro\/en\/wp-json\/wp\/v2\/product"}],"about":[{"href":"https:\/\/editura-unibuc.ro\/en\/wp-json\/wp\/v2\/types\/product"}],"replies":[{"embeddable":true,"href":"https:\/\/editura-unibuc.ro\/en\/wp-json\/wp\/v2\/comments?post=25142"}],"wp:featuredmedia":[{"embeddable":true,"href":"https:\/\/editura-unibuc.ro\/en\/wp-json\/wp\/v2\/media\/25145"}],"wp:attachment":[{"href":"https:\/\/editura-unibuc.ro\/en\/wp-json\/wp\/v2\/media?parent=25142"}],"wp:term":[{"taxonomy":"product_brand","embeddable":true,"href":"https:\/\/editura-unibuc.ro\/en\/wp-json\/wp\/v2\/product_brand?post=25142"},{"taxonomy":"product_cat","embeddable":true,"href":"https:\/\/editura-unibuc.ro\/en\/wp-json\/wp\/v2\/product_cat?post=25142"},{"taxonomy":"product_tag","embeddable":true,"href":"https:\/\/editura-unibuc.ro\/en\/wp-json\/wp\/v2\/product_tag?post=25142"}],"curies":[{"name":"wp","href":"https:\/\/api.w.org\/{rel}","templated":true}]}}