{"id":25151,"date":"2019-07-13T09:48:45","date_gmt":"2019-07-13T06:48:45","guid":{"rendered":"https:\/\/editura-unibuc.ro\/?post_type=product&#038;p=25151"},"modified":"2019-11-26T16:15:15","modified_gmt":"2019-11-26T14:15:15","slug":"studii-in-hermeneutica-pre-judicativa-si-meontologie-vol-3","status":"publish","type":"product","link":"https:\/\/editura-unibuc.ro\/en\/studii-in-hermeneutica-pre-judicativa-si-meontologie-vol-3\/","title":{"rendered":"STUDII \u00ceN HERMENEUTIC\u0102 PRE-JUDICATIV\u0102 \u0218I MEONTOLOGIE, VOL.3"},"content":{"rendered":"<p>Cercet\u0103rile nonjudicativului \u0219i pre-judicativului ocup\u0103 un spa\u021biu important \u00een filosofia contemporan\u0103 \u0219i pentru c\u0103 ele presupun colaborarea mai multor discipline filosofice \u0219i \u0219tiin\u021bifice.<\/p>\n","protected":false},"excerpt":{"rendered":"<p>Cercet\u0103rile nonjudicativului \u0219i pre-judicativului ocup\u0103 un spa\u021biu important \u00een filosofia contemporan\u0103 \u0219i pentru c\u0103 ele presupun colaborarea mai multor discipline filosofice \u0219i \u0219tiin\u021bifice.<\/p>\n","protected":false},"featured_media":25149,"comment_status":"open","ping_status":"closed","template":"","meta":[],"product_brand":[],"product_cat":[991,994],"product_tag":[2378,3330,3329],"class_list":{"0":"post-25151","1":"product","2":"type-product","3":"status-publish","4":"has-post-thumbnail","6":"product_cat-stiinte-sociale","7":"product_cat-filosofie","8":"product_tag-hermeneutica","9":"product_tag-judecati-teologice","10":"product_tag-natura-artei","12":"first","13":"instock","14":"shipping-taxable","15":"purchasable","16":"product-type-simple"},"_links":{"self":[{"href":"https:\/\/editura-unibuc.ro\/en\/wp-json\/wp\/v2\/product\/25151","targetHints":{"allow":["GET"]}}],"collection":[{"href":"https:\/\/editura-unibuc.ro\/en\/wp-json\/wp\/v2\/product"}],"about":[{"href":"https:\/\/editura-unibuc.ro\/en\/wp-json\/wp\/v2\/types\/product"}],"replies":[{"embeddable":true,"href":"https:\/\/editura-unibuc.ro\/en\/wp-json\/wp\/v2\/comments?post=25151"}],"wp:featuredmedia":[{"embeddable":true,"href":"https:\/\/editura-unibuc.ro\/en\/wp-json\/wp\/v2\/media\/25149"}],"wp:attachment":[{"href":"https:\/\/editura-unibuc.ro\/en\/wp-json\/wp\/v2\/media?parent=25151"}],"wp:term":[{"taxonomy":"product_brand","embeddable":true,"href":"https:\/\/editura-unibuc.ro\/en\/wp-json\/wp\/v2\/product_brand?post=25151"},{"taxonomy":"product_cat","embeddable":true,"href":"https:\/\/editura-unibuc.ro\/en\/wp-json\/wp\/v2\/product_cat?post=25151"},{"taxonomy":"product_tag","embeddable":true,"href":"https:\/\/editura-unibuc.ro\/en\/wp-json\/wp\/v2\/product_tag?post=25151"}],"curies":[{"name":"wp","href":"https:\/\/api.w.org\/{rel}","templated":true}]}}